{"id":57318,"date":"2025-10-14T12:21:14","date_gmt":"2025-10-14T15:21:14","guid":{"rendered":"https:\/\/rms-enlinea.com.ar\/tienda\/producto\/water-cooling-corsair-nautilus-x3-cpu-cooler-360mm-rs-lcd-2\/"},"modified":"2026-04-02T18:51:12","modified_gmt":"2026-04-02T21:51:12","slug":"water-cooling-corsair-nautilus-x3-cpu-cooler-360mm-rs-lcd-2","status":"publish","type":"product","link":"https:\/\/rms-enlinea.com.ar\/tienda\/producto\/water-cooling-corsair-nautilus-x3-cpu-cooler-360mm-rs-lcd-2\/","title":{"rendered":"Water Cooling Corsair Nautilus X3 Cpu Cooler 360mm Rs Lcd"},"content":{"rendered":"<p>Longitud del producto\t396 mm<br \/>Ancho del producto\t125 mm<br \/>Altura del producto\t125 mm<br \/>Iluminaci\u00f3n\tNinguna<br \/>Procesadores AMD compatibles\tRyzen, Serie A<br \/>Procesadores Intel compatibles\tCore i9, i7, i5, i3, Pentium, Celeron<br \/>M\u00e9todo de control del ventilador\tModulaci\u00f3n por ancho de pulsos (PWM)<br \/>Longitud de la tuber\u00eda\t450 mm<br \/>Nivel de ruido\t10 &#8211; 36 dBA<br \/>Tama\u00f1o del radiador\t360 mm<br \/>Soporte de z\u00f3calo de refrigeraci\u00f3n\tIntel 1851, Intel 1700, AMD AM5, AMD AM4<br \/>PWM (Modulaci\u00f3n por ancho de pulsos)\tS\u00ed<br \/>Velocidad del ventilador\t2100 RPM<br \/>Material de la placa fr\u00eda\tCobre<br \/>N\u00famero de ventiladores\t3<br \/>Material del radiador\tAluminio<br \/>Peso\t2,389 kilogramos<br \/>Flujo de aire del ventilador\t13,3 &#8211; 72,8 CFM<br \/>Modelo de ventilador\tEst\u00e1ndar<br \/>Presi\u00f3n est\u00e1tica del ventilador\t0,2 \u2013 4,15 mm-<\/p>\n","protected":false},"excerpt":{"rendered":"<p>Longitud del producto 396 mmAncho del producto 125 mmAltura del producto 125 mmIluminaci\u00f3n NingunaProcesadores AMD compatibles Ryzen, Serie AProcesadores Intel compatibles Core i9, i7, i5, i3, Pentium, CeleronM\u00e9todo de control del ventilador Modulaci\u00f3n por ancho de pulsos (PWM)Longitud de la tuber\u00eda 450 mmNivel de ruido 10 &#8211; 36 dBATama\u00f1o del radiador 360 mmSoporte de z\u00f3calo [&hellip;]<\/p>\n","protected":false},"featured_media":57319,"comment_status":"open","ping_status":"closed","template":"","meta":{"_uag_custom_page_level_css":""},"product_brand":[555],"product_cat":[105],"product_tag":[],"class_list":{"0":"post-57318","1":"product","2":"type-product","3":"status-publish","4":"has-post-thumbnail","6":"product_brand-corsair","7":"product_cat-cooler-y-sistemas-de-refrigeracion","9":"first","10":"outofstock","11":"sale","12":"taxable","13":"shipping-taxable","14":"purchasable","15":"product-type-simple"},"uagb_featured_image_src":{"full":["https:\/\/rms-enlinea.com.ar\/wp-content\/uploads\/2025\/10\/D_894526-MLA95092128255_102025-F.jpg",1199,492,false],"thumbnail":["https:\/\/rms-enlinea.com.ar\/wp-content\/uploads\/2025\/10\/D_894526-MLA95092128255_102025-F-150x150.jpg",150,150,true],"medium":["https:\/\/rms-enlinea.com.ar\/wp-content\/uploads\/2025\/10\/D_894526-MLA95092128255_102025-F-300x123.jpg",300,123,true],"medium_large":["https:\/\/rms-enlinea.com.ar\/wp-content\/uploads\/2025\/10\/D_894526-MLA95092128255_102025-F-768x315.jpg",768,315,true],"large":["https:\/\/rms-enlinea.com.ar\/wp-content\/uploads\/2025\/10\/D_894526-MLA95092128255_102025-F-1024x420.jpg",1024,420,true],"1536x1536":["https:\/\/rms-enlinea.com.ar\/wp-content\/uploads\/2025\/10\/D_894526-MLA95092128255_102025-F.jpg",1199,492,false],"2048x2048":["https:\/\/rms-enlinea.com.ar\/wp-content\/uploads\/2025\/10\/D_894526-MLA95092128255_102025-F.jpg",1199,492,false],"woocommerce_thumbnail":["https:\/\/rms-enlinea.com.ar\/wp-content\/uploads\/2025\/10\/D_894526-MLA95092128255_102025-F-450x450.jpg",450,450,true],"woocommerce_single":["https:\/\/rms-enlinea.com.ar\/wp-content\/uploads\/2025\/10\/D_894526-MLA95092128255_102025-F-600x246.jpg",600,246,true],"woocommerce_gallery_thumbnail":["https:\/\/rms-enlinea.com.ar\/wp-content\/uploads\/2025\/10\/D_894526-MLA95092128255_102025-F-100x100.jpg",100,100,true]},"uagb_author_info":{"display_name":"nelson","author_link":"https:\/\/rms-enlinea.com.ar\/tienda\/author\/"},"uagb_comment_info":0,"uagb_excerpt":"Longitud del producto 396 mmAncho del producto 125 mmAltura del producto 125 mmIluminaci\u00f3n NingunaProcesadores AMD compatibles Ryzen, Serie AProcesadores Intel compatibles Core i9, i7, i5, i3, Pentium, CeleronM\u00e9todo de control del ventilador Modulaci\u00f3n por ancho de pulsos (PWM)Longitud de la tuber\u00eda 450 mmNivel de ruido 10 &#8211; 36 dBATama\u00f1o del radiador 360 mmSoporte de z\u00f3calo&hellip;","_links":{"self":[{"href":"https:\/\/rms-enlinea.com.ar\/tienda\/wp-json\/wp\/v2\/product\/57318","targetHints":{"allow":["GET"]}}],"collection":[{"href":"https:\/\/rms-enlinea.com.ar\/tienda\/wp-json\/wp\/v2\/product"}],"about":[{"href":"https:\/\/rms-enlinea.com.ar\/tienda\/wp-json\/wp\/v2\/types\/product"}],"replies":[{"embeddable":true,"href":"https:\/\/rms-enlinea.com.ar\/tienda\/wp-json\/wp\/v2\/comments?post=57318"}],"wp:featuredmedia":[{"embeddable":true,"href":"https:\/\/rms-enlinea.com.ar\/tienda\/wp-json\/wp\/v2\/media\/57319"}],"wp:attachment":[{"href":"https:\/\/rms-enlinea.com.ar\/tienda\/wp-json\/wp\/v2\/media?parent=57318"}],"wp:term":[{"taxonomy":"product_brand","embeddable":true,"href":"https:\/\/rms-enlinea.com.ar\/tienda\/wp-json\/wp\/v2\/product_brand?post=57318"},{"taxonomy":"product_cat","embeddable":true,"href":"https:\/\/rms-enlinea.com.ar\/tienda\/wp-json\/wp\/v2\/product_cat?post=57318"},{"taxonomy":"product_tag","embeddable":true,"href":"https:\/\/rms-enlinea.com.ar\/tienda\/wp-json\/wp\/v2\/product_tag?post=57318"}],"curies":[{"name":"wp","href":"https:\/\/api.w.org\/{rel}","templated":true}]}}