{"id":57331,"date":"2025-10-14T12:21:45","date_gmt":"2025-10-14T15:21:45","guid":{"rendered":"https:\/\/rms-enlinea.com.ar\/tienda\/producto\/water-cooling-corsair-nautilus-x2-cpu-cooler-240mm-rs-lcd-2\/"},"modified":"2026-02-18T20:58:11","modified_gmt":"2026-02-18T23:58:11","slug":"water-cooling-corsair-nautilus-x2-cpu-cooler-240mm-rs-lcd-2","status":"publish","type":"product","link":"https:\/\/rms-enlinea.com.ar\/tienda\/producto\/water-cooling-corsair-nautilus-x2-cpu-cooler-240mm-rs-lcd-2\/","title":{"rendered":"Water Cooling Corsair Nautilus X2 Cpu Cooler 240mm Rs Lcd"},"content":{"rendered":"<p>Longitud del producto<\/p>\n<p>275<\/p>\n<p>Ancho del producto<\/p>\n<p>125<\/p>\n<p>Altura del producto<\/p>\n<p>125<\/p>\n<p>Iluminaci\u00f3n<\/p>\n<p>NINGUNO<\/p>\n<p>Procesadores AMD compatibles<\/p>\n<p>Ryzen, Serie A<\/p>\n<p>Procesadores Intel compatibles<\/p>\n<p>Core i9, i7, i5, i3, Pentium, Celeron<\/p>\n<p>M\u00e9todo de control del ventilador<\/p>\n<p>modulaci\u00f3n por ancho de pulsos (PWM)<\/p>\n<p>Longitud de la tuber\u00eda<\/p>\n<p>400 mm<\/p>\n<p>Nivel de ruido<\/p>\n<p>10-36 dBA<\/p>\n<p>Tama\u00f1o del radiador<\/p>\n<p>240 mm<\/p>\n<p>Soporte de z\u00f3calo de refrigeraci\u00f3n<\/p>\n<p>Intel 1851, Intel 1700, AMD AM5, AMD AM4<\/p>\n<p>Modulaci\u00f3n por ancho de pulsos (PWM)<\/p>\n<p>S\u00ed<\/p>\n<p>Velocidad del ventilador<\/p>\n<p>2100 RPM<\/p>\n<p>Material de placa fr\u00eda<\/p>\n<p>Cobre<\/p>\n<p>N\u00famero de fans<\/p>\n<p>2<\/p>\n<p>Material del radiador<\/p>\n<p>Aluminio<\/p>\n<p>Peso<\/p>\n<p>1.818 kg<\/p>\n<p>Flujo de aire del ventilador<\/p>\n<p>13,3 &#8211; 72,8 CFM<\/p>\n<p>Modelo de ventilador<\/p>\n<p>Est\u00e1ndar<\/p>\n<p>Presi\u00f3n est\u00e1tica del ventilador<\/p>\n<p>0,2 \u2013 4,15 mm<\/p>\n","protected":false},"excerpt":{"rendered":"<p>Longitud del producto 275 Ancho del producto 125 Altura del producto 125 Iluminaci\u00f3n NINGUNO Procesadores AMD compatibles Ryzen, Serie A Procesadores Intel compatibles Core i9, i7, i5, i3, Pentium, Celeron M\u00e9todo de control del ventilador modulaci\u00f3n por ancho de pulsos (PWM) Longitud de la tuber\u00eda 400 mm Nivel de ruido 10-36 dBA Tama\u00f1o del radiador [&hellip;]<\/p>\n","protected":false},"featured_media":57332,"comment_status":"open","ping_status":"closed","template":"","meta":{"_uag_custom_page_level_css":""},"product_brand":[555],"product_cat":[105],"product_tag":[],"class_list":{"0":"post-57331","1":"product","2":"type-product","3":"status-publish","4":"has-post-thumbnail","6":"product_brand-corsair","7":"product_cat-cooler-y-sistemas-de-refrigeracion","9":"first","10":"outofstock","11":"sale","12":"taxable","13":"shipping-taxable","14":"purchasable","15":"product-type-simple"},"uagb_featured_image_src":{"full":["https:\/\/rms-enlinea.com.ar\/wp-content\/uploads\/2025\/10\/D_611324-MLA95092800231_102025-F.jpg",1199,602,false],"thumbnail":["https:\/\/rms-enlinea.com.ar\/wp-content\/uploads\/2025\/10\/D_611324-MLA95092800231_102025-F-150x150.jpg",150,150,true],"medium":["https:\/\/rms-enlinea.com.ar\/wp-content\/uploads\/2025\/10\/D_611324-MLA95092800231_102025-F-300x151.jpg",300,151,true],"medium_large":["https:\/\/rms-enlinea.com.ar\/wp-content\/uploads\/2025\/10\/D_611324-MLA95092800231_102025-F-768x386.jpg",768,386,true],"large":["https:\/\/rms-enlinea.com.ar\/wp-content\/uploads\/2025\/10\/D_611324-MLA95092800231_102025-F-1024x514.jpg",1024,514,true],"1536x1536":["https:\/\/rms-enlinea.com.ar\/wp-content\/uploads\/2025\/10\/D_611324-MLA95092800231_102025-F.jpg",1199,602,false],"2048x2048":["https:\/\/rms-enlinea.com.ar\/wp-content\/uploads\/2025\/10\/D_611324-MLA95092800231_102025-F.jpg",1199,602,false],"woocommerce_thumbnail":["https:\/\/rms-enlinea.com.ar\/wp-content\/uploads\/2025\/10\/D_611324-MLA95092800231_102025-F-450x450.jpg",450,450,true],"woocommerce_single":["https:\/\/rms-enlinea.com.ar\/wp-content\/uploads\/2025\/10\/D_611324-MLA95092800231_102025-F-600x301.jpg",600,301,true],"woocommerce_gallery_thumbnail":["https:\/\/rms-enlinea.com.ar\/wp-content\/uploads\/2025\/10\/D_611324-MLA95092800231_102025-F-100x100.jpg",100,100,true]},"uagb_author_info":{"display_name":"nelson","author_link":"https:\/\/rms-enlinea.com.ar\/tienda\/author\/"},"uagb_comment_info":0,"uagb_excerpt":"Longitud del producto 275 Ancho del producto 125 Altura del producto 125 Iluminaci\u00f3n NINGUNO Procesadores AMD compatibles Ryzen, Serie A Procesadores Intel compatibles Core i9, i7, i5, i3, Pentium, Celeron M\u00e9todo de control del ventilador modulaci\u00f3n por ancho de pulsos (PWM) Longitud de la tuber\u00eda 400 mm Nivel de ruido 10-36 dBA Tama\u00f1o del radiador&hellip;","_links":{"self":[{"href":"https:\/\/rms-enlinea.com.ar\/tienda\/wp-json\/wp\/v2\/product\/57331","targetHints":{"allow":["GET"]}}],"collection":[{"href":"https:\/\/rms-enlinea.com.ar\/tienda\/wp-json\/wp\/v2\/product"}],"about":[{"href":"https:\/\/rms-enlinea.com.ar\/tienda\/wp-json\/wp\/v2\/types\/product"}],"replies":[{"embeddable":true,"href":"https:\/\/rms-enlinea.com.ar\/tienda\/wp-json\/wp\/v2\/comments?post=57331"}],"wp:featuredmedia":[{"embeddable":true,"href":"https:\/\/rms-enlinea.com.ar\/tienda\/wp-json\/wp\/v2\/media\/57332"}],"wp:attachment":[{"href":"https:\/\/rms-enlinea.com.ar\/tienda\/wp-json\/wp\/v2\/media?parent=57331"}],"wp:term":[{"taxonomy":"product_brand","embeddable":true,"href":"https:\/\/rms-enlinea.com.ar\/tienda\/wp-json\/wp\/v2\/product_brand?post=57331"},{"taxonomy":"product_cat","embeddable":true,"href":"https:\/\/rms-enlinea.com.ar\/tienda\/wp-json\/wp\/v2\/product_cat?post=57331"},{"taxonomy":"product_tag","embeddable":true,"href":"https:\/\/rms-enlinea.com.ar\/tienda\/wp-json\/wp\/v2\/product_tag?post=57331"}],"curies":[{"name":"wp","href":"https:\/\/api.w.org\/{rel}","templated":true}]}}