{"id":57344,"date":"2025-10-15T04:00:07","date_gmt":"2025-10-15T07:00:07","guid":{"rendered":"https:\/\/rms-enlinea.com.ar\/tienda\/producto\/teclado-bluetooth-logitech-pebble-keys-2-k380s-grafito-idioma-espanol\/"},"modified":"2026-03-17T17:42:30","modified_gmt":"2026-03-17T20:42:30","slug":"teclado-bluetooth-logitech-pebble-keys-2-k380s-grafito-idioma-espanol","status":"publish","type":"product","link":"https:\/\/rms-enlinea.com.ar\/tienda\/producto\/teclado-bluetooth-logitech-pebble-keys-2-k380s-grafito-idioma-espanol\/","title":{"rendered":"Teclado Bluetooth Logitech Pebble Keys 2 K380s Grafito Idioma Espa\u00f1ol"},"content":{"rendered":"<p>Innovadores en dise\u00f1o y tecnolog\u00eda, Logitech se encarga de brindar la mejor experiencia de uso para sus usuarios. Sus teclados resaltan por ser resistentes y muy de buena calidad, por lo que podr\u00e1s disfrutarlos por un largo tiempo.<\/p>\n","protected":false},"excerpt":{"rendered":"<p>Innovadores en dise\u00f1o y tecnolog\u00eda, Logitech se encarga de brindar la mejor experiencia de uso para sus usuarios. Sus teclados resaltan por ser resistentes y muy de buena calidad, por lo que podr\u00e1s disfrutarlos por un largo tiempo.<\/p>\n","protected":false},"featured_media":57345,"comment_status":"open","ping_status":"closed","template":"","meta":{"_uag_custom_page_level_css":""},"product_brand":[549],"product_cat":[125],"product_tag":[],"class_list":{"0":"post-57344","1":"product","2":"type-product","3":"status-publish","4":"has-post-thumbnail","6":"product_brand-logitech","7":"product_cat-teclados-y-mouses","9":"first","10":"outofstock","11":"sale","12":"taxable","13":"shipping-taxable","14":"purchasable","15":"product-type-simple"},"uagb_featured_image_src":{"full":["https:\/\/rms-enlinea.com.ar\/wp-content\/uploads\/2025\/10\/D_659423-MLA94699340334_102025-F.jpg",1200,584,false],"thumbnail":["https:\/\/rms-enlinea.com.ar\/wp-content\/uploads\/2025\/10\/D_659423-MLA94699340334_102025-F-150x150.jpg",150,150,true],"medium":["https:\/\/rms-enlinea.com.ar\/wp-content\/uploads\/2025\/10\/D_659423-MLA94699340334_102025-F-300x146.jpg",300,146,true],"medium_large":["https:\/\/rms-enlinea.com.ar\/wp-content\/uploads\/2025\/10\/D_659423-MLA94699340334_102025-F-768x374.jpg",768,374,true],"large":["https:\/\/rms-enlinea.com.ar\/wp-content\/uploads\/2025\/10\/D_659423-MLA94699340334_102025-F-1024x498.jpg",1024,498,true],"1536x1536":["https:\/\/rms-enlinea.com.ar\/wp-content\/uploads\/2025\/10\/D_659423-MLA94699340334_102025-F.jpg",1200,584,false],"2048x2048":["https:\/\/rms-enlinea.com.ar\/wp-content\/uploads\/2025\/10\/D_659423-MLA94699340334_102025-F.jpg",1200,584,false],"woocommerce_thumbnail":["https:\/\/rms-enlinea.com.ar\/wp-content\/uploads\/2025\/10\/D_659423-MLA94699340334_102025-F-450x450.jpg",450,450,true],"woocommerce_single":["https:\/\/rms-enlinea.com.ar\/wp-content\/uploads\/2025\/10\/D_659423-MLA94699340334_102025-F-600x292.jpg",600,292,true],"woocommerce_gallery_thumbnail":["https:\/\/rms-enlinea.com.ar\/wp-content\/uploads\/2025\/10\/D_659423-MLA94699340334_102025-F-100x100.jpg",100,100,true]},"uagb_author_info":{"display_name":"nelson","author_link":"https:\/\/rms-enlinea.com.ar\/tienda\/author\/"},"uagb_comment_info":0,"uagb_excerpt":"Innovadores en dise\u00f1o y tecnolog\u00eda, Logitech se encarga de brindar la mejor experiencia de uso para sus usuarios. Sus teclados resaltan por ser resistentes y muy de buena calidad, por lo que podr\u00e1s disfrutarlos por un largo tiempo.","_links":{"self":[{"href":"https:\/\/rms-enlinea.com.ar\/tienda\/wp-json\/wp\/v2\/product\/57344","targetHints":{"allow":["GET"]}}],"collection":[{"href":"https:\/\/rms-enlinea.com.ar\/tienda\/wp-json\/wp\/v2\/product"}],"about":[{"href":"https:\/\/rms-enlinea.com.ar\/tienda\/wp-json\/wp\/v2\/types\/product"}],"replies":[{"embeddable":true,"href":"https:\/\/rms-enlinea.com.ar\/tienda\/wp-json\/wp\/v2\/comments?post=57344"}],"wp:featuredmedia":[{"embeddable":true,"href":"https:\/\/rms-enlinea.com.ar\/tienda\/wp-json\/wp\/v2\/media\/57345"}],"wp:attachment":[{"href":"https:\/\/rms-enlinea.com.ar\/tienda\/wp-json\/wp\/v2\/media?parent=57344"}],"wp:term":[{"taxonomy":"product_brand","embeddable":true,"href":"https:\/\/rms-enlinea.com.ar\/tienda\/wp-json\/wp\/v2\/product_brand?post=57344"},{"taxonomy":"product_cat","embeddable":true,"href":"https:\/\/rms-enlinea.com.ar\/tienda\/wp-json\/wp\/v2\/product_cat?post=57344"},{"taxonomy":"product_tag","embeddable":true,"href":"https:\/\/rms-enlinea.com.ar\/tienda\/wp-json\/wp\/v2\/product_tag?post=57344"}],"curies":[{"name":"wp","href":"https:\/\/api.w.org\/{rel}","templated":true}]}}