{"id":57350,"date":"2025-10-15T18:00:23","date_gmt":"2025-10-15T21:00:23","guid":{"rendered":"https:\/\/rms-enlinea.com.ar\/tienda\/producto\/extensor-wifi-indoor-deco-x60-pack-de-1-mesh-tp-link-ax5400\/"},"modified":"2026-04-21T05:16:21","modified_gmt":"2026-04-21T08:16:21","slug":"extensor-wifi-indoor-deco-x60-pack-de-1-mesh-tp-link-ax5400","status":"publish","type":"product","link":"https:\/\/rms-enlinea.com.ar\/tienda\/producto\/extensor-wifi-indoor-deco-x60-pack-de-1-mesh-tp-link-ax5400\/","title":{"rendered":"Extensor Wifi Indoor Deco X60 Pack De 1 Mesh Tp Link Ax5400"},"content":{"rendered":"<p>Conexiones m\u00e1s r\u00e1pidas: Wi-Fi 6 velocidades de hasta 3.000 Mbps: 2.402 Mbps en 5 GHz y 574 Mbps en 2.4 GHz.<\/p>\n<p>Conecte m\u00e1s dispositivos: La tecnolog\u00eda OFDMA y MU-MIMO cuadriplica la capacidad para permitir la transmisi\u00f3n simult\u00e1nea a m\u00e1s dispositivos.<\/p>\n<p>Cobertura sin interrupciones mejorada: logre una cobertura perfecta en todo el hogar con una se\u00f1al de Wi-Fi para todo el hogar m\u00e1s clara y fuerte generada por Wi-Fi 6.<\/p>\n<p>Latencia ultrabaja: una mayor reducci\u00f3n de la latencia permite juegos y video chat con mayor capacidad de respuesta.<\/p>\n","protected":false},"excerpt":{"rendered":"<p>Conexiones m\u00e1s r\u00e1pidas: Wi-Fi 6 velocidades de hasta 3.000 Mbps: 2.402 Mbps en 5 GHz y 574 Mbps en 2.4 GHz. Conecte m\u00e1s dispositivos: La tecnolog\u00eda OFDMA y MU-MIMO cuadriplica la capacidad para permitir la transmisi\u00f3n simult\u00e1nea a m\u00e1s dispositivos. Cobertura sin interrupciones mejorada: logre una cobertura perfecta en todo el hogar con una se\u00f1al [&hellip;]<\/p>\n","protected":false},"featured_media":2721,"comment_status":"open","ping_status":"closed","template":"","meta":{"_uag_custom_page_level_css":""},"product_brand":[546],"product_cat":[122],"product_tag":[],"class_list":{"0":"post-57350","1":"product","2":"type-product","3":"status-publish","4":"has-post-thumbnail","6":"product_brand-tplink","7":"product_cat-redes-y-conectividad","9":"first","10":"outofstock","11":"sale","12":"taxable","13":"shipping-taxable","14":"purchasable","15":"product-type-simple"},"uagb_featured_image_src":{"full":["https:\/\/rms-enlinea.com.ar\/wp-content\/uploads\/2025\/06\/D_635700-MLA76088914666_052024-F.jpg",895,990,false],"thumbnail":["https:\/\/rms-enlinea.com.ar\/wp-content\/uploads\/2025\/06\/D_635700-MLA76088914666_052024-F-150x150.jpg",150,150,true],"medium":["https:\/\/rms-enlinea.com.ar\/wp-content\/uploads\/2025\/06\/D_635700-MLA76088914666_052024-F-271x300.jpg",271,300,true],"medium_large":["https:\/\/rms-enlinea.com.ar\/wp-content\/uploads\/2025\/06\/D_635700-MLA76088914666_052024-F-768x850.jpg",768,850,true],"large":["https:\/\/rms-enlinea.com.ar\/wp-content\/uploads\/2025\/06\/D_635700-MLA76088914666_052024-F.jpg",895,990,false],"1536x1536":["https:\/\/rms-enlinea.com.ar\/wp-content\/uploads\/2025\/06\/D_635700-MLA76088914666_052024-F.jpg",895,990,false],"2048x2048":["https:\/\/rms-enlinea.com.ar\/wp-content\/uploads\/2025\/06\/D_635700-MLA76088914666_052024-F.jpg",895,990,false],"woocommerce_thumbnail":["https:\/\/rms-enlinea.com.ar\/wp-content\/uploads\/2025\/06\/D_635700-MLA76088914666_052024-F-450x450.jpg",450,450,true],"woocommerce_single":["https:\/\/rms-enlinea.com.ar\/wp-content\/uploads\/2025\/06\/D_635700-MLA76088914666_052024-F-600x664.jpg",600,664,true],"woocommerce_gallery_thumbnail":["https:\/\/rms-enlinea.com.ar\/wp-content\/uploads\/2025\/06\/D_635700-MLA76088914666_052024-F-100x100.jpg",100,100,true]},"uagb_author_info":{"display_name":"nelson","author_link":"https:\/\/rms-enlinea.com.ar\/tienda\/author\/"},"uagb_comment_info":0,"uagb_excerpt":"Conexiones m\u00e1s r\u00e1pidas: Wi-Fi 6 velocidades de hasta 3.000 Mbps: 2.402 Mbps en 5 GHz y 574 Mbps en 2.4 GHz. Conecte m\u00e1s dispositivos: La tecnolog\u00eda OFDMA y MU-MIMO cuadriplica la capacidad para permitir la transmisi\u00f3n simult\u00e1nea a m\u00e1s dispositivos. Cobertura sin interrupciones mejorada: logre una cobertura perfecta en todo el hogar con una se\u00f1al&hellip;","_links":{"self":[{"href":"https:\/\/rms-enlinea.com.ar\/tienda\/wp-json\/wp\/v2\/product\/57350","targetHints":{"allow":["GET"]}}],"collection":[{"href":"https:\/\/rms-enlinea.com.ar\/tienda\/wp-json\/wp\/v2\/product"}],"about":[{"href":"https:\/\/rms-enlinea.com.ar\/tienda\/wp-json\/wp\/v2\/types\/product"}],"replies":[{"embeddable":true,"href":"https:\/\/rms-enlinea.com.ar\/tienda\/wp-json\/wp\/v2\/comments?post=57350"}],"wp:featuredmedia":[{"embeddable":true,"href":"https:\/\/rms-enlinea.com.ar\/tienda\/wp-json\/wp\/v2\/media\/2721"}],"wp:attachment":[{"href":"https:\/\/rms-enlinea.com.ar\/tienda\/wp-json\/wp\/v2\/media?parent=57350"}],"wp:term":[{"taxonomy":"product_brand","embeddable":true,"href":"https:\/\/rms-enlinea.com.ar\/tienda\/wp-json\/wp\/v2\/product_brand?post=57350"},{"taxonomy":"product_cat","embeddable":true,"href":"https:\/\/rms-enlinea.com.ar\/tienda\/wp-json\/wp\/v2\/product_cat?post=57350"},{"taxonomy":"product_tag","embeddable":true,"href":"https:\/\/rms-enlinea.com.ar\/tienda\/wp-json\/wp\/v2\/product_tag?post=57350"}],"curies":[{"name":"wp","href":"https:\/\/api.w.org\/{rel}","templated":true}]}}