{"id":57351,"date":"2025-10-15T18:00:44","date_gmt":"2025-10-15T21:00:44","guid":{"rendered":"https:\/\/rms-enlinea.com.ar\/tienda\/producto\/switch-tp-link-sg2210mp-8-puertos-poe-2-sfp-omada\/"},"modified":"2026-04-21T05:50:29","modified_gmt":"2026-04-21T08:50:29","slug":"switch-tp-link-sg2210mp-8-puertos-poe-2-sfp-omada","status":"publish","type":"product","link":"https:\/\/rms-enlinea.com.ar\/tienda\/producto\/switch-tp-link-sg2210mp-8-puertos-poe-2-sfp-omada\/","title":{"rendered":"Switch Tp-link Sg2210mp 8 Puertos Poe + 2 Sfp Omada"},"content":{"rendered":"<p>Switch Smart Gigabit JetStream de 10 puertos con 8 puertos PoE +<\/p>\n<p>Presupuesto PoE de 150 W: 8 puertos 802.3at \/ af PoE + con un suministro total de 150 W.<br \/>\nPuertos Gigabit completos: los 8 puertos PoE + gigabit y las 2 ranuras SFP gigabit proporcionan conexiones de alta velocidad.<br \/>\nIntegrado en Omada SDN: Zero-Touch Provisioning (ZTP), Administraci\u00f3n centralizada v\u00eda nube y monitorizaci\u00f3n inteligente.<\/p>\n","protected":false},"excerpt":{"rendered":"<p>Switch Smart Gigabit JetStream de 10 puertos con 8 puertos PoE + Presupuesto PoE de 150 W: 8 puertos 802.3at \/ af PoE + con un suministro total de 150 W. Puertos Gigabit completos: los 8 puertos PoE + gigabit y las 2 ranuras SFP gigabit proporcionan conexiones de alta velocidad. Integrado en Omada SDN: [&hellip;]<\/p>\n","protected":false},"featured_media":38620,"comment_status":"open","ping_status":"closed","template":"","meta":{"_uag_custom_page_level_css":""},"product_brand":[546],"product_cat":[122],"product_tag":[],"class_list":{"0":"post-57351","1":"product","2":"type-product","3":"status-publish","4":"has-post-thumbnail","6":"product_brand-tplink","7":"product_cat-redes-y-conectividad","9":"first","10":"outofstock","11":"sale","12":"taxable","13":"shipping-taxable","14":"purchasable","15":"product-type-simple"},"uagb_featured_image_src":{"full":["https:\/\/rms-enlinea.com.ar\/wp-content\/uploads\/2025\/06\/D_623848-MLU72600391295_102023-F.jpg",1170,500,false],"thumbnail":["https:\/\/rms-enlinea.com.ar\/wp-content\/uploads\/2025\/06\/D_623848-MLU72600391295_102023-F-150x150.jpg",150,150,true],"medium":["https:\/\/rms-enlinea.com.ar\/wp-content\/uploads\/2025\/06\/D_623848-MLU72600391295_102023-F-300x128.jpg",300,128,true],"medium_large":["https:\/\/rms-enlinea.com.ar\/wp-content\/uploads\/2025\/06\/D_623848-MLU72600391295_102023-F-768x328.jpg",768,328,true],"large":["https:\/\/rms-enlinea.com.ar\/wp-content\/uploads\/2025\/06\/D_623848-MLU72600391295_102023-F-1024x438.jpg",1024,438,true],"1536x1536":["https:\/\/rms-enlinea.com.ar\/wp-content\/uploads\/2025\/06\/D_623848-MLU72600391295_102023-F.jpg",1170,500,false],"2048x2048":["https:\/\/rms-enlinea.com.ar\/wp-content\/uploads\/2025\/06\/D_623848-MLU72600391295_102023-F.jpg",1170,500,false],"woocommerce_thumbnail":["https:\/\/rms-enlinea.com.ar\/wp-content\/uploads\/2025\/06\/D_623848-MLU72600391295_102023-F-450x450.jpg",450,450,true],"woocommerce_single":["https:\/\/rms-enlinea.com.ar\/wp-content\/uploads\/2025\/06\/D_623848-MLU72600391295_102023-F-600x256.jpg",600,256,true],"woocommerce_gallery_thumbnail":["https:\/\/rms-enlinea.com.ar\/wp-content\/uploads\/2025\/06\/D_623848-MLU72600391295_102023-F-100x100.jpg",100,100,true]},"uagb_author_info":{"display_name":"nelson","author_link":"https:\/\/rms-enlinea.com.ar\/tienda\/author\/"},"uagb_comment_info":0,"uagb_excerpt":"Switch Smart Gigabit JetStream de 10 puertos con 8 puertos PoE + Presupuesto PoE de 150 W: 8 puertos 802.3at \/ af PoE + con un suministro total de 150 W. Puertos Gigabit completos: los 8 puertos PoE + gigabit y las 2 ranuras SFP gigabit proporcionan conexiones de alta velocidad. Integrado en Omada SDN:&hellip;","_links":{"self":[{"href":"https:\/\/rms-enlinea.com.ar\/tienda\/wp-json\/wp\/v2\/product\/57351","targetHints":{"allow":["GET"]}}],"collection":[{"href":"https:\/\/rms-enlinea.com.ar\/tienda\/wp-json\/wp\/v2\/product"}],"about":[{"href":"https:\/\/rms-enlinea.com.ar\/tienda\/wp-json\/wp\/v2\/types\/product"}],"replies":[{"embeddable":true,"href":"https:\/\/rms-enlinea.com.ar\/tienda\/wp-json\/wp\/v2\/comments?post=57351"}],"wp:featuredmedia":[{"embeddable":true,"href":"https:\/\/rms-enlinea.com.ar\/tienda\/wp-json\/wp\/v2\/media\/38620"}],"wp:attachment":[{"href":"https:\/\/rms-enlinea.com.ar\/tienda\/wp-json\/wp\/v2\/media?parent=57351"}],"wp:term":[{"taxonomy":"product_brand","embeddable":true,"href":"https:\/\/rms-enlinea.com.ar\/tienda\/wp-json\/wp\/v2\/product_brand?post=57351"},{"taxonomy":"product_cat","embeddable":true,"href":"https:\/\/rms-enlinea.com.ar\/tienda\/wp-json\/wp\/v2\/product_cat?post=57351"},{"taxonomy":"product_tag","embeddable":true,"href":"https:\/\/rms-enlinea.com.ar\/tienda\/wp-json\/wp\/v2\/product_tag?post=57351"}],"curies":[{"name":"wp","href":"https:\/\/api.w.org\/{rel}","templated":true}]}}