{"id":57352,"date":"2025-10-15T18:00:54","date_gmt":"2025-10-15T21:00:54","guid":{"rendered":"https:\/\/rms-enlinea.com.ar\/tienda\/producto\/switch-tp-link-tl-sg3210-8-puertos-gigabit-jetstream-2-sfp\/"},"modified":"2026-04-06T12:29:42","modified_gmt":"2026-04-06T15:29:42","slug":"switch-tp-link-tl-sg3210-8-puertos-gigabit-jetstream-2-sfp","status":"publish","type":"product","link":"https:\/\/rms-enlinea.com.ar\/tienda\/producto\/switch-tp-link-tl-sg3210-8-puertos-gigabit-jetstream-2-sfp\/","title":{"rendered":"Switch Tp-link Tl-sg3210 8 Puertos Gigabit Jetstream 2 Sfp"},"content":{"rendered":"<p>Vinculaci\u00f3n IP-MAC-puerto-vinculaci\u00f3n VID, ACL, Port Security, defensa contra DoS, Storm Control, DHCP Snooping, la autenticaci\u00f3n 802.1X y Radius ofrecen un s\u00f3lido nivel de seguridad<br \/>QoS L2\/L3\/L4 y snooping IGMP optimizan las aplicaciones de voz y v\u00eddeo<br \/>Los modos de gesti\u00f3n WEB\/CLI, SNMP y RMON ofrecen numerosas opciones de administraci\u00f3n<\/p>\n","protected":false},"excerpt":{"rendered":"<p>Vinculaci\u00f3n IP-MAC-puerto-vinculaci\u00f3n VID, ACL, Port Security, defensa contra DoS, Storm Control, DHCP Snooping, la autenticaci\u00f3n 802.1X y Radius ofrecen un s\u00f3lido nivel de seguridadQoS L2\/L3\/L4 y snooping IGMP optimizan las aplicaciones de voz y v\u00eddeoLos modos de gesti\u00f3n WEB\/CLI, SNMP y RMON ofrecen numerosas opciones de administraci\u00f3n<\/p>\n","protected":false},"featured_media":11617,"comment_status":"open","ping_status":"closed","template":"","meta":{"_uag_custom_page_level_css":""},"product_brand":[546],"product_cat":[122],"product_tag":[],"class_list":{"0":"post-57352","1":"product","2":"type-product","3":"status-publish","4":"has-post-thumbnail","6":"product_brand-tplink","7":"product_cat-redes-y-conectividad","9":"first","10":"outofstock","11":"sale","12":"taxable","13":"shipping-taxable","14":"purchasable","15":"product-type-simple"},"uagb_featured_image_src":{"full":["https:\/\/rms-enlinea.com.ar\/wp-content\/uploads\/2025\/06\/D_975519-MLA74781348213_022024-F.jpg",1200,366,false],"thumbnail":["https:\/\/rms-enlinea.com.ar\/wp-content\/uploads\/2025\/06\/D_975519-MLA74781348213_022024-F-150x150.jpg",150,150,true],"medium":["https:\/\/rms-enlinea.com.ar\/wp-content\/uploads\/2025\/06\/D_975519-MLA74781348213_022024-F-300x92.jpg",300,92,true],"medium_large":["https:\/\/rms-enlinea.com.ar\/wp-content\/uploads\/2025\/06\/D_975519-MLA74781348213_022024-F-768x234.jpg",768,234,true],"large":["https:\/\/rms-enlinea.com.ar\/wp-content\/uploads\/2025\/06\/D_975519-MLA74781348213_022024-F-1024x312.jpg",1024,312,true],"1536x1536":["https:\/\/rms-enlinea.com.ar\/wp-content\/uploads\/2025\/06\/D_975519-MLA74781348213_022024-F.jpg",1200,366,false],"2048x2048":["https:\/\/rms-enlinea.com.ar\/wp-content\/uploads\/2025\/06\/D_975519-MLA74781348213_022024-F.jpg",1200,366,false],"woocommerce_thumbnail":["https:\/\/rms-enlinea.com.ar\/wp-content\/uploads\/2025\/06\/D_975519-MLA74781348213_022024-F-450x366.jpg",450,366,true],"woocommerce_single":["https:\/\/rms-enlinea.com.ar\/wp-content\/uploads\/2025\/06\/D_975519-MLA74781348213_022024-F-600x183.jpg",600,183,true],"woocommerce_gallery_thumbnail":["https:\/\/rms-enlinea.com.ar\/wp-content\/uploads\/2025\/06\/D_975519-MLA74781348213_022024-F-100x100.jpg",100,100,true]},"uagb_author_info":{"display_name":"nelson","author_link":"https:\/\/rms-enlinea.com.ar\/tienda\/author\/"},"uagb_comment_info":0,"uagb_excerpt":"Vinculaci\u00f3n IP-MAC-puerto-vinculaci\u00f3n VID, ACL, Port Security, defensa contra DoS, Storm Control, DHCP Snooping, la autenticaci\u00f3n 802.1X y Radius ofrecen un s\u00f3lido nivel de seguridadQoS L2\/L3\/L4 y snooping IGMP optimizan las aplicaciones de voz y v\u00eddeoLos modos de gesti\u00f3n WEB\/CLI, SNMP y RMON ofrecen numerosas opciones de administraci\u00f3n","_links":{"self":[{"href":"https:\/\/rms-enlinea.com.ar\/tienda\/wp-json\/wp\/v2\/product\/57352","targetHints":{"allow":["GET"]}}],"collection":[{"href":"https:\/\/rms-enlinea.com.ar\/tienda\/wp-json\/wp\/v2\/product"}],"about":[{"href":"https:\/\/rms-enlinea.com.ar\/tienda\/wp-json\/wp\/v2\/types\/product"}],"replies":[{"embeddable":true,"href":"https:\/\/rms-enlinea.com.ar\/tienda\/wp-json\/wp\/v2\/comments?post=57352"}],"wp:featuredmedia":[{"embeddable":true,"href":"https:\/\/rms-enlinea.com.ar\/tienda\/wp-json\/wp\/v2\/media\/11617"}],"wp:attachment":[{"href":"https:\/\/rms-enlinea.com.ar\/tienda\/wp-json\/wp\/v2\/media?parent=57352"}],"wp:term":[{"taxonomy":"product_brand","embeddable":true,"href":"https:\/\/rms-enlinea.com.ar\/tienda\/wp-json\/wp\/v2\/product_brand?post=57352"},{"taxonomy":"product_cat","embeddable":true,"href":"https:\/\/rms-enlinea.com.ar\/tienda\/wp-json\/wp\/v2\/product_cat?post=57352"},{"taxonomy":"product_tag","embeddable":true,"href":"https:\/\/rms-enlinea.com.ar\/tienda\/wp-json\/wp\/v2\/product_tag?post=57352"}],"curies":[{"name":"wp","href":"https:\/\/api.w.org\/{rel}","templated":true}]}}