{"id":57361,"date":"2025-10-16T13:00:07","date_gmt":"2025-10-16T16:00:07","guid":{"rendered":"https:\/\/rms-enlinea.com.ar\/tienda\/producto\/adaptador-poe-24v-tp-link-poe2412g-pasivo-gigabit-1000mbps\/"},"modified":"2026-04-10T17:51:25","modified_gmt":"2026-04-10T20:51:25","slug":"adaptador-poe-24v-tp-link-poe2412g-pasivo-gigabit-1000mbps","status":"publish","type":"product","link":"https:\/\/rms-enlinea.com.ar\/tienda\/producto\/adaptador-poe-24v-tp-link-poe2412g-pasivo-gigabit-1000mbps\/","title":{"rendered":"Adaptador Poe 24v Tp Link Poe2412g Pasivo Gigabit 1000mbps"},"content":{"rendered":"<p>CARACTER\u00cdSTICAS DE HARDWARE<br \/>Interfaz\t2 puertos RJ45 10\/100\/1000 Mbps con Auto-Negociaci\u00f3n Auto MDI\/MDIX<br \/> \t1 puerto de entrada de energ\u00eda 24VDC<br \/>Medios de red\t10BASE-T: cable UTP categor\u00eda 3, 4 o 5 (m\u00e1x. 100 m) \/ EIA\/TIA-568 100 STP (m\u00e1x. 100 m)<br \/> \t100BASE-TX: cable UTP categor\u00eda 5 o 5e (m\u00e1x. 100 m) \/ EIA\/TIA-568 100STP (m\u00e1x. 100 m)<br \/> \t1000BASE-T: cable UTP categor\u00eda 5, 5e o 6 (m\u00e1x. 100 m)<br \/>Fuente de alimentaci\u00f3n\t12W (m\u00e1x. 24VDC)<br \/>Indicador LED\tPWR<br \/>Dimensiones (An \u00d7 Pr \u00d7 Al)\t85.8 \u00d7 43.9 \u00d7 35 mm<\/p>\n","protected":false},"excerpt":{"rendered":"<p>CARACTER\u00cdSTICAS DE HARDWAREInterfaz 2 puertos RJ45 10\/100\/1000 Mbps con Auto-Negociaci\u00f3n Auto MDI\/MDIX 1 puerto de entrada de energ\u00eda 24VDCMedios de red 10BASE-T: cable UTP categor\u00eda 3, 4 o 5 (m\u00e1x. 100 m) \/ EIA\/TIA-568 100 STP (m\u00e1x. 100 m) 100BASE-TX: cable UTP categor\u00eda 5 o 5e (m\u00e1x. 100 m) \/ EIA\/TIA-568 100STP (m\u00e1x. 100 m) [&hellip;]<\/p>\n","protected":false},"featured_media":57362,"comment_status":"open","ping_status":"closed","template":"","meta":{"_uag_custom_page_level_css":""},"product_brand":[546],"product_cat":[122],"product_tag":[],"class_list":{"0":"post-57361","1":"product","2":"type-product","3":"status-publish","4":"has-post-thumbnail","6":"product_brand-tplink","7":"product_cat-redes-y-conectividad","9":"first","10":"instock","11":"sale","12":"taxable","13":"shipping-taxable","14":"purchasable","15":"product-type-simple"},"uagb_featured_image_src":{"full":["https:\/\/rms-enlinea.com.ar\/wp-content\/uploads\/2025\/10\/D_636441-MLA95353684267_102025-F.jpg",1100,1150,false],"thumbnail":["https:\/\/rms-enlinea.com.ar\/wp-content\/uploads\/2025\/10\/D_636441-MLA95353684267_102025-F-150x150.jpg",150,150,true],"medium":["https:\/\/rms-enlinea.com.ar\/wp-content\/uploads\/2025\/10\/D_636441-MLA95353684267_102025-F-287x300.jpg",287,300,true],"medium_large":["https:\/\/rms-enlinea.com.ar\/wp-content\/uploads\/2025\/10\/D_636441-MLA95353684267_102025-F-768x803.jpg",768,803,true],"large":["https:\/\/rms-enlinea.com.ar\/wp-content\/uploads\/2025\/10\/D_636441-MLA95353684267_102025-F-979x1024.jpg",979,1024,true],"1536x1536":["https:\/\/rms-enlinea.com.ar\/wp-content\/uploads\/2025\/10\/D_636441-MLA95353684267_102025-F.jpg",1100,1150,false],"2048x2048":["https:\/\/rms-enlinea.com.ar\/wp-content\/uploads\/2025\/10\/D_636441-MLA95353684267_102025-F.jpg",1100,1150,false],"woocommerce_thumbnail":["https:\/\/rms-enlinea.com.ar\/wp-content\/uploads\/2025\/10\/D_636441-MLA95353684267_102025-F-450x450.jpg",450,450,true],"woocommerce_single":["https:\/\/rms-enlinea.com.ar\/wp-content\/uploads\/2025\/10\/D_636441-MLA95353684267_102025-F-600x627.jpg",600,627,true],"woocommerce_gallery_thumbnail":["https:\/\/rms-enlinea.com.ar\/wp-content\/uploads\/2025\/10\/D_636441-MLA95353684267_102025-F-100x100.jpg",100,100,true]},"uagb_author_info":{"display_name":"nelson","author_link":"https:\/\/rms-enlinea.com.ar\/tienda\/author\/"},"uagb_comment_info":0,"uagb_excerpt":"CARACTER\u00cdSTICAS DE HARDWAREInterfaz 2 puertos RJ45 10\/100\/1000 Mbps con Auto-Negociaci\u00f3n Auto MDI\/MDIX 1 puerto de entrada de energ\u00eda 24VDCMedios de red 10BASE-T: cable UTP categor\u00eda 3, 4 o 5 (m\u00e1x. 100 m) \/ EIA\/TIA-568 100 STP (m\u00e1x. 100 m) 100BASE-TX: cable UTP categor\u00eda 5 o 5e (m\u00e1x. 100 m) \/ EIA\/TIA-568 100STP (m\u00e1x. 100 m)&hellip;","_links":{"self":[{"href":"https:\/\/rms-enlinea.com.ar\/tienda\/wp-json\/wp\/v2\/product\/57361","targetHints":{"allow":["GET"]}}],"collection":[{"href":"https:\/\/rms-enlinea.com.ar\/tienda\/wp-json\/wp\/v2\/product"}],"about":[{"href":"https:\/\/rms-enlinea.com.ar\/tienda\/wp-json\/wp\/v2\/types\/product"}],"replies":[{"embeddable":true,"href":"https:\/\/rms-enlinea.com.ar\/tienda\/wp-json\/wp\/v2\/comments?post=57361"}],"wp:featuredmedia":[{"embeddable":true,"href":"https:\/\/rms-enlinea.com.ar\/tienda\/wp-json\/wp\/v2\/media\/57362"}],"wp:attachment":[{"href":"https:\/\/rms-enlinea.com.ar\/tienda\/wp-json\/wp\/v2\/media?parent=57361"}],"wp:term":[{"taxonomy":"product_brand","embeddable":true,"href":"https:\/\/rms-enlinea.com.ar\/tienda\/wp-json\/wp\/v2\/product_brand?post=57361"},{"taxonomy":"product_cat","embeddable":true,"href":"https:\/\/rms-enlinea.com.ar\/tienda\/wp-json\/wp\/v2\/product_cat?post=57361"},{"taxonomy":"product_tag","embeddable":true,"href":"https:\/\/rms-enlinea.com.ar\/tienda\/wp-json\/wp\/v2\/product_tag?post=57361"}],"curies":[{"name":"wp","href":"https:\/\/api.w.org\/{rel}","templated":true}]}}