{"id":57369,"date":"2025-10-16T15:02:17","date_gmt":"2025-10-16T18:02:17","guid":{"rendered":"https:\/\/rms-enlinea.com.ar\/tienda\/producto\/impresora-epson-ecotank-l4360-multifuncion-wifi-duplex\/"},"modified":"2026-04-15T10:40:19","modified_gmt":"2026-04-15T13:40:19","slug":"impresora-epson-ecotank-l4360-multifuncion-wifi-duplex","status":"publish","type":"product","link":"https:\/\/rms-enlinea.com.ar\/tienda\/producto\/impresora-epson-ecotank-l4360-multifuncion-wifi-duplex\/","title":{"rendered":"Impresora Epson Ecotank L4360 Multifuncion Wifi Duplex"},"content":{"rendered":"<p>Impresi\u00f3n<br \/>\nTecnolog\u00eda de impresi\u00f3n Inyecci\u00f3n de tinta de 4 colores (CMYK), con tecnolog\u00eda de inyecci\u00f3n bajo demanda y cabezal de impresi\u00f3n PrecisionCore\u00ae 1S.<br \/>\nIdioma de la Impresora: Epson ESC\/P-R<br \/>\nVelocidad de Impresi\u00f3n: 15,0 ISO ppm (negro), 8,0 ISO ppm (color)<br \/>\nVelocidad de Impresi\u00f3n a Doble Cara Autom\u00e1tica: 6,5ISO ppm (negro), 4,5 ISO ppm (color)<br \/>\nResoluci\u00f3n M\u00e1xima de Impresi\u00f3n: 4800 x 1200<br \/>\nCopias<br \/>\nVelocidad de Copiado: 11 ISO (negro), 5,5 ISO cpm (color)<br \/>\nModos de Copia: Color, Blanco\/Negro, Borrador\/Normal<br \/>\nCantidad de Copias: 1 \u2013 99 copias (sin PC)<br \/>\nTama\u00f1o M\u00e1ximo de la Copia: 216 mm x 279 mm<br \/>\nFunciones de Copiado Reducci\u00f3n y Ampliaci\u00f3n: (25% \u2013 400%)<br \/>\nEscaneo<br \/>\nTipo de esc\u00e1ner: Cama plana a color (sensor de imagen CIS)<br \/>\nResoluci\u00f3n de Hardware M\u00e1xima: 2400 dpi<br \/>\nResoluci\u00f3n de Hardware: 1200 x 2400<br \/>\nM\u00e1xima Resoluci\u00f3n: 9600 dpi interpolados<br \/>\nProfundidad de Bits del Esc\u00e1ner Entrada: 48 bits en color \/ Salida: 24 bits en color (RGB total)<br \/>\nTama\u00f1o de la Superficie del Escaneo 216 mm x 297 mm m\u00e1ximo<br \/>\nFunciones de Escaneo: Escaneo a computadora, escaneo a correo electr\u00f3nico, escaneo a la nube<\/p>\n","protected":false},"excerpt":{"rendered":"<p>Impresi\u00f3n Tecnolog\u00eda de impresi\u00f3n Inyecci\u00f3n de tinta de 4 colores (CMYK), con tecnolog\u00eda de inyecci\u00f3n bajo demanda y cabezal de impresi\u00f3n PrecisionCore\u00ae 1S. Idioma de la Impresora: Epson ESC\/P-R Velocidad de Impresi\u00f3n: 15,0 ISO ppm (negro), 8,0 ISO ppm (color) Velocidad de Impresi\u00f3n a Doble Cara Autom\u00e1tica: 6,5ISO ppm (negro), 4,5 ISO ppm (color) Resoluci\u00f3n [&hellip;]<\/p>\n","protected":false},"featured_media":57370,"comment_status":"open","ping_status":"closed","template":"","meta":{"_uag_custom_page_level_css":""},"product_brand":[553],"product_cat":[110],"product_tag":[],"class_list":{"0":"post-57369","1":"product","2":"type-product","3":"status-publish","4":"has-post-thumbnail","6":"product_brand-epson","7":"product_cat-impresoras","9":"first","10":"instock","11":"sale","12":"taxable","13":"shipping-taxable","14":"purchasable","15":"product-type-simple"},"uagb_featured_image_src":{"full":["https:\/\/rms-enlinea.com.ar\/wp-content\/uploads\/2025\/10\/D_868845-MLA94929430404_102025-F.jpg",1166,514,false],"thumbnail":["https:\/\/rms-enlinea.com.ar\/wp-content\/uploads\/2025\/10\/D_868845-MLA94929430404_102025-F-150x150.jpg",150,150,true],"medium":["https:\/\/rms-enlinea.com.ar\/wp-content\/uploads\/2025\/10\/D_868845-MLA94929430404_102025-F-300x132.jpg",300,132,true],"medium_large":["https:\/\/rms-enlinea.com.ar\/wp-content\/uploads\/2025\/10\/D_868845-MLA94929430404_102025-F-768x339.jpg",768,339,true],"large":["https:\/\/rms-enlinea.com.ar\/wp-content\/uploads\/2025\/10\/D_868845-MLA94929430404_102025-F-1024x451.jpg",1024,451,true],"1536x1536":["https:\/\/rms-enlinea.com.ar\/wp-content\/uploads\/2025\/10\/D_868845-MLA94929430404_102025-F.jpg",1166,514,false],"2048x2048":["https:\/\/rms-enlinea.com.ar\/wp-content\/uploads\/2025\/10\/D_868845-MLA94929430404_102025-F.jpg",1166,514,false],"woocommerce_thumbnail":["https:\/\/rms-enlinea.com.ar\/wp-content\/uploads\/2025\/10\/D_868845-MLA94929430404_102025-F-450x450.jpg",450,450,true],"woocommerce_single":["https:\/\/rms-enlinea.com.ar\/wp-content\/uploads\/2025\/10\/D_868845-MLA94929430404_102025-F-600x264.jpg",600,264,true],"woocommerce_gallery_thumbnail":["https:\/\/rms-enlinea.com.ar\/wp-content\/uploads\/2025\/10\/D_868845-MLA94929430404_102025-F-100x100.jpg",100,100,true]},"uagb_author_info":{"display_name":"nelson","author_link":"https:\/\/rms-enlinea.com.ar\/tienda\/author\/"},"uagb_comment_info":0,"uagb_excerpt":"Impresi\u00f3n Tecnolog\u00eda de impresi\u00f3n Inyecci\u00f3n de tinta de 4 colores (CMYK), con tecnolog\u00eda de inyecci\u00f3n bajo demanda y cabezal de impresi\u00f3n PrecisionCore\u00ae 1S. Idioma de la Impresora: Epson ESC\/P-R Velocidad de Impresi\u00f3n: 15,0 ISO ppm (negro), 8,0 ISO ppm (color) Velocidad de Impresi\u00f3n a Doble Cara Autom\u00e1tica: 6,5ISO ppm (negro), 4,5 ISO ppm (color) Resoluci\u00f3n&hellip;","_links":{"self":[{"href":"https:\/\/rms-enlinea.com.ar\/tienda\/wp-json\/wp\/v2\/product\/57369","targetHints":{"allow":["GET"]}}],"collection":[{"href":"https:\/\/rms-enlinea.com.ar\/tienda\/wp-json\/wp\/v2\/product"}],"about":[{"href":"https:\/\/rms-enlinea.com.ar\/tienda\/wp-json\/wp\/v2\/types\/product"}],"replies":[{"embeddable":true,"href":"https:\/\/rms-enlinea.com.ar\/tienda\/wp-json\/wp\/v2\/comments?post=57369"}],"wp:featuredmedia":[{"embeddable":true,"href":"https:\/\/rms-enlinea.com.ar\/tienda\/wp-json\/wp\/v2\/media\/57370"}],"wp:attachment":[{"href":"https:\/\/rms-enlinea.com.ar\/tienda\/wp-json\/wp\/v2\/media?parent=57369"}],"wp:term":[{"taxonomy":"product_brand","embeddable":true,"href":"https:\/\/rms-enlinea.com.ar\/tienda\/wp-json\/wp\/v2\/product_brand?post=57369"},{"taxonomy":"product_cat","embeddable":true,"href":"https:\/\/rms-enlinea.com.ar\/tienda\/wp-json\/wp\/v2\/product_cat?post=57369"},{"taxonomy":"product_tag","embeddable":true,"href":"https:\/\/rms-enlinea.com.ar\/tienda\/wp-json\/wp\/v2\/product_tag?post=57369"}],"curies":[{"name":"wp","href":"https:\/\/api.w.org\/{rel}","templated":true}]}}