{"id":57381,"date":"2025-10-16T15:02:54","date_gmt":"2025-10-16T18:02:54","guid":{"rendered":"https:\/\/rms-enlinea.com.ar\/tienda\/producto\/camara-ip-tapo-c530ws-3k-360-grados-vision-nocturna-color\/"},"modified":"2026-05-04T11:07:37","modified_gmt":"2026-05-04T14:07:37","slug":"camara-ip-tapo-c530ws-3k-360-grados-vision-nocturna-color","status":"publish","type":"product","link":"https:\/\/rms-enlinea.com.ar\/tienda\/producto\/camara-ip-tapo-c530ws-3k-360-grados-vision-nocturna-color\/","title":{"rendered":"Camara Ip Tapo C530ws 3k 360 Grados Vision Nocturna Color"},"content":{"rendered":"<p>C\u00e1mara<br \/>\nSensor de Imagen<\/p>\n<p>Sensor CMOS Starlight de 1\/3\u201d de Escaneo Progresivo<br \/>\nLentes<\/p>\n<p>Distancia Focal: 3.2 mm, Apertura: F1.6, Campo de Visi\u00f3n: 105.9\u00b0 (Diagonal), 88.4\u00b0 (Horizontal), 46\u00b0 (Vertical)<br \/>\nMotion Range<\/p>\n<p>Rango Mec\u00e1nico Panor\u00e1mico: 340\u00b0 (Cobertura Panor\u00e1mica de 360\u00b0), Rango Mec\u00e1nico de Inclinaci\u00f3n: 60\u00b0 (Cobertura de Inclinaci\u00f3n de 130\u00b0)<br \/>\nVisi\u00f3n nocturna LED IR de 850 nm (29.9 m),<br \/>\nVisi\u00f3n Nocturna en Color Starlight<br \/>\nLighting<\/p>\n<p>2\u00d7 Focos Integrados<br \/>\nInterface &amp; Button 1\u00d7 Puerto Ethernet, 1\u00d7 Bot\u00f3n RESET, 1\u00d7 Ranura para Tarjeta MicroSD (Hasta 512GB)<br \/>\nVIDEO &amp; AUDIO<br \/>\nMaximum Resolution<\/p>\n<p>3K 5MP (2880 \u00d7 1620 px)<br \/>\nFrame Rate<\/p>\n<p>15\/20\/25\/30 fps (Predeterminado 15 fps)<br \/>\nDigital Zoom<\/p>\n<p>12x<br \/>\nVideo Compression<\/p>\n<p>H.264<br \/>\nLive View<\/p>\n<p>S\u00ed<br \/>\nImage Enhancement<\/p>\n<p>3DNR<br \/>\nWDR<br \/>\nAudio Input &amp; Output<\/p>\n<p>Micr\u00f3fono y Altavoz Integrados<br \/>\nAudio Communication<\/p>\n<p>Audio Bidireccional con Cancelaci\u00f3n de Ruido<br \/>\nSiren Volume<\/p>\n<p>93 dB (Nivel medido a 10 cm de distancia)<\/p>\n","protected":false},"excerpt":{"rendered":"<p>C\u00e1mara Sensor de Imagen Sensor CMOS Starlight de 1\/3\u201d de Escaneo Progresivo Lentes Distancia Focal: 3.2 mm, Apertura: F1.6, Campo de Visi\u00f3n: 105.9\u00b0 (Diagonal), 88.4\u00b0 (Horizontal), 46\u00b0 (Vertical) Motion Range Rango Mec\u00e1nico Panor\u00e1mico: 340\u00b0 (Cobertura Panor\u00e1mica de 360\u00b0), Rango Mec\u00e1nico de Inclinaci\u00f3n: 60\u00b0 (Cobertura de Inclinaci\u00f3n de 130\u00b0) Visi\u00f3n nocturna LED IR de 850 nm [&hellip;]<\/p>\n","protected":false},"featured_media":51901,"comment_status":"open","ping_status":"closed","template":"","meta":{"_uag_custom_page_level_css":""},"product_brand":[546],"product_cat":[32],"product_tag":[],"class_list":{"0":"post-57381","1":"product","2":"type-product","3":"status-publish","4":"has-post-thumbnail","6":"product_brand-tplink","7":"product_cat-seguridad","9":"first","10":"outofstock","11":"sale","12":"taxable","13":"shipping-taxable","14":"purchasable","15":"product-type-simple"},"uagb_featured_image_src":{"full":["https:\/\/rms-enlinea.com.ar\/wp-content\/uploads\/2025\/07\/D_773271-MLA85794616140_062025-F.jpg",721,995,false],"thumbnail":["https:\/\/rms-enlinea.com.ar\/wp-content\/uploads\/2025\/07\/D_773271-MLA85794616140_062025-F-150x150.jpg",150,150,true],"medium":["https:\/\/rms-enlinea.com.ar\/wp-content\/uploads\/2025\/07\/D_773271-MLA85794616140_062025-F-217x300.jpg",217,300,true],"medium_large":["https:\/\/rms-enlinea.com.ar\/wp-content\/uploads\/2025\/07\/D_773271-MLA85794616140_062025-F.jpg",721,995,false],"large":["https:\/\/rms-enlinea.com.ar\/wp-content\/uploads\/2025\/07\/D_773271-MLA85794616140_062025-F.jpg",721,995,false],"1536x1536":["https:\/\/rms-enlinea.com.ar\/wp-content\/uploads\/2025\/07\/D_773271-MLA85794616140_062025-F.jpg",721,995,false],"2048x2048":["https:\/\/rms-enlinea.com.ar\/wp-content\/uploads\/2025\/07\/D_773271-MLA85794616140_062025-F.jpg",721,995,false],"woocommerce_thumbnail":["https:\/\/rms-enlinea.com.ar\/wp-content\/uploads\/2025\/07\/D_773271-MLA85794616140_062025-F-450x450.jpg",450,450,true],"woocommerce_single":["https:\/\/rms-enlinea.com.ar\/wp-content\/uploads\/2025\/07\/D_773271-MLA85794616140_062025-F-600x828.jpg",600,828,true],"woocommerce_gallery_thumbnail":["https:\/\/rms-enlinea.com.ar\/wp-content\/uploads\/2025\/07\/D_773271-MLA85794616140_062025-F-100x100.jpg",100,100,true]},"uagb_author_info":{"display_name":"nelson","author_link":"https:\/\/rms-enlinea.com.ar\/tienda\/author\/"},"uagb_comment_info":0,"uagb_excerpt":"C\u00e1mara Sensor de Imagen Sensor CMOS Starlight de 1\/3\u201d de Escaneo Progresivo Lentes Distancia Focal: 3.2 mm, Apertura: F1.6, Campo de Visi\u00f3n: 105.9\u00b0 (Diagonal), 88.4\u00b0 (Horizontal), 46\u00b0 (Vertical) Motion Range Rango Mec\u00e1nico Panor\u00e1mico: 340\u00b0 (Cobertura Panor\u00e1mica de 360\u00b0), Rango Mec\u00e1nico de Inclinaci\u00f3n: 60\u00b0 (Cobertura de Inclinaci\u00f3n de 130\u00b0) Visi\u00f3n nocturna LED IR de 850 nm&hellip;","_links":{"self":[{"href":"https:\/\/rms-enlinea.com.ar\/tienda\/wp-json\/wp\/v2\/product\/57381","targetHints":{"allow":["GET"]}}],"collection":[{"href":"https:\/\/rms-enlinea.com.ar\/tienda\/wp-json\/wp\/v2\/product"}],"about":[{"href":"https:\/\/rms-enlinea.com.ar\/tienda\/wp-json\/wp\/v2\/types\/product"}],"replies":[{"embeddable":true,"href":"https:\/\/rms-enlinea.com.ar\/tienda\/wp-json\/wp\/v2\/comments?post=57381"}],"wp:featuredmedia":[{"embeddable":true,"href":"https:\/\/rms-enlinea.com.ar\/tienda\/wp-json\/wp\/v2\/media\/51901"}],"wp:attachment":[{"href":"https:\/\/rms-enlinea.com.ar\/tienda\/wp-json\/wp\/v2\/media?parent=57381"}],"wp:term":[{"taxonomy":"product_brand","embeddable":true,"href":"https:\/\/rms-enlinea.com.ar\/tienda\/wp-json\/wp\/v2\/product_brand?post=57381"},{"taxonomy":"product_cat","embeddable":true,"href":"https:\/\/rms-enlinea.com.ar\/tienda\/wp-json\/wp\/v2\/product_cat?post=57381"},{"taxonomy":"product_tag","embeddable":true,"href":"https:\/\/rms-enlinea.com.ar\/tienda\/wp-json\/wp\/v2\/product_tag?post=57381"}],"curies":[{"name":"wp","href":"https:\/\/api.w.org\/{rel}","templated":true}]}}