{"id":57404,"date":"2025-10-16T17:34:37","date_gmt":"2025-10-16T20:34:37","guid":{"rendered":"https:\/\/rms-enlinea.com.ar\/tienda\/producto\/procesador-intel-core-i9-14900kf-s1700-6-0ghz-ddr4-ddr5\/"},"modified":"2026-03-31T20:07:07","modified_gmt":"2026-03-31T23:07:07","slug":"procesador-intel-core-i9-14900kf-s1700-6-0ghz-ddr4-ddr5","status":"publish","type":"product","link":"https:\/\/rms-enlinea.com.ar\/tienda\/producto\/procesador-intel-core-i9-14900kf-s1700-6-0ghz-ddr4-ddr5\/","title":{"rendered":"Procesador Intel Core I9 14900kf S1700 6.0ghz Ddr4 Ddr5"},"content":{"rendered":"<p>Tama\u00f1o m\u00e1ximo de memoria RAM soportada<\/p>\n<p>192 GB<br \/>\nModelo<\/p>\n<p>i9-14900KF<br \/>\nL\u00ednea<\/p>\n<p>Processador<br \/>\nModelo alfanum\u00e9rico<\/p>\n<p>BX8071514900KF<br \/>\nMarca<\/p>\n<p>Intel<br \/>\nZ\u00f3calos compatibles<\/p>\n<p>Lga1700<br \/>\nCantidad de n\u00facleos de CPU<\/p>\n<p>24<br \/>\nTipos de memoria RAM soportadas<\/p>\n<p>DDR4 DDR5<br \/>\nProcesador gr\u00e1fico<\/p>\n<p>No tiene, requieres de tarjeta de video<br \/>\nL\u00ednea<\/p>\n<p>Core i9<br \/>\nFrecuencia m\u00ednima de reloj<\/p>\n<p>3200 MHz<br \/>\nArquitectura<\/p>\n<p>x64<br \/>\nGeneraci\u00f3n<\/p>\n<p>14\u00ba<br \/>\nFrecuencia m\u00e1xima de reloj<\/p>\n<p>6000 MHz<br \/>\nLitograf\u00eda<\/p>\n<p>7 nm<\/p>\n","protected":false},"excerpt":{"rendered":"<p>Tama\u00f1o m\u00e1ximo de memoria RAM soportada 192 GB Modelo i9-14900KF L\u00ednea Processador Modelo alfanum\u00e9rico BX8071514900KF Marca Intel Z\u00f3calos compatibles Lga1700 Cantidad de n\u00facleos de CPU 24 Tipos de memoria RAM soportadas DDR4 DDR5 Procesador gr\u00e1fico No tiene, requieres de tarjeta de video L\u00ednea Core i9 Frecuencia m\u00ednima de reloj 3200 MHz Arquitectura x64 Generaci\u00f3n 14\u00ba [&hellip;]<\/p>\n","protected":false},"featured_media":28633,"comment_status":"open","ping_status":"closed","template":"","meta":{"_uag_custom_page_level_css":""},"product_brand":[530],"product_cat":[121],"product_tag":[],"class_list":{"0":"post-57404","1":"product","2":"type-product","3":"status-publish","4":"has-post-thumbnail","6":"product_brand-intel","7":"product_cat-procesadores-computacion","9":"first","10":"outofstock","11":"sale","12":"taxable","13":"shipping-taxable","14":"purchasable","15":"product-type-simple"},"uagb_featured_image_src":{"full":["https:\/\/rms-enlinea.com.ar\/wp-content\/uploads\/2025\/06\/D_823310-MLU73962997312_012024-F.jpg",1001,1199,false],"thumbnail":["https:\/\/rms-enlinea.com.ar\/wp-content\/uploads\/2025\/06\/D_823310-MLU73962997312_012024-F-150x150.jpg",150,150,true],"medium":["https:\/\/rms-enlinea.com.ar\/wp-content\/uploads\/2025\/06\/D_823310-MLU73962997312_012024-F-250x300.jpg",250,300,true],"medium_large":["https:\/\/rms-enlinea.com.ar\/wp-content\/uploads\/2025\/06\/D_823310-MLU73962997312_012024-F-768x920.jpg",768,920,true],"large":["https:\/\/rms-enlinea.com.ar\/wp-content\/uploads\/2025\/06\/D_823310-MLU73962997312_012024-F-855x1024.jpg",855,1024,true],"1536x1536":["https:\/\/rms-enlinea.com.ar\/wp-content\/uploads\/2025\/06\/D_823310-MLU73962997312_012024-F.jpg",1001,1199,false],"2048x2048":["https:\/\/rms-enlinea.com.ar\/wp-content\/uploads\/2025\/06\/D_823310-MLU73962997312_012024-F.jpg",1001,1199,false],"woocommerce_thumbnail":["https:\/\/rms-enlinea.com.ar\/wp-content\/uploads\/2025\/06\/D_823310-MLU73962997312_012024-F-450x450.jpg",450,450,true],"woocommerce_single":["https:\/\/rms-enlinea.com.ar\/wp-content\/uploads\/2025\/06\/D_823310-MLU73962997312_012024-F-600x719.jpg",600,719,true],"woocommerce_gallery_thumbnail":["https:\/\/rms-enlinea.com.ar\/wp-content\/uploads\/2025\/06\/D_823310-MLU73962997312_012024-F-100x100.jpg",100,100,true]},"uagb_author_info":{"display_name":"nelson","author_link":"https:\/\/rms-enlinea.com.ar\/tienda\/author\/"},"uagb_comment_info":0,"uagb_excerpt":"Tama\u00f1o m\u00e1ximo de memoria RAM soportada 192 GB Modelo i9-14900KF L\u00ednea Processador Modelo alfanum\u00e9rico BX8071514900KF Marca Intel Z\u00f3calos compatibles Lga1700 Cantidad de n\u00facleos de CPU 24 Tipos de memoria RAM soportadas DDR4 DDR5 Procesador gr\u00e1fico No tiene, requieres de tarjeta de video L\u00ednea Core i9 Frecuencia m\u00ednima de reloj 3200 MHz Arquitectura x64 Generaci\u00f3n 14\u00ba&hellip;","_links":{"self":[{"href":"https:\/\/rms-enlinea.com.ar\/tienda\/wp-json\/wp\/v2\/product\/57404","targetHints":{"allow":["GET"]}}],"collection":[{"href":"https:\/\/rms-enlinea.com.ar\/tienda\/wp-json\/wp\/v2\/product"}],"about":[{"href":"https:\/\/rms-enlinea.com.ar\/tienda\/wp-json\/wp\/v2\/types\/product"}],"replies":[{"embeddable":true,"href":"https:\/\/rms-enlinea.com.ar\/tienda\/wp-json\/wp\/v2\/comments?post=57404"}],"wp:featuredmedia":[{"embeddable":true,"href":"https:\/\/rms-enlinea.com.ar\/tienda\/wp-json\/wp\/v2\/media\/28633"}],"wp:attachment":[{"href":"https:\/\/rms-enlinea.com.ar\/tienda\/wp-json\/wp\/v2\/media?parent=57404"}],"wp:term":[{"taxonomy":"product_brand","embeddable":true,"href":"https:\/\/rms-enlinea.com.ar\/tienda\/wp-json\/wp\/v2\/product_brand?post=57404"},{"taxonomy":"product_cat","embeddable":true,"href":"https:\/\/rms-enlinea.com.ar\/tienda\/wp-json\/wp\/v2\/product_cat?post=57404"},{"taxonomy":"product_tag","embeddable":true,"href":"https:\/\/rms-enlinea.com.ar\/tienda\/wp-json\/wp\/v2\/product_tag?post=57404"}],"curies":[{"name":"wp","href":"https:\/\/api.w.org\/{rel}","templated":true}]}}