{"id":57407,"date":"2025-10-17T13:20:05","date_gmt":"2025-10-17T16:20:05","guid":{"rendered":"https:\/\/rms-enlinea.com.ar\/tienda\/producto\/kit-x-2-cierre-de-embutir-rack-anvil-penn-elcom-kpenn-0100\/"},"modified":"2026-04-21T04:53:25","modified_gmt":"2026-04-21T07:53:25","slug":"kit-x-2-cierre-de-embutir-rack-anvil-penn-elcom-kpenn-0100","status":"publish","type":"product","link":"https:\/\/rms-enlinea.com.ar\/tienda\/producto\/kit-x-2-cierre-de-embutir-rack-anvil-penn-elcom-kpenn-0100\/","title":{"rendered":"Kit X 2 Cierre De Embutir Rack Anvil Penn Elcom Kpenn-0100"},"content":{"rendered":"<p>TIPO DE PRODUCTO: CIERRE DE EMBUTIR<br \/>\nTIPO: MARIPOSA<br \/>\nMATERIAL: ACERO<br \/>\nSUPERFICIE: GALVANIZADO<br \/>\nORIFICIOS DE MONTAJE: 5MM<br \/>\nPORTACANDADO: SI<br \/>\nOFF SET: SI<br \/>\nPROTECCI\u00d3N REMACHADA: SI<br \/>\nCON RESORTE: S\u00cd<br \/>\nFUNCI\u00d3N PUSH-FLAT: NO<\/p>\n","protected":false},"excerpt":{"rendered":"<p>TIPO DE PRODUCTO: CIERRE DE EMBUTIR TIPO: MARIPOSA MATERIAL: ACERO SUPERFICIE: GALVANIZADO ORIFICIOS DE MONTAJE: 5MM PORTACANDADO: SI OFF SET: SI PROTECCI\u00d3N REMACHADA: SI CON RESORTE: S\u00cd FUNCI\u00d3N PUSH-FLAT: NO<\/p>\n","protected":false},"featured_media":57408,"comment_status":"open","ping_status":"closed","template":"","meta":{"_uag_custom_page_level_css":""},"product_brand":[471],"product_cat":[39,15],"product_tag":[],"class_list":{"0":"post-57407","1":"product","2":"type-product","3":"status-publish","4":"has-post-thumbnail","6":"product_brand-penn-elcom","7":"product_cat-cierres","8":"product_cat-sin-categorizar","10":"first","11":"outofstock","12":"sale","13":"taxable","14":"shipping-taxable","15":"purchasable","16":"product-type-simple"},"uagb_featured_image_src":{"full":["https:\/\/rms-enlinea.com.ar\/wp-content\/uploads\/2025\/10\/D_620402-MLA95042130708_102025-F.jpg",1195,1190,false],"thumbnail":["https:\/\/rms-enlinea.com.ar\/wp-content\/uploads\/2025\/10\/D_620402-MLA95042130708_102025-F-150x150.jpg",150,150,true],"medium":["https:\/\/rms-enlinea.com.ar\/wp-content\/uploads\/2025\/10\/D_620402-MLA95042130708_102025-F-300x300.jpg",300,300,true],"medium_large":["https:\/\/rms-enlinea.com.ar\/wp-content\/uploads\/2025\/10\/D_620402-MLA95042130708_102025-F-768x765.jpg",768,765,true],"large":["https:\/\/rms-enlinea.com.ar\/wp-content\/uploads\/2025\/10\/D_620402-MLA95042130708_102025-F-1024x1020.jpg",1024,1020,true],"1536x1536":["https:\/\/rms-enlinea.com.ar\/wp-content\/uploads\/2025\/10\/D_620402-MLA95042130708_102025-F.jpg",1195,1190,false],"2048x2048":["https:\/\/rms-enlinea.com.ar\/wp-content\/uploads\/2025\/10\/D_620402-MLA95042130708_102025-F.jpg",1195,1190,false],"woocommerce_thumbnail":["https:\/\/rms-enlinea.com.ar\/wp-content\/uploads\/2025\/10\/D_620402-MLA95042130708_102025-F-450x450.jpg",450,450,true],"woocommerce_single":["https:\/\/rms-enlinea.com.ar\/wp-content\/uploads\/2025\/10\/D_620402-MLA95042130708_102025-F-600x597.jpg",600,597,true],"woocommerce_gallery_thumbnail":["https:\/\/rms-enlinea.com.ar\/wp-content\/uploads\/2025\/10\/D_620402-MLA95042130708_102025-F-100x100.jpg",100,100,true]},"uagb_author_info":{"display_name":"nelson","author_link":"https:\/\/rms-enlinea.com.ar\/tienda\/author\/"},"uagb_comment_info":0,"uagb_excerpt":"TIPO DE PRODUCTO: CIERRE DE EMBUTIR TIPO: MARIPOSA MATERIAL: ACERO SUPERFICIE: GALVANIZADO ORIFICIOS DE MONTAJE: 5MM PORTACANDADO: SI OFF SET: SI PROTECCI\u00d3N REMACHADA: SI CON RESORTE: S\u00cd FUNCI\u00d3N PUSH-FLAT: NO","_links":{"self":[{"href":"https:\/\/rms-enlinea.com.ar\/tienda\/wp-json\/wp\/v2\/product\/57407","targetHints":{"allow":["GET"]}}],"collection":[{"href":"https:\/\/rms-enlinea.com.ar\/tienda\/wp-json\/wp\/v2\/product"}],"about":[{"href":"https:\/\/rms-enlinea.com.ar\/tienda\/wp-json\/wp\/v2\/types\/product"}],"replies":[{"embeddable":true,"href":"https:\/\/rms-enlinea.com.ar\/tienda\/wp-json\/wp\/v2\/comments?post=57407"}],"wp:featuredmedia":[{"embeddable":true,"href":"https:\/\/rms-enlinea.com.ar\/tienda\/wp-json\/wp\/v2\/media\/57408"}],"wp:attachment":[{"href":"https:\/\/rms-enlinea.com.ar\/tienda\/wp-json\/wp\/v2\/media?parent=57407"}],"wp:term":[{"taxonomy":"product_brand","embeddable":true,"href":"https:\/\/rms-enlinea.com.ar\/tienda\/wp-json\/wp\/v2\/product_brand?post=57407"},{"taxonomy":"product_cat","embeddable":true,"href":"https:\/\/rms-enlinea.com.ar\/tienda\/wp-json\/wp\/v2\/product_cat?post=57407"},{"taxonomy":"product_tag","embeddable":true,"href":"https:\/\/rms-enlinea.com.ar\/tienda\/wp-json\/wp\/v2\/product_tag?post=57407"}],"curies":[{"name":"wp","href":"https:\/\/api.w.org\/{rel}","templated":true}]}}