{"id":57476,"date":"2025-10-22T20:09:22","date_gmt":"2025-10-22T23:09:22","guid":{"rendered":"https:\/\/rms-enlinea.com.ar\/tienda\/producto\/parled-4-leds-blanco-50w-16-leds-rgb-uv-tecshow-nebula-dual\/"},"modified":"2026-04-21T04:21:54","modified_gmt":"2026-04-21T07:21:54","slug":"parled-4-leds-blanco-50w-16-leds-rgb-uv-tecshow-nebula-dual","status":"publish","type":"product","link":"https:\/\/rms-enlinea.com.ar\/tienda\/producto\/parled-4-leds-blanco-50w-16-leds-rgb-uv-tecshow-nebula-dual\/","title":{"rendered":"Parled 4 Leds Blanco 50w 16 Leds Rgb Uv Tecshow Nebula Dual"},"content":{"rendered":"<p>NEBULA DUAL<br \/>\nFUENTE &amp; \u00d3PTICA<br \/>\nLED: 4 LEDS BLANCOS X 50W + 16 LEDS RGBUV 4EN1 DE 8W \u00c1NGULO DE HAZ: 25 GRADOS<\/p>\n<p>INFORMACI\u00d3N FOTOM\u00c9TRICA<br \/>\nFLUJO LUM\u00cdNICO A 3 MTS ROJO: 463.1 LUX FLUJO LUM\u00cdNICO A 3 MTS VERDE: 838.8 LUX FLUJO LUM\u00cdNICO A 3 MTS AZUL: 24.89 LUX FLUJO LUM\u00cdNICO A 3 MTS UV: 52.4 LUX FLUJO LUM\u00cdNICO A 3 MTS BLANCO C\u00c1LIDO: 376 LUX FLUJO LUM\u00cdNICO A 3 MTS BLANCO: 339.6 LUX FLUJO LUM\u00cdNICO A 3 MTS, TODOS LOS COLORES: 2181 LUX.<\/p>\n<p>EFECTOS Y FUNCIONES<br \/>\nDIMMER ELECTR\u00d3NICO: 0-100% ESTROBO: 1-25 FLASHES POR SEGUNDO<\/p>\n<p>CONTROL<br \/>\nMODOS DE OPERACI\u00d3N: DMX512, MASTER\/SLAVE, AUTO, AUDIOR\u00cdTMICO CANALES DMX: 12 PROGRAMAS PRESETEADOS COLOR: BLANCO FR\u00cdO, BLANCO C\u00c1LIDO, RGBWUV DISPLAY: LCD<\/p>\n<p>F\u00cdSICO<br \/>\nDISPLAY LED CONECTORES DMX: 2 CONECTORES XLR (XLR-3 ENTRADA Y SALIDA) CONECTORES DE ALIMENTACI\u00d3N (ENTRADA\/SALIDA) DIMENSIONES: 250X85X250 MM. PESO: 1.9 KG.<\/p>\n","protected":false},"excerpt":{"rendered":"<p>NEBULA DUAL FUENTE &amp; \u00d3PTICA LED: 4 LEDS BLANCOS X 50W + 16 LEDS RGBUV 4EN1 DE 8W \u00c1NGULO DE HAZ: 25 GRADOS INFORMACI\u00d3N FOTOM\u00c9TRICA FLUJO LUM\u00cdNICO A 3 MTS ROJO: 463.1 LUX FLUJO LUM\u00cdNICO A 3 MTS VERDE: 838.8 LUX FLUJO LUM\u00cdNICO A 3 MTS AZUL: 24.89 LUX FLUJO LUM\u00cdNICO A 3 MTS UV: [&hellip;]<\/p>\n","protected":false},"featured_media":18627,"comment_status":"open","ping_status":"closed","template":"","meta":{"_uag_custom_page_level_css":""},"product_brand":[477],"product_cat":[15,97],"product_tag":[],"class_list":{"0":"post-57476","1":"product","2":"type-product","3":"status-publish","4":"has-post-thumbnail","6":"product_brand-ampro","7":"product_cat-sin-categorizar","8":"product_cat-wash-y-par","10":"first","11":"outofstock","12":"sale","13":"taxable","14":"shipping-taxable","15":"purchasable","16":"product-type-simple"},"uagb_featured_image_src":{"full":["https:\/\/rms-enlinea.com.ar\/wp-content\/uploads\/2025\/06\/D_668143-MLA70934813061_082023-F.jpg",684,657,false],"thumbnail":["https:\/\/rms-enlinea.com.ar\/wp-content\/uploads\/2025\/06\/D_668143-MLA70934813061_082023-F-150x150.jpg",150,150,true],"medium":["https:\/\/rms-enlinea.com.ar\/wp-content\/uploads\/2025\/06\/D_668143-MLA70934813061_082023-F-300x288.jpg",300,288,true],"medium_large":["https:\/\/rms-enlinea.com.ar\/wp-content\/uploads\/2025\/06\/D_668143-MLA70934813061_082023-F.jpg",684,657,false],"large":["https:\/\/rms-enlinea.com.ar\/wp-content\/uploads\/2025\/06\/D_668143-MLA70934813061_082023-F.jpg",684,657,false],"1536x1536":["https:\/\/rms-enlinea.com.ar\/wp-content\/uploads\/2025\/06\/D_668143-MLA70934813061_082023-F.jpg",684,657,false],"2048x2048":["https:\/\/rms-enlinea.com.ar\/wp-content\/uploads\/2025\/06\/D_668143-MLA70934813061_082023-F.jpg",684,657,false],"woocommerce_thumbnail":["https:\/\/rms-enlinea.com.ar\/wp-content\/uploads\/2025\/06\/D_668143-MLA70934813061_082023-F-450x450.jpg",450,450,true],"woocommerce_single":["https:\/\/rms-enlinea.com.ar\/wp-content\/uploads\/2025\/06\/D_668143-MLA70934813061_082023-F-600x576.jpg",600,576,true],"woocommerce_gallery_thumbnail":["https:\/\/rms-enlinea.com.ar\/wp-content\/uploads\/2025\/06\/D_668143-MLA70934813061_082023-F-100x100.jpg",100,100,true]},"uagb_author_info":{"display_name":"mario","author_link":"https:\/\/rms-enlinea.com.ar\/tienda\/author\/"},"uagb_comment_info":0,"uagb_excerpt":"NEBULA DUAL FUENTE &amp; \u00d3PTICA LED: 4 LEDS BLANCOS X 50W + 16 LEDS RGBUV 4EN1 DE 8W \u00c1NGULO DE HAZ: 25 GRADOS INFORMACI\u00d3N FOTOM\u00c9TRICA FLUJO LUM\u00cdNICO A 3 MTS ROJO: 463.1 LUX FLUJO LUM\u00cdNICO A 3 MTS VERDE: 838.8 LUX FLUJO LUM\u00cdNICO A 3 MTS AZUL: 24.89 LUX FLUJO LUM\u00cdNICO A 3 MTS UV:&hellip;","_links":{"self":[{"href":"https:\/\/rms-enlinea.com.ar\/tienda\/wp-json\/wp\/v2\/product\/57476","targetHints":{"allow":["GET"]}}],"collection":[{"href":"https:\/\/rms-enlinea.com.ar\/tienda\/wp-json\/wp\/v2\/product"}],"about":[{"href":"https:\/\/rms-enlinea.com.ar\/tienda\/wp-json\/wp\/v2\/types\/product"}],"replies":[{"embeddable":true,"href":"https:\/\/rms-enlinea.com.ar\/tienda\/wp-json\/wp\/v2\/comments?post=57476"}],"wp:featuredmedia":[{"embeddable":true,"href":"https:\/\/rms-enlinea.com.ar\/tienda\/wp-json\/wp\/v2\/media\/18627"}],"wp:attachment":[{"href":"https:\/\/rms-enlinea.com.ar\/tienda\/wp-json\/wp\/v2\/media?parent=57476"}],"wp:term":[{"taxonomy":"product_brand","embeddable":true,"href":"https:\/\/rms-enlinea.com.ar\/tienda\/wp-json\/wp\/v2\/product_brand?post=57476"},{"taxonomy":"product_cat","embeddable":true,"href":"https:\/\/rms-enlinea.com.ar\/tienda\/wp-json\/wp\/v2\/product_cat?post=57476"},{"taxonomy":"product_tag","embeddable":true,"href":"https:\/\/rms-enlinea.com.ar\/tienda\/wp-json\/wp\/v2\/product_tag?post=57476"}],"curies":[{"name":"wp","href":"https:\/\/api.w.org\/{rel}","templated":true}]}}