{"id":57482,"date":"2025-10-23T11:20:18","date_gmt":"2025-10-23T14:20:18","guid":{"rendered":"https:\/\/rms-enlinea.com.ar\/tienda\/producto\/auriculares-gamer-razer-blackshark-v2-x-pc-ps4-switch-3-5mm\/"},"modified":"2026-04-06T11:40:38","modified_gmt":"2026-04-06T14:40:38","slug":"auriculares-gamer-razer-blackshark-v2-x-pc-ps4-switch-3-5mm","status":"publish","type":"product","link":"https:\/\/rms-enlinea.com.ar\/tienda\/producto\/auriculares-gamer-razer-blackshark-v2-x-pc-ps4-switch-3-5mm\/","title":{"rendered":"Auriculares Gamer Razer Blackshark V2 X Pc Consolas 3.5mm"},"content":{"rendered":"<p>Marca<\/p>\n<p>Razer<br \/>Largo del cable<\/p>\n<p>1.8 m<br \/>Formato del auricular<\/p>\n<p>Headset<br \/>Es gamer<\/p>\n<p>S\u00ed<br \/>Es monoaural<\/p>\n<p>No<br \/>Es inal\u00e1mbrico<\/p>\n<p>No<br \/>L\u00ednea<\/p>\n<p>Blackshark<br \/>Modelo<\/p>\n<p>Blackshark v2<br \/>Caracter\u00edsticas del producto<\/p>\n<p>Sin vencimiento<br \/>Embalaje del env\u00edo<\/p>\n<p>Caja<br \/>Con Bluetooth<\/p>\n<p>No<br \/>Con micr\u00f3fono<\/p>\n<p>S\u00ed<br \/>Con cancelaci\u00f3n de ruido<\/p>\n<p>S\u00ed<\/p>\n","protected":false},"excerpt":{"rendered":"<p>Marca RazerLargo del cable 1.8 mFormato del auricular HeadsetEs gamer S\u00edEs monoaural NoEs inal\u00e1mbrico NoL\u00ednea BlacksharkModelo Blackshark v2Caracter\u00edsticas del producto Sin vencimientoEmbalaje del env\u00edo CajaCon Bluetooth NoCon micr\u00f3fono S\u00edCon cancelaci\u00f3n de ruido S\u00ed<\/p>\n","protected":false},"featured_media":57483,"comment_status":"open","ping_status":"closed","template":"","meta":{"_uag_custom_page_level_css":""},"product_brand":[559],"product_cat":[99],"product_tag":[],"class_list":{"0":"post-57482","1":"product","2":"type-product","3":"status-publish","4":"has-post-thumbnail","6":"product_brand-razer","7":"product_cat-auriculares-computacion","9":"first","10":"outofstock","11":"sale","12":"taxable","13":"shipping-taxable","14":"purchasable","15":"product-type-simple"},"uagb_featured_image_src":{"full":["https:\/\/rms-enlinea.com.ar\/wp-content\/uploads\/2025\/10\/D_642699-MLA96048070299_102025-F.jpg",927,1199,false],"thumbnail":["https:\/\/rms-enlinea.com.ar\/wp-content\/uploads\/2025\/10\/D_642699-MLA96048070299_102025-F-150x150.jpg",150,150,true],"medium":["https:\/\/rms-enlinea.com.ar\/wp-content\/uploads\/2025\/10\/D_642699-MLA96048070299_102025-F-232x300.jpg",232,300,true],"medium_large":["https:\/\/rms-enlinea.com.ar\/wp-content\/uploads\/2025\/10\/D_642699-MLA96048070299_102025-F-768x993.jpg",768,993,true],"large":["https:\/\/rms-enlinea.com.ar\/wp-content\/uploads\/2025\/10\/D_642699-MLA96048070299_102025-F-792x1024.jpg",792,1024,true],"1536x1536":["https:\/\/rms-enlinea.com.ar\/wp-content\/uploads\/2025\/10\/D_642699-MLA96048070299_102025-F.jpg",927,1199,false],"2048x2048":["https:\/\/rms-enlinea.com.ar\/wp-content\/uploads\/2025\/10\/D_642699-MLA96048070299_102025-F.jpg",927,1199,false],"woocommerce_thumbnail":["https:\/\/rms-enlinea.com.ar\/wp-content\/uploads\/2025\/10\/D_642699-MLA96048070299_102025-F-450x450.jpg",450,450,true],"woocommerce_single":["https:\/\/rms-enlinea.com.ar\/wp-content\/uploads\/2025\/10\/D_642699-MLA96048070299_102025-F-600x776.jpg",600,776,true],"woocommerce_gallery_thumbnail":["https:\/\/rms-enlinea.com.ar\/wp-content\/uploads\/2025\/10\/D_642699-MLA96048070299_102025-F-100x100.jpg",100,100,true]},"uagb_author_info":{"display_name":"nelson","author_link":"https:\/\/rms-enlinea.com.ar\/tienda\/author\/"},"uagb_comment_info":0,"uagb_excerpt":"Marca RazerLargo del cable 1.8 mFormato del auricular HeadsetEs gamer S\u00edEs monoaural NoEs inal\u00e1mbrico NoL\u00ednea BlacksharkModelo Blackshark v2Caracter\u00edsticas del producto Sin vencimientoEmbalaje del env\u00edo CajaCon Bluetooth NoCon micr\u00f3fono S\u00edCon cancelaci\u00f3n de ruido S\u00ed","_links":{"self":[{"href":"https:\/\/rms-enlinea.com.ar\/tienda\/wp-json\/wp\/v2\/product\/57482","targetHints":{"allow":["GET"]}}],"collection":[{"href":"https:\/\/rms-enlinea.com.ar\/tienda\/wp-json\/wp\/v2\/product"}],"about":[{"href":"https:\/\/rms-enlinea.com.ar\/tienda\/wp-json\/wp\/v2\/types\/product"}],"replies":[{"embeddable":true,"href":"https:\/\/rms-enlinea.com.ar\/tienda\/wp-json\/wp\/v2\/comments?post=57482"}],"wp:featuredmedia":[{"embeddable":true,"href":"https:\/\/rms-enlinea.com.ar\/tienda\/wp-json\/wp\/v2\/media\/57483"}],"wp:attachment":[{"href":"https:\/\/rms-enlinea.com.ar\/tienda\/wp-json\/wp\/v2\/media?parent=57482"}],"wp:term":[{"taxonomy":"product_brand","embeddable":true,"href":"https:\/\/rms-enlinea.com.ar\/tienda\/wp-json\/wp\/v2\/product_brand?post=57482"},{"taxonomy":"product_cat","embeddable":true,"href":"https:\/\/rms-enlinea.com.ar\/tienda\/wp-json\/wp\/v2\/product_cat?post=57482"},{"taxonomy":"product_tag","embeddable":true,"href":"https:\/\/rms-enlinea.com.ar\/tienda\/wp-json\/wp\/v2\/product_tag?post=57482"}],"curies":[{"name":"wp","href":"https:\/\/api.w.org\/{rel}","templated":true}]}}