{"id":57488,"date":"2025-10-23T11:20:44","date_gmt":"2025-10-23T14:20:44","guid":{"rendered":"https:\/\/rms-enlinea.com.ar\/tienda\/producto\/mouse-pad-gamer-razer-gigantus-v2-tela-3xl-550mm-x-1200mm\/"},"modified":"2026-04-24T17:30:11","modified_gmt":"2026-04-24T20:30:11","slug":"mouse-pad-gamer-razer-gigantus-v2-tela-3xl-550mm-x-1200mm","status":"publish","type":"product","link":"https:\/\/rms-enlinea.com.ar\/tienda\/producto\/mouse-pad-gamer-razer-gigantus-v2-tela-3xl-550mm-x-1200mm\/","title":{"rendered":"Mouse Pad Gamer Razer Gigantus V2 Tela 3xl 550mm X 1200mm"},"content":{"rendered":"<p>Marca<\/p>\n<p>Razer<br \/>\nEs gamer<\/p>\n<p>S\u00ed<br \/>\nEs antideslizante<\/p>\n<p>S\u00ed<br \/>\nLargo<\/p>\n<p>120 cm<br \/>\nMateriales<\/p>\n<p>Caucho,Tela<br \/>\nModelo<\/p>\n<p>Gigantus<br \/>\nTama\u00f1o del mouse pad<\/p>\n<p>3XL<br \/>\nEspesor<\/p>\n<p>4 mm<br \/>\nAncho<\/p>\n<p>55 cm<br \/>\nCon carga inal\u00e1mbrica de dispositivos<\/p>\n<p>No<br \/>\nCon apoya mu\u00f1eca<\/p>\n<p>No<\/p>\n","protected":false},"excerpt":{"rendered":"<p>Marca Razer Es gamer S\u00ed Es antideslizante S\u00ed Largo 120 cm Materiales Caucho,Tela Modelo Gigantus Tama\u00f1o del mouse pad 3XL Espesor 4 mm Ancho 55 cm Con carga inal\u00e1mbrica de dispositivos No Con apoya mu\u00f1eca No<\/p>\n","protected":false},"featured_media":57489,"comment_status":"open","ping_status":"closed","template":"","meta":{"_uag_custom_page_level_css":""},"product_brand":[559],"product_cat":[125],"product_tag":[],"class_list":{"0":"post-57488","1":"product","2":"type-product","3":"status-publish","4":"has-post-thumbnail","6":"product_brand-razer","7":"product_cat-teclados-y-mouses","9":"first","10":"outofstock","11":"sale","12":"taxable","13":"shipping-taxable","14":"purchasable","15":"product-type-simple"},"uagb_featured_image_src":{"full":["https:\/\/rms-enlinea.com.ar\/wp-content\/uploads\/2025\/10\/D_704794-MLA95607079718_102025-F.jpg",1196,537,false],"thumbnail":["https:\/\/rms-enlinea.com.ar\/wp-content\/uploads\/2025\/10\/D_704794-MLA95607079718_102025-F-150x150.jpg",150,150,true],"medium":["https:\/\/rms-enlinea.com.ar\/wp-content\/uploads\/2025\/10\/D_704794-MLA95607079718_102025-F-300x135.jpg",300,135,true],"medium_large":["https:\/\/rms-enlinea.com.ar\/wp-content\/uploads\/2025\/10\/D_704794-MLA95607079718_102025-F-768x345.jpg",768,345,true],"large":["https:\/\/rms-enlinea.com.ar\/wp-content\/uploads\/2025\/10\/D_704794-MLA95607079718_102025-F-1024x460.jpg",1024,460,true],"1536x1536":["https:\/\/rms-enlinea.com.ar\/wp-content\/uploads\/2025\/10\/D_704794-MLA95607079718_102025-F.jpg",1196,537,false],"2048x2048":["https:\/\/rms-enlinea.com.ar\/wp-content\/uploads\/2025\/10\/D_704794-MLA95607079718_102025-F.jpg",1196,537,false],"woocommerce_thumbnail":["https:\/\/rms-enlinea.com.ar\/wp-content\/uploads\/2025\/10\/D_704794-MLA95607079718_102025-F-450x450.jpg",450,450,true],"woocommerce_single":["https:\/\/rms-enlinea.com.ar\/wp-content\/uploads\/2025\/10\/D_704794-MLA95607079718_102025-F-600x269.jpg",600,269,true],"woocommerce_gallery_thumbnail":["https:\/\/rms-enlinea.com.ar\/wp-content\/uploads\/2025\/10\/D_704794-MLA95607079718_102025-F-100x100.jpg",100,100,true]},"uagb_author_info":{"display_name":"nelson","author_link":"https:\/\/rms-enlinea.com.ar\/tienda\/author\/"},"uagb_comment_info":0,"uagb_excerpt":"Marca Razer Es gamer S\u00ed Es antideslizante S\u00ed Largo 120 cm Materiales Caucho,Tela Modelo Gigantus Tama\u00f1o del mouse pad 3XL Espesor 4 mm Ancho 55 cm Con carga inal\u00e1mbrica de dispositivos No Con apoya mu\u00f1eca No","_links":{"self":[{"href":"https:\/\/rms-enlinea.com.ar\/tienda\/wp-json\/wp\/v2\/product\/57488","targetHints":{"allow":["GET"]}}],"collection":[{"href":"https:\/\/rms-enlinea.com.ar\/tienda\/wp-json\/wp\/v2\/product"}],"about":[{"href":"https:\/\/rms-enlinea.com.ar\/tienda\/wp-json\/wp\/v2\/types\/product"}],"replies":[{"embeddable":true,"href":"https:\/\/rms-enlinea.com.ar\/tienda\/wp-json\/wp\/v2\/comments?post=57488"}],"wp:featuredmedia":[{"embeddable":true,"href":"https:\/\/rms-enlinea.com.ar\/tienda\/wp-json\/wp\/v2\/media\/57489"}],"wp:attachment":[{"href":"https:\/\/rms-enlinea.com.ar\/tienda\/wp-json\/wp\/v2\/media?parent=57488"}],"wp:term":[{"taxonomy":"product_brand","embeddable":true,"href":"https:\/\/rms-enlinea.com.ar\/tienda\/wp-json\/wp\/v2\/product_brand?post=57488"},{"taxonomy":"product_cat","embeddable":true,"href":"https:\/\/rms-enlinea.com.ar\/tienda\/wp-json\/wp\/v2\/product_cat?post=57488"},{"taxonomy":"product_tag","embeddable":true,"href":"https:\/\/rms-enlinea.com.ar\/tienda\/wp-json\/wp\/v2\/product_tag?post=57488"}],"curies":[{"name":"wp","href":"https:\/\/api.w.org\/{rel}","templated":true}]}}