{"id":57491,"date":"2025-10-23T11:20:54","date_gmt":"2025-10-23T14:20:54","guid":{"rendered":"https:\/\/rms-enlinea.com.ar\/tienda\/producto\/auricular-gamer-razer-blackshark-v2-x-blanco-mini-plug\/"},"modified":"2026-04-21T04:38:23","modified_gmt":"2026-04-21T07:38:23","slug":"auricular-gamer-razer-blackshark-v2-x-blanco-mini-plug","status":"publish","type":"product","link":"https:\/\/rms-enlinea.com.ar\/tienda\/producto\/auricular-gamer-razer-blackshark-v2-x-blanco-mini-plug\/","title":{"rendered":"Auricular Gamer Razer Blackshark V2 X Blanco Mini Plug"},"content":{"rendered":"<p>Unidad de diafragma<\/p>\n<p>50 mm<br \/>Earcups<\/p>\n<p>Breathable memory foam cushions<br \/>Frequency Response<\/p>\n<p>12 Hz ? 28 kHz<br \/>Compatibility<\/p>\n<p>PC, Mac, PS4, Xbox One, and mobile devices* *Mobile devices with an available 3.5mm port<br \/>Con cancelaci\u00f3n de ruido<\/p>\n<p>S\u00ed<br \/>C\u00f3digo universal de producto<\/p>\n<p>8886419379454<br \/>Fabricante<\/p>\n<p>Razer<br \/>Sensibilidad<\/p>\n<p>100 dB<br \/>Con Bluetooth<\/p>\n<p>No<br \/>Lighting<\/p>\n<p>None<br \/>Formato del auricular<\/p>\n<p>Over-ear<br \/>Virtual Surround Encoding<\/p>\n<p>7.1 Surround sound: Only available on Windows 10 64-bit<br \/>Es monoaural<\/p>\n<p>No<br \/>Condici\u00f3n del \u00edtem<\/p>\n<p>Nuevo<br \/>Con luz LED<\/p>\n<p>No<br \/>Impedance<\/p>\n<p>32 ? (1 kHz)<\/p>\n","protected":false},"excerpt":{"rendered":"<p>Unidad de diafragma 50 mmEarcups Breathable memory foam cushionsFrequency Response 12 Hz ? 28 kHzCompatibility PC, Mac, PS4, Xbox One, and mobile devices* *Mobile devices with an available 3.5mm portCon cancelaci\u00f3n de ruido S\u00edC\u00f3digo universal de producto 8886419379454Fabricante RazerSensibilidad 100 dBCon Bluetooth NoLighting NoneFormato del auricular Over-earVirtual Surround Encoding 7.1 Surround sound: Only available on [&hellip;]<\/p>\n","protected":false},"featured_media":57492,"comment_status":"open","ping_status":"closed","template":"","meta":{"_uag_custom_page_level_css":""},"product_brand":[559],"product_cat":[99],"product_tag":[],"class_list":{"0":"post-57491","1":"product","2":"type-product","3":"status-publish","4":"has-post-thumbnail","6":"product_brand-razer","7":"product_cat-auriculares-computacion","9":"first","10":"outofstock","11":"sale","12":"taxable","13":"shipping-taxable","14":"purchasable","15":"product-type-simple"},"uagb_featured_image_src":{"full":["https:\/\/rms-enlinea.com.ar\/wp-content\/uploads\/2025\/10\/D_740137-MLA96047222489_102025-F.jpg",1031,1188,false],"thumbnail":["https:\/\/rms-enlinea.com.ar\/wp-content\/uploads\/2025\/10\/D_740137-MLA96047222489_102025-F-150x150.jpg",150,150,true],"medium":["https:\/\/rms-enlinea.com.ar\/wp-content\/uploads\/2025\/10\/D_740137-MLA96047222489_102025-F-260x300.jpg",260,300,true],"medium_large":["https:\/\/rms-enlinea.com.ar\/wp-content\/uploads\/2025\/10\/D_740137-MLA96047222489_102025-F-768x885.jpg",768,885,true],"large":["https:\/\/rms-enlinea.com.ar\/wp-content\/uploads\/2025\/10\/D_740137-MLA96047222489_102025-F-889x1024.jpg",889,1024,true],"1536x1536":["https:\/\/rms-enlinea.com.ar\/wp-content\/uploads\/2025\/10\/D_740137-MLA96047222489_102025-F.jpg",1031,1188,false],"2048x2048":["https:\/\/rms-enlinea.com.ar\/wp-content\/uploads\/2025\/10\/D_740137-MLA96047222489_102025-F.jpg",1031,1188,false],"woocommerce_thumbnail":["https:\/\/rms-enlinea.com.ar\/wp-content\/uploads\/2025\/10\/D_740137-MLA96047222489_102025-F-450x450.jpg",450,450,true],"woocommerce_single":["https:\/\/rms-enlinea.com.ar\/wp-content\/uploads\/2025\/10\/D_740137-MLA96047222489_102025-F-600x691.jpg",600,691,true],"woocommerce_gallery_thumbnail":["https:\/\/rms-enlinea.com.ar\/wp-content\/uploads\/2025\/10\/D_740137-MLA96047222489_102025-F-100x100.jpg",100,100,true]},"uagb_author_info":{"display_name":"nelson","author_link":"https:\/\/rms-enlinea.com.ar\/tienda\/author\/"},"uagb_comment_info":0,"uagb_excerpt":"Unidad de diafragma 50 mmEarcups Breathable memory foam cushionsFrequency Response 12 Hz ? 28 kHzCompatibility PC, Mac, PS4, Xbox One, and mobile devices* *Mobile devices with an available 3.5mm portCon cancelaci\u00f3n de ruido S\u00edC\u00f3digo universal de producto 8886419379454Fabricante RazerSensibilidad 100 dBCon Bluetooth NoLighting NoneFormato del auricular Over-earVirtual Surround Encoding 7.1 Surround sound: Only available on&hellip;","_links":{"self":[{"href":"https:\/\/rms-enlinea.com.ar\/tienda\/wp-json\/wp\/v2\/product\/57491","targetHints":{"allow":["GET"]}}],"collection":[{"href":"https:\/\/rms-enlinea.com.ar\/tienda\/wp-json\/wp\/v2\/product"}],"about":[{"href":"https:\/\/rms-enlinea.com.ar\/tienda\/wp-json\/wp\/v2\/types\/product"}],"replies":[{"embeddable":true,"href":"https:\/\/rms-enlinea.com.ar\/tienda\/wp-json\/wp\/v2\/comments?post=57491"}],"wp:featuredmedia":[{"embeddable":true,"href":"https:\/\/rms-enlinea.com.ar\/tienda\/wp-json\/wp\/v2\/media\/57492"}],"wp:attachment":[{"href":"https:\/\/rms-enlinea.com.ar\/tienda\/wp-json\/wp\/v2\/media?parent=57491"}],"wp:term":[{"taxonomy":"product_brand","embeddable":true,"href":"https:\/\/rms-enlinea.com.ar\/tienda\/wp-json\/wp\/v2\/product_brand?post=57491"},{"taxonomy":"product_cat","embeddable":true,"href":"https:\/\/rms-enlinea.com.ar\/tienda\/wp-json\/wp\/v2\/product_cat?post=57491"},{"taxonomy":"product_tag","embeddable":true,"href":"https:\/\/rms-enlinea.com.ar\/tienda\/wp-json\/wp\/v2\/product_tag?post=57491"}],"curies":[{"name":"wp","href":"https:\/\/api.w.org\/{rel}","templated":true}]}}