{"id":57644,"date":"2025-10-27T23:21:11","date_gmt":"2025-10-28T02:21:11","guid":{"rendered":"https:\/\/rms-enlinea.com.ar\/tienda\/producto\/mochila-gaming-razer-rogue-17-v3-rc81-03650101-0000\/"},"modified":"2026-03-31T18:28:03","modified_gmt":"2026-03-31T21:28:03","slug":"mochila-gaming-razer-rogue-17-v3-rc81-03650101-0000","status":"publish","type":"product","link":"https:\/\/rms-enlinea.com.ar\/tienda\/producto\/mochila-gaming-razer-rogue-17-v3-rc81-03650101-0000\/","title":{"rendered":"Mochila Gaming Razer Rogue 17 V3 Rc81-03650101-0000"},"content":{"rendered":"<p>Aunque no es a prueba de agua, su dise\u00f1o robusto y reforzado asegura que tu laptop y otros objetos est\u00e9n protegidos en condiciones normales. La mochila no incluye ruedas ni mecanismos antirrobo, lo que la hace m\u00e1s ligera y f\u00e1cil de llevar. Con unas dimensiones de 53 cm de altura, 32 cm de ancho y 17 cm de profundidad, es compacta y pr\u00e1ctica para el uso diario.<\/p>\n<p>La Razer Rogue 17 V3 es m\u00e1s que una simple mochila; es una declaraci\u00f3n de estilo y funcionalidad para quienes valoran la calidad y el dise\u00f1o en su equipo de transporte. Ideal para estudiantes, profesionales y gamers, esta mochila se convierte en un aliado indispensable en tu d\u00eda a d\u00eda.<\/p>\n","protected":false},"excerpt":{"rendered":"<p>Aunque no es a prueba de agua, su dise\u00f1o robusto y reforzado asegura que tu laptop y otros objetos est\u00e9n protegidos en condiciones normales. La mochila no incluye ruedas ni mecanismos antirrobo, lo que la hace m\u00e1s ligera y f\u00e1cil de llevar. Con unas dimensiones de 53 cm de altura, 32 cm de ancho y [&hellip;]<\/p>\n","protected":false},"featured_media":57645,"comment_status":"open","ping_status":"closed","template":"","meta":{"_uag_custom_page_level_css":""},"product_brand":[559],"product_cat":[100],"product_tag":[],"class_list":{"0":"post-57644","1":"product","2":"type-product","3":"status-publish","4":"has-post-thumbnail","6":"product_brand-razer","7":"product_cat-bolsos-y-mochilas","9":"first","10":"outofstock","11":"sale","12":"taxable","13":"shipping-taxable","14":"purchasable","15":"product-type-simple"},"uagb_featured_image_src":{"full":["https:\/\/rms-enlinea.com.ar\/wp-content\/uploads\/2025\/10\/D_995055-MLA95988137576_102025-F.jpg",764,1200,false],"thumbnail":["https:\/\/rms-enlinea.com.ar\/wp-content\/uploads\/2025\/10\/D_995055-MLA95988137576_102025-F-150x150.jpg",150,150,true],"medium":["https:\/\/rms-enlinea.com.ar\/wp-content\/uploads\/2025\/10\/D_995055-MLA95988137576_102025-F-191x300.jpg",191,300,true],"medium_large":["https:\/\/rms-enlinea.com.ar\/wp-content\/uploads\/2025\/10\/D_995055-MLA95988137576_102025-F.jpg",764,1200,false],"large":["https:\/\/rms-enlinea.com.ar\/wp-content\/uploads\/2025\/10\/D_995055-MLA95988137576_102025-F-652x1024.jpg",652,1024,true],"1536x1536":["https:\/\/rms-enlinea.com.ar\/wp-content\/uploads\/2025\/10\/D_995055-MLA95988137576_102025-F.jpg",764,1200,false],"2048x2048":["https:\/\/rms-enlinea.com.ar\/wp-content\/uploads\/2025\/10\/D_995055-MLA95988137576_102025-F.jpg",764,1200,false],"woocommerce_thumbnail":["https:\/\/rms-enlinea.com.ar\/wp-content\/uploads\/2025\/10\/D_995055-MLA95988137576_102025-F-450x450.jpg",450,450,true],"woocommerce_single":["https:\/\/rms-enlinea.com.ar\/wp-content\/uploads\/2025\/10\/D_995055-MLA95988137576_102025-F-600x942.jpg",600,942,true],"woocommerce_gallery_thumbnail":["https:\/\/rms-enlinea.com.ar\/wp-content\/uploads\/2025\/10\/D_995055-MLA95988137576_102025-F-100x100.jpg",100,100,true]},"uagb_author_info":{"display_name":"nelson","author_link":"https:\/\/rms-enlinea.com.ar\/tienda\/author\/"},"uagb_comment_info":0,"uagb_excerpt":"Aunque no es a prueba de agua, su dise\u00f1o robusto y reforzado asegura que tu laptop y otros objetos est\u00e9n protegidos en condiciones normales. La mochila no incluye ruedas ni mecanismos antirrobo, lo que la hace m\u00e1s ligera y f\u00e1cil de llevar. Con unas dimensiones de 53 cm de altura, 32 cm de ancho y&hellip;","_links":{"self":[{"href":"https:\/\/rms-enlinea.com.ar\/tienda\/wp-json\/wp\/v2\/product\/57644","targetHints":{"allow":["GET"]}}],"collection":[{"href":"https:\/\/rms-enlinea.com.ar\/tienda\/wp-json\/wp\/v2\/product"}],"about":[{"href":"https:\/\/rms-enlinea.com.ar\/tienda\/wp-json\/wp\/v2\/types\/product"}],"replies":[{"embeddable":true,"href":"https:\/\/rms-enlinea.com.ar\/tienda\/wp-json\/wp\/v2\/comments?post=57644"}],"wp:featuredmedia":[{"embeddable":true,"href":"https:\/\/rms-enlinea.com.ar\/tienda\/wp-json\/wp\/v2\/media\/57645"}],"wp:attachment":[{"href":"https:\/\/rms-enlinea.com.ar\/tienda\/wp-json\/wp\/v2\/media?parent=57644"}],"wp:term":[{"taxonomy":"product_brand","embeddable":true,"href":"https:\/\/rms-enlinea.com.ar\/tienda\/wp-json\/wp\/v2\/product_brand?post=57644"},{"taxonomy":"product_cat","embeddable":true,"href":"https:\/\/rms-enlinea.com.ar\/tienda\/wp-json\/wp\/v2\/product_cat?post=57644"},{"taxonomy":"product_tag","embeddable":true,"href":"https:\/\/rms-enlinea.com.ar\/tienda\/wp-json\/wp\/v2\/product_tag?post=57644"}],"curies":[{"name":"wp","href":"https:\/\/api.w.org\/{rel}","templated":true}]}}