{"id":57713,"date":"2025-10-29T16:42:20","date_gmt":"2025-10-29T19:42:20","guid":{"rendered":"https:\/\/rms-enlinea.com.ar\/tienda\/producto\/estabilizador-kelyx-6-tomas-max-600w-150-270v-protection-1mt\/"},"modified":"2026-04-02T16:36:38","modified_gmt":"2026-04-02T19:36:38","slug":"estabilizador-kelyx-6-tomas-max-600w-150-270v-protection-1mt","status":"publish","type":"product","link":"https:\/\/rms-enlinea.com.ar\/tienda\/producto\/estabilizador-kelyx-6-tomas-max-600w-150-270v-protection-1mt\/","title":{"rendered":"Estabilizador Kelyx 6 Tomas Max 600w 150-270v Protection 1mt"},"content":{"rendered":"<p>Descripci\u00f3n<br \/>\nM\u00e1s informaci\u00f3n<br \/>\nModelo<\/p>\n<p>K2206-AR<\/p>\n<p>Voltaje<\/p>\n<p>220V<\/p>\n<p>Potencia pico<\/p>\n<p>600W\/1200Va<\/p>\n<p>Potencia nominal<\/p>\n<p>600W\/1200Va<\/p>\n<p>Niveles de latencia<\/p>\n<p>2\/10\/30 segundos<\/p>\n<p>Voltaje de entrada<\/p>\n<p>150V &#8211; 290V<\/p>\n<p>Voltaje de salida<\/p>\n<p>180V &#8211; 270V<\/p>\n<p>Con protecci\u00f3n surge<\/p>\n<p>Si<\/p>\n<p>Longitud de cable<\/p>\n<p>1metro<\/p>\n<p>Cantidad de tomas<\/p>\n<p>6<\/p>\n<p>Tipo de enchufe<\/p>\n<p>Est\u00e1ndar argentino<\/p>\n<p>Tipo de puerto<\/p>\n<p>RJ11<\/p>\n<p>Con boton<\/p>\n<p>Si<\/p>\n","protected":false},"excerpt":{"rendered":"<p>Descripci\u00f3n M\u00e1s informaci\u00f3n Modelo K2206-AR Voltaje 220V Potencia pico 600W\/1200Va Potencia nominal 600W\/1200Va Niveles de latencia 2\/10\/30 segundos Voltaje de entrada 150V &#8211; 290V Voltaje de salida 180V &#8211; 270V Con protecci\u00f3n surge Si Longitud de cable 1metro Cantidad de tomas 6 Tipo de enchufe Est\u00e1ndar argentino Tipo de puerto RJ11 Con boton Si<\/p>\n","protected":false},"featured_media":57714,"comment_status":"open","ping_status":"closed","template":"","meta":{"_uag_custom_page_level_css":""},"product_brand":[571],"product_cat":[107],"product_tag":[],"class_list":{"0":"post-57713","1":"product","2":"type-product","3":"status-publish","4":"has-post-thumbnail","6":"product_brand-kelyx","7":"product_cat-estabilizadores-y-ups","9":"first","10":"outofstock","11":"sale","12":"taxable","13":"shipping-taxable","14":"purchasable","15":"product-type-simple"},"uagb_featured_image_src":{"full":["https:\/\/rms-enlinea.com.ar\/wp-content\/uploads\/2025\/10\/D_948491-MLA96641276607_102025-F.jpg",434,1036,false],"thumbnail":["https:\/\/rms-enlinea.com.ar\/wp-content\/uploads\/2025\/10\/D_948491-MLA96641276607_102025-F-150x150.jpg",150,150,true],"medium":["https:\/\/rms-enlinea.com.ar\/wp-content\/uploads\/2025\/10\/D_948491-MLA96641276607_102025-F-126x300.jpg",126,300,true],"medium_large":["https:\/\/rms-enlinea.com.ar\/wp-content\/uploads\/2025\/10\/D_948491-MLA96641276607_102025-F.jpg",434,1036,false],"large":["https:\/\/rms-enlinea.com.ar\/wp-content\/uploads\/2025\/10\/D_948491-MLA96641276607_102025-F-429x1024.jpg",429,1024,true],"1536x1536":["https:\/\/rms-enlinea.com.ar\/wp-content\/uploads\/2025\/10\/D_948491-MLA96641276607_102025-F.jpg",434,1036,false],"2048x2048":["https:\/\/rms-enlinea.com.ar\/wp-content\/uploads\/2025\/10\/D_948491-MLA96641276607_102025-F.jpg",434,1036,false],"woocommerce_thumbnail":["https:\/\/rms-enlinea.com.ar\/wp-content\/uploads\/2025\/10\/D_948491-MLA96641276607_102025-F-434x450.jpg",434,450,true],"woocommerce_single":["https:\/\/rms-enlinea.com.ar\/wp-content\/uploads\/2025\/10\/D_948491-MLA96641276607_102025-F.jpg",434,1036,false],"woocommerce_gallery_thumbnail":["https:\/\/rms-enlinea.com.ar\/wp-content\/uploads\/2025\/10\/D_948491-MLA96641276607_102025-F-100x100.jpg",100,100,true]},"uagb_author_info":{"display_name":"nelson","author_link":"https:\/\/rms-enlinea.com.ar\/tienda\/author\/"},"uagb_comment_info":0,"uagb_excerpt":"Descripci\u00f3n M\u00e1s informaci\u00f3n Modelo K2206-AR Voltaje 220V Potencia pico 600W\/1200Va Potencia nominal 600W\/1200Va Niveles de latencia 2\/10\/30 segundos Voltaje de entrada 150V &#8211; 290V Voltaje de salida 180V &#8211; 270V Con protecci\u00f3n surge Si Longitud de cable 1metro Cantidad de tomas 6 Tipo de enchufe Est\u00e1ndar argentino Tipo de puerto RJ11 Con boton Si","_links":{"self":[{"href":"https:\/\/rms-enlinea.com.ar\/tienda\/wp-json\/wp\/v2\/product\/57713","targetHints":{"allow":["GET"]}}],"collection":[{"href":"https:\/\/rms-enlinea.com.ar\/tienda\/wp-json\/wp\/v2\/product"}],"about":[{"href":"https:\/\/rms-enlinea.com.ar\/tienda\/wp-json\/wp\/v2\/types\/product"}],"replies":[{"embeddable":true,"href":"https:\/\/rms-enlinea.com.ar\/tienda\/wp-json\/wp\/v2\/comments?post=57713"}],"wp:featuredmedia":[{"embeddable":true,"href":"https:\/\/rms-enlinea.com.ar\/tienda\/wp-json\/wp\/v2\/media\/57714"}],"wp:attachment":[{"href":"https:\/\/rms-enlinea.com.ar\/tienda\/wp-json\/wp\/v2\/media?parent=57713"}],"wp:term":[{"taxonomy":"product_brand","embeddable":true,"href":"https:\/\/rms-enlinea.com.ar\/tienda\/wp-json\/wp\/v2\/product_brand?post=57713"},{"taxonomy":"product_cat","embeddable":true,"href":"https:\/\/rms-enlinea.com.ar\/tienda\/wp-json\/wp\/v2\/product_cat?post=57713"},{"taxonomy":"product_tag","embeddable":true,"href":"https:\/\/rms-enlinea.com.ar\/tienda\/wp-json\/wp\/v2\/product_tag?post=57713"}],"curies":[{"name":"wp","href":"https:\/\/api.w.org\/{rel}","templated":true}]}}