{"id":57718,"date":"2025-10-29T16:52:06","date_gmt":"2025-10-29T19:52:06","guid":{"rendered":"https:\/\/rms-enlinea.com.ar\/tienda\/producto\/zapatilla-alargue-kelyx-4-tomas-220v-c-proteccion-1-5mts\/"},"modified":"2026-04-02T17:20:43","modified_gmt":"2026-04-02T20:20:43","slug":"zapatilla-alargue-kelyx-4-tomas-220v-c-proteccion-1-5mts","status":"publish","type":"product","link":"https:\/\/rms-enlinea.com.ar\/tienda\/producto\/zapatilla-alargue-kelyx-4-tomas-220v-c-proteccion-1-5mts\/","title":{"rendered":"Zapatilla Alargue Kelyx 4 Tomas 220v C\/proteccion 1.5mts"},"content":{"rendered":"<p>Caracter\u00edsticas nominales 10A, 250V~<br \/>\nPotencia m\u00e1xima 2200W<br \/>\n\u00cdndice de protecci\u00f3n (IP) IP20<br \/>\nCarga m\u00e1xima simult\u00e1nea 10A<br \/>\nCantidad de salidas 4 tomas<br \/>\nModelo SL9104<\/p>\n","protected":false},"excerpt":{"rendered":"<p>Caracter\u00edsticas nominales 10A, 250V~ Potencia m\u00e1xima 2200W \u00cdndice de protecci\u00f3n (IP) IP20 Carga m\u00e1xima simult\u00e1nea 10A Cantidad de salidas 4 tomas Modelo SL9104<\/p>\n","protected":false},"featured_media":57719,"comment_status":"open","ping_status":"closed","template":"","meta":{"_uag_custom_page_level_css":""},"product_brand":[571],"product_cat":[124],"product_tag":[],"class_list":{"0":"post-57718","1":"product","2":"type-product","3":"status-publish","4":"has-post-thumbnail","6":"product_brand-kelyx","7":"product_cat-sistemas-de-sonido-parlantes","9":"first","10":"outofstock","11":"sale","12":"taxable","13":"shipping-taxable","14":"purchasable","15":"product-type-simple"},"uagb_featured_image_src":{"full":["https:\/\/rms-enlinea.com.ar\/wp-content\/uploads\/2025\/10\/D_606046-MLA96640724227_102025-F.jpg",1200,775,false],"thumbnail":["https:\/\/rms-enlinea.com.ar\/wp-content\/uploads\/2025\/10\/D_606046-MLA96640724227_102025-F-150x150.jpg",150,150,true],"medium":["https:\/\/rms-enlinea.com.ar\/wp-content\/uploads\/2025\/10\/D_606046-MLA96640724227_102025-F-300x194.jpg",300,194,true],"medium_large":["https:\/\/rms-enlinea.com.ar\/wp-content\/uploads\/2025\/10\/D_606046-MLA96640724227_102025-F-768x496.jpg",768,496,true],"large":["https:\/\/rms-enlinea.com.ar\/wp-content\/uploads\/2025\/10\/D_606046-MLA96640724227_102025-F-1024x661.jpg",1024,661,true],"1536x1536":["https:\/\/rms-enlinea.com.ar\/wp-content\/uploads\/2025\/10\/D_606046-MLA96640724227_102025-F.jpg",1200,775,false],"2048x2048":["https:\/\/rms-enlinea.com.ar\/wp-content\/uploads\/2025\/10\/D_606046-MLA96640724227_102025-F.jpg",1200,775,false],"woocommerce_thumbnail":["https:\/\/rms-enlinea.com.ar\/wp-content\/uploads\/2025\/10\/D_606046-MLA96640724227_102025-F-450x450.jpg",450,450,true],"woocommerce_single":["https:\/\/rms-enlinea.com.ar\/wp-content\/uploads\/2025\/10\/D_606046-MLA96640724227_102025-F-600x388.jpg",600,388,true],"woocommerce_gallery_thumbnail":["https:\/\/rms-enlinea.com.ar\/wp-content\/uploads\/2025\/10\/D_606046-MLA96640724227_102025-F-100x100.jpg",100,100,true]},"uagb_author_info":{"display_name":"nelson","author_link":"https:\/\/rms-enlinea.com.ar\/tienda\/author\/"},"uagb_comment_info":0,"uagb_excerpt":"Caracter\u00edsticas nominales 10A, 250V~ Potencia m\u00e1xima 2200W \u00cdndice de protecci\u00f3n (IP) IP20 Carga m\u00e1xima simult\u00e1nea 10A Cantidad de salidas 4 tomas Modelo SL9104","_links":{"self":[{"href":"https:\/\/rms-enlinea.com.ar\/tienda\/wp-json\/wp\/v2\/product\/57718","targetHints":{"allow":["GET"]}}],"collection":[{"href":"https:\/\/rms-enlinea.com.ar\/tienda\/wp-json\/wp\/v2\/product"}],"about":[{"href":"https:\/\/rms-enlinea.com.ar\/tienda\/wp-json\/wp\/v2\/types\/product"}],"replies":[{"embeddable":true,"href":"https:\/\/rms-enlinea.com.ar\/tienda\/wp-json\/wp\/v2\/comments?post=57718"}],"wp:featuredmedia":[{"embeddable":true,"href":"https:\/\/rms-enlinea.com.ar\/tienda\/wp-json\/wp\/v2\/media\/57719"}],"wp:attachment":[{"href":"https:\/\/rms-enlinea.com.ar\/tienda\/wp-json\/wp\/v2\/media?parent=57718"}],"wp:term":[{"taxonomy":"product_brand","embeddable":true,"href":"https:\/\/rms-enlinea.com.ar\/tienda\/wp-json\/wp\/v2\/product_brand?post=57718"},{"taxonomy":"product_cat","embeddable":true,"href":"https:\/\/rms-enlinea.com.ar\/tienda\/wp-json\/wp\/v2\/product_cat?post=57718"},{"taxonomy":"product_tag","embeddable":true,"href":"https:\/\/rms-enlinea.com.ar\/tienda\/wp-json\/wp\/v2\/product_tag?post=57718"}],"curies":[{"name":"wp","href":"https:\/\/api.w.org\/{rel}","templated":true}]}}