{"id":57721,"date":"2025-10-29T17:12:11","date_gmt":"2025-10-29T20:12:11","guid":{"rendered":"https:\/\/rms-enlinea.com.ar\/tienda\/producto\/zapatilla-alargue-kelyx-4-tomas-220v-c-proteccion-1-5mts-2\/"},"modified":"2026-03-31T18:26:10","modified_gmt":"2026-03-31T21:26:10","slug":"zapatilla-alargue-kelyx-4-tomas-220v-c-proteccion-1-5mts-2","status":"publish","type":"product","link":"https:\/\/rms-enlinea.com.ar\/tienda\/producto\/zapatilla-alargue-kelyx-4-tomas-220v-c-proteccion-1-5mts-2\/","title":{"rendered":"Zapatilla Alargue Kelyx 4 Tomas 220v C\/proteccion 1.5mts"},"content":{"rendered":"<p>Caracter\u00edsticas nominales: 10A, 250V. M\u00e1ximo 2200W, IP20 &#8211; Carga m\u00e1xima simult\u00e1nea 10A<\/p>\n<p>Cantidad de salidas: 6 tomas<\/p>\n<p>Modelo: SL9106<\/p>\n<p>Origen: China<\/p>\n","protected":false},"excerpt":{"rendered":"<p>Caracter\u00edsticas nominales: 10A, 250V. M\u00e1ximo 2200W, IP20 &#8211; Carga m\u00e1xima simult\u00e1nea 10A Cantidad de salidas: 6 tomas Modelo: SL9106 Origen: China<\/p>\n","protected":false},"featured_media":57722,"comment_status":"open","ping_status":"closed","template":"","meta":{"_uag_custom_page_level_css":""},"product_brand":[571],"product_cat":[462],"product_tag":[],"class_list":{"0":"post-57721","1":"product","2":"type-product","3":"status-publish","4":"has-post-thumbnail","6":"product_brand-kelyx","7":"product_cat-hogar-inteligente","9":"first","10":"outofstock","11":"sale","12":"taxable","13":"shipping-taxable","14":"purchasable","15":"product-type-simple"},"uagb_featured_image_src":{"full":["https:\/\/rms-enlinea.com.ar\/wp-content\/uploads\/2025\/10\/D_921582-MLA96198094804_102025-F.jpg",1048,716,false],"thumbnail":["https:\/\/rms-enlinea.com.ar\/wp-content\/uploads\/2025\/10\/D_921582-MLA96198094804_102025-F-150x150.jpg",150,150,true],"medium":["https:\/\/rms-enlinea.com.ar\/wp-content\/uploads\/2025\/10\/D_921582-MLA96198094804_102025-F-300x205.jpg",300,205,true],"medium_large":["https:\/\/rms-enlinea.com.ar\/wp-content\/uploads\/2025\/10\/D_921582-MLA96198094804_102025-F-768x525.jpg",768,525,true],"large":["https:\/\/rms-enlinea.com.ar\/wp-content\/uploads\/2025\/10\/D_921582-MLA96198094804_102025-F-1024x700.jpg",1024,700,true],"1536x1536":["https:\/\/rms-enlinea.com.ar\/wp-content\/uploads\/2025\/10\/D_921582-MLA96198094804_102025-F.jpg",1048,716,false],"2048x2048":["https:\/\/rms-enlinea.com.ar\/wp-content\/uploads\/2025\/10\/D_921582-MLA96198094804_102025-F.jpg",1048,716,false],"woocommerce_thumbnail":["https:\/\/rms-enlinea.com.ar\/wp-content\/uploads\/2025\/10\/D_921582-MLA96198094804_102025-F-450x450.jpg",450,450,true],"woocommerce_single":["https:\/\/rms-enlinea.com.ar\/wp-content\/uploads\/2025\/10\/D_921582-MLA96198094804_102025-F-600x410.jpg",600,410,true],"woocommerce_gallery_thumbnail":["https:\/\/rms-enlinea.com.ar\/wp-content\/uploads\/2025\/10\/D_921582-MLA96198094804_102025-F-100x100.jpg",100,100,true]},"uagb_author_info":{"display_name":"nelson","author_link":"https:\/\/rms-enlinea.com.ar\/tienda\/author\/"},"uagb_comment_info":0,"uagb_excerpt":"Caracter\u00edsticas nominales: 10A, 250V. M\u00e1ximo 2200W, IP20 &#8211; Carga m\u00e1xima simult\u00e1nea 10A Cantidad de salidas: 6 tomas Modelo: SL9106 Origen: China","_links":{"self":[{"href":"https:\/\/rms-enlinea.com.ar\/tienda\/wp-json\/wp\/v2\/product\/57721","targetHints":{"allow":["GET"]}}],"collection":[{"href":"https:\/\/rms-enlinea.com.ar\/tienda\/wp-json\/wp\/v2\/product"}],"about":[{"href":"https:\/\/rms-enlinea.com.ar\/tienda\/wp-json\/wp\/v2\/types\/product"}],"replies":[{"embeddable":true,"href":"https:\/\/rms-enlinea.com.ar\/tienda\/wp-json\/wp\/v2\/comments?post=57721"}],"wp:featuredmedia":[{"embeddable":true,"href":"https:\/\/rms-enlinea.com.ar\/tienda\/wp-json\/wp\/v2\/media\/57722"}],"wp:attachment":[{"href":"https:\/\/rms-enlinea.com.ar\/tienda\/wp-json\/wp\/v2\/media?parent=57721"}],"wp:term":[{"taxonomy":"product_brand","embeddable":true,"href":"https:\/\/rms-enlinea.com.ar\/tienda\/wp-json\/wp\/v2\/product_brand?post=57721"},{"taxonomy":"product_cat","embeddable":true,"href":"https:\/\/rms-enlinea.com.ar\/tienda\/wp-json\/wp\/v2\/product_cat?post=57721"},{"taxonomy":"product_tag","embeddable":true,"href":"https:\/\/rms-enlinea.com.ar\/tienda\/wp-json\/wp\/v2\/product_tag?post=57721"}],"curies":[{"name":"wp","href":"https:\/\/api.w.org\/{rel}","templated":true}]}}