{"id":57724,"date":"2025-10-29T17:32:14","date_gmt":"2025-10-29T20:32:14","guid":{"rendered":"https:\/\/rms-enlinea.com.ar\/tienda\/producto\/web-cam-kelyx-1080p-full-hd-con-miicrofono-camara-web\/"},"modified":"2026-03-03T21:40:12","modified_gmt":"2026-03-04T00:40:12","slug":"web-cam-kelyx-1080p-full-hd-con-miicrofono-camara-web","status":"publish","type":"product","link":"https:\/\/rms-enlinea.com.ar\/tienda\/producto\/web-cam-kelyx-1080p-full-hd-con-miicrofono-camara-web\/","title":{"rendered":"Web Cam Kelyx 1080p Full Hd Con Miicrofono Camara Web"},"content":{"rendered":"<p>Compatibilidad del Sistema<br \/>\nSistemas operativos soportados WinXP, Win7, Win8, Win10, MacOS, etc.<br \/>\nSistemas compatibles Salida YUV, MJPG, H.264<br \/>\nResoluci\u00f3n y Salida<br \/>\nResoluci\u00f3n soportada 1920 \u00d7 1080 (Full HD)<br \/>\nSoporte de frecuencia y resoluci\u00f3n 1080P<br \/>\nCompatibilidad con Software<br \/>\nSoftware de aplicaci\u00f3n compatible Skype, LINE, Zoom, Facetime, Facebook, YouTube, PotPlayer, etc.<\/p>\n","protected":false},"excerpt":{"rendered":"<p>Compatibilidad del Sistema Sistemas operativos soportados WinXP, Win7, Win8, Win10, MacOS, etc. Sistemas compatibles Salida YUV, MJPG, H.264 Resoluci\u00f3n y Salida Resoluci\u00f3n soportada 1920 \u00d7 1080 (Full HD) Soporte de frecuencia y resoluci\u00f3n 1080P Compatibilidad con Software Software de aplicaci\u00f3n compatible Skype, LINE, Zoom, Facetime, Facebook, YouTube, PotPlayer, etc.<\/p>\n","protected":false},"featured_media":57725,"comment_status":"open","ping_status":"closed","template":"","meta":{"_uag_custom_page_level_css":""},"product_brand":[571],"product_cat":[102],"product_tag":[],"class_list":{"0":"post-57724","1":"product","2":"type-product","3":"status-publish","4":"has-post-thumbnail","6":"product_brand-kelyx","7":"product_cat-camaras-webcam","9":"first","10":"instock","11":"sale","12":"taxable","13":"shipping-taxable","14":"purchasable","15":"product-type-simple"},"uagb_featured_image_src":{"full":["https:\/\/rms-enlinea.com.ar\/wp-content\/uploads\/2025\/10\/D_830793-MLA96644976357_102025-F.jpg",1200,666,false],"thumbnail":["https:\/\/rms-enlinea.com.ar\/wp-content\/uploads\/2025\/10\/D_830793-MLA96644976357_102025-F-150x150.jpg",150,150,true],"medium":["https:\/\/rms-enlinea.com.ar\/wp-content\/uploads\/2025\/10\/D_830793-MLA96644976357_102025-F-300x167.jpg",300,167,true],"medium_large":["https:\/\/rms-enlinea.com.ar\/wp-content\/uploads\/2025\/10\/D_830793-MLA96644976357_102025-F-768x426.jpg",768,426,true],"large":["https:\/\/rms-enlinea.com.ar\/wp-content\/uploads\/2025\/10\/D_830793-MLA96644976357_102025-F-1024x568.jpg",1024,568,true],"1536x1536":["https:\/\/rms-enlinea.com.ar\/wp-content\/uploads\/2025\/10\/D_830793-MLA96644976357_102025-F.jpg",1200,666,false],"2048x2048":["https:\/\/rms-enlinea.com.ar\/wp-content\/uploads\/2025\/10\/D_830793-MLA96644976357_102025-F.jpg",1200,666,false],"woocommerce_thumbnail":["https:\/\/rms-enlinea.com.ar\/wp-content\/uploads\/2025\/10\/D_830793-MLA96644976357_102025-F-450x450.jpg",450,450,true],"woocommerce_single":["https:\/\/rms-enlinea.com.ar\/wp-content\/uploads\/2025\/10\/D_830793-MLA96644976357_102025-F-600x333.jpg",600,333,true],"woocommerce_gallery_thumbnail":["https:\/\/rms-enlinea.com.ar\/wp-content\/uploads\/2025\/10\/D_830793-MLA96644976357_102025-F-100x100.jpg",100,100,true]},"uagb_author_info":{"display_name":"nelson","author_link":"https:\/\/rms-enlinea.com.ar\/tienda\/author\/"},"uagb_comment_info":0,"uagb_excerpt":"Compatibilidad del Sistema Sistemas operativos soportados WinXP, Win7, Win8, Win10, MacOS, etc. Sistemas compatibles Salida YUV, MJPG, H.264 Resoluci\u00f3n y Salida Resoluci\u00f3n soportada 1920 \u00d7 1080 (Full HD) Soporte de frecuencia y resoluci\u00f3n 1080P Compatibilidad con Software Software de aplicaci\u00f3n compatible Skype, LINE, Zoom, Facetime, Facebook, YouTube, PotPlayer, etc.","_links":{"self":[{"href":"https:\/\/rms-enlinea.com.ar\/tienda\/wp-json\/wp\/v2\/product\/57724","targetHints":{"allow":["GET"]}}],"collection":[{"href":"https:\/\/rms-enlinea.com.ar\/tienda\/wp-json\/wp\/v2\/product"}],"about":[{"href":"https:\/\/rms-enlinea.com.ar\/tienda\/wp-json\/wp\/v2\/types\/product"}],"replies":[{"embeddable":true,"href":"https:\/\/rms-enlinea.com.ar\/tienda\/wp-json\/wp\/v2\/comments?post=57724"}],"wp:featuredmedia":[{"embeddable":true,"href":"https:\/\/rms-enlinea.com.ar\/tienda\/wp-json\/wp\/v2\/media\/57725"}],"wp:attachment":[{"href":"https:\/\/rms-enlinea.com.ar\/tienda\/wp-json\/wp\/v2\/media?parent=57724"}],"wp:term":[{"taxonomy":"product_brand","embeddable":true,"href":"https:\/\/rms-enlinea.com.ar\/tienda\/wp-json\/wp\/v2\/product_brand?post=57724"},{"taxonomy":"product_cat","embeddable":true,"href":"https:\/\/rms-enlinea.com.ar\/tienda\/wp-json\/wp\/v2\/product_cat?post=57724"},{"taxonomy":"product_tag","embeddable":true,"href":"https:\/\/rms-enlinea.com.ar\/tienda\/wp-json\/wp\/v2\/product_tag?post=57724"}],"curies":[{"name":"wp","href":"https:\/\/api.w.org\/{rel}","templated":true}]}}