{"id":57727,"date":"2025-10-29T17:41:54","date_gmt":"2025-10-29T20:41:54","guid":{"rendered":"https:\/\/rms-enlinea.com.ar\/tienda\/producto\/teclado-gamer-raptor-fireclaw-m87-mecanico-sw-red-outemu\/"},"modified":"2026-04-21T05:04:54","modified_gmt":"2026-04-21T08:04:54","slug":"teclado-gamer-raptor-fireclaw-m87-mecanico-sw-red-outemu","status":"publish","type":"product","link":"https:\/\/rms-enlinea.com.ar\/tienda\/producto\/teclado-gamer-raptor-fireclaw-m87-mecanico-sw-red-outemu\/","title":{"rendered":"Teclado Gamer Raptor Fireclaw M87 Mecanico Sw Red Outemu"},"content":{"rendered":"<p>Tama\u00f1o del teclado<\/p>\n<p>352 \u00d7 125 \u00d7 35 mm<\/p>\n<p>Peso del teclado<\/p>\n<p>600 g<\/p>\n<p>N\u00famero de teclas<\/p>\n<p>87 keys<\/p>\n<p>Material<\/p>\n<p>ABS<\/p>\n<p>Tipo de teclas<\/p>\n<p>Inyecci\u00f3n de doble color + teclas l\u00e1ser<\/p>\n<p>Tipo de switch<\/p>\n<p>Outemu Red Switches<\/p>\n<p>Longitud del cable<\/p>\n<p>Cable de cuero de 1,6 m<\/p>\n<p>Modos de luz<\/p>\n<p>17 modos de iluminaci\u00f3n LED<\/p>\n<p>Vida \u00fatil mec\u00e1nica<\/p>\n<p>M\u00e1s de 50 millones de pulsaciones<\/p>\n<p>Teclas anti-ghosting<\/p>\n<p>26<\/p>\n<p>Puerto USB<\/p>\n<p>USB 2.0 (rendimiento a m\u00e1xima velocidad)<\/p>\n<p>Corriente de trabajo<\/p>\n<p>&lt; 200 mA<\/p>\n<p>Requisitos del sistema<\/p>\n<p>Windows\u00ae XP \/ Vista 32\/64 bit \/ 7 32\/64 bit<\/p>\n","protected":false},"excerpt":{"rendered":"<p>Tama\u00f1o del teclado 352 \u00d7 125 \u00d7 35 mm Peso del teclado 600 g N\u00famero de teclas 87 keys Material ABS Tipo de teclas Inyecci\u00f3n de doble color + teclas l\u00e1ser Tipo de switch Outemu Red Switches Longitud del cable Cable de cuero de 1,6 m Modos de luz 17 modos de iluminaci\u00f3n LED Vida [&hellip;]<\/p>\n","protected":false},"featured_media":57728,"comment_status":"open","ping_status":"closed","template":"","meta":{"_uag_custom_page_level_css":""},"product_brand":[572],"product_cat":[125],"product_tag":[],"class_list":{"0":"post-57727","1":"product","2":"type-product","3":"status-publish","4":"has-post-thumbnail","6":"product_brand-raptor-gaming","7":"product_cat-teclados-y-mouses","9":"first","10":"outofstock","11":"sale","12":"taxable","13":"shipping-taxable","14":"purchasable","15":"product-type-simple"},"uagb_featured_image_src":{"full":["https:\/\/rms-enlinea.com.ar\/wp-content\/uploads\/2025\/10\/D_621078-MLA96198314482_102025-F.jpg",1200,750,false],"thumbnail":["https:\/\/rms-enlinea.com.ar\/wp-content\/uploads\/2025\/10\/D_621078-MLA96198314482_102025-F-150x150.jpg",150,150,true],"medium":["https:\/\/rms-enlinea.com.ar\/wp-content\/uploads\/2025\/10\/D_621078-MLA96198314482_102025-F-300x188.jpg",300,188,true],"medium_large":["https:\/\/rms-enlinea.com.ar\/wp-content\/uploads\/2025\/10\/D_621078-MLA96198314482_102025-F-768x480.jpg",768,480,true],"large":["https:\/\/rms-enlinea.com.ar\/wp-content\/uploads\/2025\/10\/D_621078-MLA96198314482_102025-F-1024x640.jpg",1024,640,true],"1536x1536":["https:\/\/rms-enlinea.com.ar\/wp-content\/uploads\/2025\/10\/D_621078-MLA96198314482_102025-F.jpg",1200,750,false],"2048x2048":["https:\/\/rms-enlinea.com.ar\/wp-content\/uploads\/2025\/10\/D_621078-MLA96198314482_102025-F.jpg",1200,750,false],"woocommerce_thumbnail":["https:\/\/rms-enlinea.com.ar\/wp-content\/uploads\/2025\/10\/D_621078-MLA96198314482_102025-F-450x450.jpg",450,450,true],"woocommerce_single":["https:\/\/rms-enlinea.com.ar\/wp-content\/uploads\/2025\/10\/D_621078-MLA96198314482_102025-F-600x375.jpg",600,375,true],"woocommerce_gallery_thumbnail":["https:\/\/rms-enlinea.com.ar\/wp-content\/uploads\/2025\/10\/D_621078-MLA96198314482_102025-F-100x100.jpg",100,100,true]},"uagb_author_info":{"display_name":"nelson","author_link":"https:\/\/rms-enlinea.com.ar\/tienda\/author\/"},"uagb_comment_info":0,"uagb_excerpt":"Tama\u00f1o del teclado 352 \u00d7 125 \u00d7 35 mm Peso del teclado 600 g N\u00famero de teclas 87 keys Material ABS Tipo de teclas Inyecci\u00f3n de doble color + teclas l\u00e1ser Tipo de switch Outemu Red Switches Longitud del cable Cable de cuero de 1,6 m Modos de luz 17 modos de iluminaci\u00f3n LED Vida&hellip;","_links":{"self":[{"href":"https:\/\/rms-enlinea.com.ar\/tienda\/wp-json\/wp\/v2\/product\/57727","targetHints":{"allow":["GET"]}}],"collection":[{"href":"https:\/\/rms-enlinea.com.ar\/tienda\/wp-json\/wp\/v2\/product"}],"about":[{"href":"https:\/\/rms-enlinea.com.ar\/tienda\/wp-json\/wp\/v2\/types\/product"}],"replies":[{"embeddable":true,"href":"https:\/\/rms-enlinea.com.ar\/tienda\/wp-json\/wp\/v2\/comments?post=57727"}],"wp:featuredmedia":[{"embeddable":true,"href":"https:\/\/rms-enlinea.com.ar\/tienda\/wp-json\/wp\/v2\/media\/57728"}],"wp:attachment":[{"href":"https:\/\/rms-enlinea.com.ar\/tienda\/wp-json\/wp\/v2\/media?parent=57727"}],"wp:term":[{"taxonomy":"product_brand","embeddable":true,"href":"https:\/\/rms-enlinea.com.ar\/tienda\/wp-json\/wp\/v2\/product_brand?post=57727"},{"taxonomy":"product_cat","embeddable":true,"href":"https:\/\/rms-enlinea.com.ar\/tienda\/wp-json\/wp\/v2\/product_cat?post=57727"},{"taxonomy":"product_tag","embeddable":true,"href":"https:\/\/rms-enlinea.com.ar\/tienda\/wp-json\/wp\/v2\/product_tag?post=57727"}],"curies":[{"name":"wp","href":"https:\/\/api.w.org\/{rel}","templated":true}]}}