{"id":57737,"date":"2025-10-29T17:52:06","date_gmt":"2025-10-29T20:52:06","guid":{"rendered":"https:\/\/rms-enlinea.com.ar\/tienda\/producto\/teclado-gamer-raptor-fireclaw-m104-mecanico-sw-red-outemu\/"},"modified":"2026-04-07T15:50:40","modified_gmt":"2026-04-07T18:50:40","slug":"teclado-gamer-raptor-fireclaw-m104-mecanico-sw-red-outemu","status":"publish","type":"product","link":"https:\/\/rms-enlinea.com.ar\/tienda\/producto\/teclado-gamer-raptor-fireclaw-m104-mecanico-sw-red-outemu\/","title":{"rendered":"Teclado Gamer Raptor Fireclaw M104 Mecanico Sw Red Outemu"},"content":{"rendered":"<p>N\u00famero de teclas: 104<br \/>Material: ABS + Metal<br \/>Tecnolog\u00eda de teclas: Interruptores Outemu Red, ideales para juegos, con una vida \u00fatil de 50 millones de pulsaciones.<br \/>Conexi\u00f3n: USB 2.0 con cable de cuero de 1,5 m.<br \/>Caracter\u00edsticas adicionales: Teclas anti-ghosting, patas antideslizantes, teclas de doble inyecci\u00f3n de color blanco, y 17 efectos de iluminaci\u00f3n LED din\u00e1micos y ajustables.<br \/>Requisitos del sistema: Compatible con Windows\u00ae XP, Vista, 7, 8.1 y 10 (32\/64 bits).<\/p>\n","protected":false},"excerpt":{"rendered":"<p>N\u00famero de teclas: 104Material: ABS + MetalTecnolog\u00eda de teclas: Interruptores Outemu Red, ideales para juegos, con una vida \u00fatil de 50 millones de pulsaciones.Conexi\u00f3n: USB 2.0 con cable de cuero de 1,5 m.Caracter\u00edsticas adicionales: Teclas anti-ghosting, patas antideslizantes, teclas de doble inyecci\u00f3n de color blanco, y 17 efectos de iluminaci\u00f3n LED din\u00e1micos y ajustables.Requisitos del [&hellip;]<\/p>\n","protected":false},"featured_media":57738,"comment_status":"open","ping_status":"closed","template":"","meta":{"_uag_custom_page_level_css":""},"product_brand":[572],"product_cat":[125],"product_tag":[],"class_list":{"0":"post-57737","1":"product","2":"type-product","3":"status-publish","4":"has-post-thumbnail","6":"product_brand-raptor-gaming","7":"product_cat-teclados-y-mouses","9":"first","10":"outofstock","11":"sale","12":"taxable","13":"shipping-taxable","14":"purchasable","15":"product-type-simple"},"uagb_featured_image_src":{"full":["https:\/\/rms-enlinea.com.ar\/wp-content\/uploads\/2025\/10\/D_947716-MLA96646397579_102025-F.jpg",1200,403,false],"thumbnail":["https:\/\/rms-enlinea.com.ar\/wp-content\/uploads\/2025\/10\/D_947716-MLA96646397579_102025-F-150x150.jpg",150,150,true],"medium":["https:\/\/rms-enlinea.com.ar\/wp-content\/uploads\/2025\/10\/D_947716-MLA96646397579_102025-F-300x101.jpg",300,101,true],"medium_large":["https:\/\/rms-enlinea.com.ar\/wp-content\/uploads\/2025\/10\/D_947716-MLA96646397579_102025-F-768x258.jpg",768,258,true],"large":["https:\/\/rms-enlinea.com.ar\/wp-content\/uploads\/2025\/10\/D_947716-MLA96646397579_102025-F-1024x344.jpg",1024,344,true],"1536x1536":["https:\/\/rms-enlinea.com.ar\/wp-content\/uploads\/2025\/10\/D_947716-MLA96646397579_102025-F.jpg",1200,403,false],"2048x2048":["https:\/\/rms-enlinea.com.ar\/wp-content\/uploads\/2025\/10\/D_947716-MLA96646397579_102025-F.jpg",1200,403,false],"woocommerce_thumbnail":["https:\/\/rms-enlinea.com.ar\/wp-content\/uploads\/2025\/10\/D_947716-MLA96646397579_102025-F-450x403.jpg",450,403,true],"woocommerce_single":["https:\/\/rms-enlinea.com.ar\/wp-content\/uploads\/2025\/10\/D_947716-MLA96646397579_102025-F-600x202.jpg",600,202,true],"woocommerce_gallery_thumbnail":["https:\/\/rms-enlinea.com.ar\/wp-content\/uploads\/2025\/10\/D_947716-MLA96646397579_102025-F-100x100.jpg",100,100,true]},"uagb_author_info":{"display_name":"nelson","author_link":"https:\/\/rms-enlinea.com.ar\/tienda\/author\/"},"uagb_comment_info":0,"uagb_excerpt":"N\u00famero de teclas: 104Material: ABS + MetalTecnolog\u00eda de teclas: Interruptores Outemu Red, ideales para juegos, con una vida \u00fatil de 50 millones de pulsaciones.Conexi\u00f3n: USB 2.0 con cable de cuero de 1,5 m.Caracter\u00edsticas adicionales: Teclas anti-ghosting, patas antideslizantes, teclas de doble inyecci\u00f3n de color blanco, y 17 efectos de iluminaci\u00f3n LED din\u00e1micos y ajustables.Requisitos del&hellip;","_links":{"self":[{"href":"https:\/\/rms-enlinea.com.ar\/tienda\/wp-json\/wp\/v2\/product\/57737","targetHints":{"allow":["GET"]}}],"collection":[{"href":"https:\/\/rms-enlinea.com.ar\/tienda\/wp-json\/wp\/v2\/product"}],"about":[{"href":"https:\/\/rms-enlinea.com.ar\/tienda\/wp-json\/wp\/v2\/types\/product"}],"replies":[{"embeddable":true,"href":"https:\/\/rms-enlinea.com.ar\/tienda\/wp-json\/wp\/v2\/comments?post=57737"}],"wp:featuredmedia":[{"embeddable":true,"href":"https:\/\/rms-enlinea.com.ar\/tienda\/wp-json\/wp\/v2\/media\/57738"}],"wp:attachment":[{"href":"https:\/\/rms-enlinea.com.ar\/tienda\/wp-json\/wp\/v2\/media?parent=57737"}],"wp:term":[{"taxonomy":"product_brand","embeddable":true,"href":"https:\/\/rms-enlinea.com.ar\/tienda\/wp-json\/wp\/v2\/product_brand?post=57737"},{"taxonomy":"product_cat","embeddable":true,"href":"https:\/\/rms-enlinea.com.ar\/tienda\/wp-json\/wp\/v2\/product_cat?post=57737"},{"taxonomy":"product_tag","embeddable":true,"href":"https:\/\/rms-enlinea.com.ar\/tienda\/wp-json\/wp\/v2\/product_tag?post=57737"}],"curies":[{"name":"wp","href":"https:\/\/api.w.org\/{rel}","templated":true}]}}