{"id":57742,"date":"2025-10-29T17:52:14","date_gmt":"2025-10-29T20:52:14","guid":{"rendered":"https:\/\/rms-enlinea.com.ar\/tienda\/producto\/parlante-kelyx-bt-2-altavoces-12w-rgb-hifi-ipx7-micro-sd\/"},"modified":"2026-03-31T19:38:52","modified_gmt":"2026-03-31T22:38:52","slug":"parlante-kelyx-bt-2-altavoces-12w-rgb-hifi-ipx7-micro-sd","status":"publish","type":"product","link":"https:\/\/rms-enlinea.com.ar\/tienda\/producto\/parlante-kelyx-bt-2-altavoces-12w-rgb-hifi-ipx7-micro-sd\/","title":{"rendered":"Parlante Kelyx Bt 2 Altavoces 12w Rgb Hifi Ipx7 Micro-sd"},"content":{"rendered":"<p>Modelo de producto KL-PARLANTE-BT003<br \/>\nSistema de canales Est\u00e9reo real<br \/>\nModo de control Bot\u00f3n f\u00edsico (presionar)<br \/>\nChip\/soluci\u00f3n inal\u00e1mbrica Jerry AC6966B<br \/>\nNombre inal\u00e1mbrico KELYX PARL BT002<br \/>\nResistencia al agua IPX7 (sumergible)<br \/>\nRespuesta de frecuencia 15 Hz ~ 20,000 Hz<br \/>\nEspecificaci\u00f3n de bater\u00eda 3.7V 18650 con l\u00ednea de 120 mm<br \/>\nTipo de terminal 2.0 con n\u00facleo de protecci\u00f3n<br \/>\nCorriente est\u00e1tica 20 \u00b5A<br \/>\nCorriente de carga 800 mAh<br \/>\nTiempo de reproducci\u00f3n (50% volumen) Hasta 15 horas<br \/>\nTiempo de reproducci\u00f3n (100% volumen) 4\u20135 horas<br \/>\nInterfaz de carga USB Tipo-C<br \/>\nProtocolos inal\u00e1mbricos soportados HFP 1.7 \/ HFP 1.2 \/ A2DP 1.3 \/ AVRCP 1.6 \/<br \/>\nSPP 1.2 \/ PBAP 1.2 \/ BDR \/ BLE<br \/>\nFrecuencia inal\u00e1mbrica de funcionamiento 2.4 GHz \u2013 2.4835 GHz (Banda ISM)<br \/>\nFormatos de decodificaci\u00f3n de audio SBC, AAC<\/p>\n","protected":false},"excerpt":{"rendered":"<p>Modelo de producto KL-PARLANTE-BT003 Sistema de canales Est\u00e9reo real Modo de control Bot\u00f3n f\u00edsico (presionar) Chip\/soluci\u00f3n inal\u00e1mbrica Jerry AC6966B Nombre inal\u00e1mbrico KELYX PARL BT002 Resistencia al agua IPX7 (sumergible) Respuesta de frecuencia 15 Hz ~ 20,000 Hz Especificaci\u00f3n de bater\u00eda 3.7V 18650 con l\u00ednea de 120 mm Tipo de terminal 2.0 con n\u00facleo de protecci\u00f3n [&hellip;]<\/p>\n","protected":false},"featured_media":57743,"comment_status":"open","ping_status":"closed","template":"","meta":{"_uag_custom_page_level_css":""},"product_brand":[571],"product_cat":[124],"product_tag":[],"class_list":{"0":"post-57742","1":"product","2":"type-product","3":"status-publish","4":"has-post-thumbnail","6":"product_brand-kelyx","7":"product_cat-sistemas-de-sonido-parlantes","9":"first","10":"outofstock","11":"sale","12":"taxable","13":"shipping-taxable","14":"purchasable","15":"product-type-simple"},"uagb_featured_image_src":{"full":["https:\/\/rms-enlinea.com.ar\/wp-content\/uploads\/2025\/10\/D_786389-MLA96200306008_102025-F.jpg",600,1198,false],"thumbnail":["https:\/\/rms-enlinea.com.ar\/wp-content\/uploads\/2025\/10\/D_786389-MLA96200306008_102025-F-150x150.jpg",150,150,true],"medium":["https:\/\/rms-enlinea.com.ar\/wp-content\/uploads\/2025\/10\/D_786389-MLA96200306008_102025-F-150x300.jpg",150,300,true],"medium_large":["https:\/\/rms-enlinea.com.ar\/wp-content\/uploads\/2025\/10\/D_786389-MLA96200306008_102025-F.jpg",600,1198,false],"large":["https:\/\/rms-enlinea.com.ar\/wp-content\/uploads\/2025\/10\/D_786389-MLA96200306008_102025-F-513x1024.jpg",513,1024,true],"1536x1536":["https:\/\/rms-enlinea.com.ar\/wp-content\/uploads\/2025\/10\/D_786389-MLA96200306008_102025-F.jpg",600,1198,false],"2048x2048":["https:\/\/rms-enlinea.com.ar\/wp-content\/uploads\/2025\/10\/D_786389-MLA96200306008_102025-F.jpg",600,1198,false],"woocommerce_thumbnail":["https:\/\/rms-enlinea.com.ar\/wp-content\/uploads\/2025\/10\/D_786389-MLA96200306008_102025-F-450x450.jpg",450,450,true],"woocommerce_single":["https:\/\/rms-enlinea.com.ar\/wp-content\/uploads\/2025\/10\/D_786389-MLA96200306008_102025-F.jpg",600,1198,false],"woocommerce_gallery_thumbnail":["https:\/\/rms-enlinea.com.ar\/wp-content\/uploads\/2025\/10\/D_786389-MLA96200306008_102025-F-100x100.jpg",100,100,true]},"uagb_author_info":{"display_name":"nelson","author_link":"https:\/\/rms-enlinea.com.ar\/tienda\/author\/"},"uagb_comment_info":0,"uagb_excerpt":"Modelo de producto KL-PARLANTE-BT003 Sistema de canales Est\u00e9reo real Modo de control Bot\u00f3n f\u00edsico (presionar) Chip\/soluci\u00f3n inal\u00e1mbrica Jerry AC6966B Nombre inal\u00e1mbrico KELYX PARL BT002 Resistencia al agua IPX7 (sumergible) Respuesta de frecuencia 15 Hz ~ 20,000 Hz Especificaci\u00f3n de bater\u00eda 3.7V 18650 con l\u00ednea de 120 mm Tipo de terminal 2.0 con n\u00facleo de protecci\u00f3n&hellip;","_links":{"self":[{"href":"https:\/\/rms-enlinea.com.ar\/tienda\/wp-json\/wp\/v2\/product\/57742","targetHints":{"allow":["GET"]}}],"collection":[{"href":"https:\/\/rms-enlinea.com.ar\/tienda\/wp-json\/wp\/v2\/product"}],"about":[{"href":"https:\/\/rms-enlinea.com.ar\/tienda\/wp-json\/wp\/v2\/types\/product"}],"replies":[{"embeddable":true,"href":"https:\/\/rms-enlinea.com.ar\/tienda\/wp-json\/wp\/v2\/comments?post=57742"}],"wp:featuredmedia":[{"embeddable":true,"href":"https:\/\/rms-enlinea.com.ar\/tienda\/wp-json\/wp\/v2\/media\/57743"}],"wp:attachment":[{"href":"https:\/\/rms-enlinea.com.ar\/tienda\/wp-json\/wp\/v2\/media?parent=57742"}],"wp:term":[{"taxonomy":"product_brand","embeddable":true,"href":"https:\/\/rms-enlinea.com.ar\/tienda\/wp-json\/wp\/v2\/product_brand?post=57742"},{"taxonomy":"product_cat","embeddable":true,"href":"https:\/\/rms-enlinea.com.ar\/tienda\/wp-json\/wp\/v2\/product_cat?post=57742"},{"taxonomy":"product_tag","embeddable":true,"href":"https:\/\/rms-enlinea.com.ar\/tienda\/wp-json\/wp\/v2\/product_tag?post=57742"}],"curies":[{"name":"wp","href":"https:\/\/api.w.org\/{rel}","templated":true}]}}