{"id":57748,"date":"2025-10-29T18:01:59","date_gmt":"2025-10-29T21:01:59","guid":{"rendered":"https:\/\/rms-enlinea.com.ar\/tienda\/producto\/parlante-kelyx-bluetooth-1-altavoz-5w-tws-microsd-usb\/"},"modified":"2026-04-02T17:21:59","modified_gmt":"2026-04-02T20:21:59","slug":"parlante-kelyx-bluetooth-1-altavoz-5w-tws-microsd-usb","status":"publish","type":"product","link":"https:\/\/rms-enlinea.com.ar\/tienda\/producto\/parlante-kelyx-bluetooth-1-altavoz-5w-tws-microsd-usb\/","title":{"rendered":"Parlante Kelyx Bluetooth 1 Altavoz 5w Tws Microsd Usb"},"content":{"rendered":"<p>CARACTER\u00cdSTICAS<br \/>\nInal\u00e1mbrico Compatible con Bluetooth V5.3<br \/>\nDistancia de trabajo inal\u00e1mbrico 10 metros.<br \/>\nBater\u00eda 3,7 V, 500 mAh, con un tiempo de reproducci\u00f3n de aproximadamente 2 horas a volumen normal.<br \/>\nTiempo de carga Aproximadamente 2 horas.<br \/>\nPotencia 4OHMS\/5WX1.<br \/>\nDimensiones979747,8 mm.<br \/>\nPeso Aproximadamente 234 g (sin accesorios).<br \/>\nNombre de BluetoothKELYX PARL BT1.<\/p>\n","protected":false},"excerpt":{"rendered":"<p>CARACTER\u00cdSTICAS Inal\u00e1mbrico Compatible con Bluetooth V5.3 Distancia de trabajo inal\u00e1mbrico 10 metros. Bater\u00eda 3,7 V, 500 mAh, con un tiempo de reproducci\u00f3n de aproximadamente 2 horas a volumen normal. Tiempo de carga Aproximadamente 2 horas. Potencia 4OHMS\/5WX1. Dimensiones979747,8 mm. Peso Aproximadamente 234 g (sin accesorios). Nombre de BluetoothKELYX PARL BT1.<\/p>\n","protected":false},"featured_media":57749,"comment_status":"open","ping_status":"closed","template":"","meta":{"_uag_custom_page_level_css":""},"product_brand":[571],"product_cat":[124],"product_tag":[],"class_list":{"0":"post-57748","1":"product","2":"type-product","3":"status-publish","4":"has-post-thumbnail","6":"product_brand-kelyx","7":"product_cat-sistemas-de-sonido-parlantes","9":"first","10":"instock","11":"sale","12":"taxable","13":"shipping-taxable","14":"purchasable","15":"product-type-simple"},"uagb_featured_image_src":{"full":["https:\/\/rms-enlinea.com.ar\/wp-content\/uploads\/2025\/10\/D_850945-MLA96199383916_102025-F.jpg",849,1196,false],"thumbnail":["https:\/\/rms-enlinea.com.ar\/wp-content\/uploads\/2025\/10\/D_850945-MLA96199383916_102025-F-150x150.jpg",150,150,true],"medium":["https:\/\/rms-enlinea.com.ar\/wp-content\/uploads\/2025\/10\/D_850945-MLA96199383916_102025-F-213x300.jpg",213,300,true],"medium_large":["https:\/\/rms-enlinea.com.ar\/wp-content\/uploads\/2025\/10\/D_850945-MLA96199383916_102025-F-768x1082.jpg",768,1082,true],"large":["https:\/\/rms-enlinea.com.ar\/wp-content\/uploads\/2025\/10\/D_850945-MLA96199383916_102025-F-727x1024.jpg",727,1024,true],"1536x1536":["https:\/\/rms-enlinea.com.ar\/wp-content\/uploads\/2025\/10\/D_850945-MLA96199383916_102025-F.jpg",849,1196,false],"2048x2048":["https:\/\/rms-enlinea.com.ar\/wp-content\/uploads\/2025\/10\/D_850945-MLA96199383916_102025-F.jpg",849,1196,false],"woocommerce_thumbnail":["https:\/\/rms-enlinea.com.ar\/wp-content\/uploads\/2025\/10\/D_850945-MLA96199383916_102025-F-450x450.jpg",450,450,true],"woocommerce_single":["https:\/\/rms-enlinea.com.ar\/wp-content\/uploads\/2025\/10\/D_850945-MLA96199383916_102025-F-600x845.jpg",600,845,true],"woocommerce_gallery_thumbnail":["https:\/\/rms-enlinea.com.ar\/wp-content\/uploads\/2025\/10\/D_850945-MLA96199383916_102025-F-100x100.jpg",100,100,true]},"uagb_author_info":{"display_name":"nelson","author_link":"https:\/\/rms-enlinea.com.ar\/tienda\/author\/"},"uagb_comment_info":0,"uagb_excerpt":"CARACTER\u00cdSTICAS Inal\u00e1mbrico Compatible con Bluetooth V5.3 Distancia de trabajo inal\u00e1mbrico 10 metros. Bater\u00eda 3,7 V, 500 mAh, con un tiempo de reproducci\u00f3n de aproximadamente 2 horas a volumen normal. Tiempo de carga Aproximadamente 2 horas. Potencia 4OHMS\/5WX1. Dimensiones979747,8 mm. Peso Aproximadamente 234 g (sin accesorios). Nombre de BluetoothKELYX PARL BT1.","_links":{"self":[{"href":"https:\/\/rms-enlinea.com.ar\/tienda\/wp-json\/wp\/v2\/product\/57748","targetHints":{"allow":["GET"]}}],"collection":[{"href":"https:\/\/rms-enlinea.com.ar\/tienda\/wp-json\/wp\/v2\/product"}],"about":[{"href":"https:\/\/rms-enlinea.com.ar\/tienda\/wp-json\/wp\/v2\/types\/product"}],"replies":[{"embeddable":true,"href":"https:\/\/rms-enlinea.com.ar\/tienda\/wp-json\/wp\/v2\/comments?post=57748"}],"wp:featuredmedia":[{"embeddable":true,"href":"https:\/\/rms-enlinea.com.ar\/tienda\/wp-json\/wp\/v2\/media\/57749"}],"wp:attachment":[{"href":"https:\/\/rms-enlinea.com.ar\/tienda\/wp-json\/wp\/v2\/media?parent=57748"}],"wp:term":[{"taxonomy":"product_brand","embeddable":true,"href":"https:\/\/rms-enlinea.com.ar\/tienda\/wp-json\/wp\/v2\/product_brand?post=57748"},{"taxonomy":"product_cat","embeddable":true,"href":"https:\/\/rms-enlinea.com.ar\/tienda\/wp-json\/wp\/v2\/product_cat?post=57748"},{"taxonomy":"product_tag","embeddable":true,"href":"https:\/\/rms-enlinea.com.ar\/tienda\/wp-json\/wp\/v2\/product_tag?post=57748"}],"curies":[{"name":"wp","href":"https:\/\/api.w.org\/{rel}","templated":true}]}}