{"id":57758,"date":"2025-10-29T18:22:10","date_gmt":"2025-10-29T21:22:10","guid":{"rendered":"https:\/\/rms-enlinea.com.ar\/tienda\/producto\/auricular-bluetooth-kelyx-estuche-de-carga-kl-auricular-b002\/"},"modified":"2026-04-02T16:36:29","modified_gmt":"2026-04-02T19:36:29","slug":"auricular-bluetooth-kelyx-estuche-de-carga-kl-auricular-b002","status":"publish","type":"product","link":"https:\/\/rms-enlinea.com.ar\/tienda\/producto\/auricular-bluetooth-kelyx-estuche-de-carga-kl-auricular-b002\/","title":{"rendered":"Auricular Bluetooth Kelyx Estuche De Carga Kl-auricular-b002"},"content":{"rendered":"<p>Versi\u00f3n de Bluetooth: V5.3+BR+EDR+BLE<\/p>\n<p>Protocolos de soporte: A2DP, AVCTP, AVDTP, AVRCP, HFP, HID<\/p>\n<p>Distancia de transmisi\u00f3n: 10m<\/p>\n<p>Nombre Bluetooth: KELYX AUR BT2<\/p>\n<p>Puerto de carga: Tipo-C<\/p>\n<p>Tiempo de reproducci\u00f3n: Aproximadamente 4 horas (70% volumen), 10 horas con estuche de carga.<\/p>\n<p>Duraci\u00f3n de llamada: 3 horas<\/p>\n<p>Tiempo de carga de auriculares: Aproximadamente 1 hora<\/p>\n<p>Tiempo de carga del estuche: Aproximadamente 1,5 horas<\/p>\n","protected":false},"excerpt":{"rendered":"<p>Versi\u00f3n de Bluetooth: V5.3+BR+EDR+BLE Protocolos de soporte: A2DP, AVCTP, AVDTP, AVRCP, HFP, HID Distancia de transmisi\u00f3n: 10m Nombre Bluetooth: KELYX AUR BT2 Puerto de carga: Tipo-C Tiempo de reproducci\u00f3n: Aproximadamente 4 horas (70% volumen), 10 horas con estuche de carga. Duraci\u00f3n de llamada: 3 horas Tiempo de carga de auriculares: Aproximadamente 1 hora Tiempo de [&hellip;]<\/p>\n","protected":false},"featured_media":57759,"comment_status":"open","ping_status":"closed","template":"","meta":{"_uag_custom_page_level_css":""},"product_brand":[571],"product_cat":[99],"product_tag":[],"class_list":{"0":"post-57758","1":"product","2":"type-product","3":"status-publish","4":"has-post-thumbnail","6":"product_brand-kelyx","7":"product_cat-auriculares-computacion","9":"first","10":"instock","11":"sale","12":"taxable","13":"shipping-taxable","14":"purchasable","15":"product-type-simple"},"uagb_featured_image_src":{"full":["https:\/\/rms-enlinea.com.ar\/wp-content\/uploads\/2025\/10\/D_747121-MLA96647113899_102025-F.jpg",745,1197,false],"thumbnail":["https:\/\/rms-enlinea.com.ar\/wp-content\/uploads\/2025\/10\/D_747121-MLA96647113899_102025-F-150x150.jpg",150,150,true],"medium":["https:\/\/rms-enlinea.com.ar\/wp-content\/uploads\/2025\/10\/D_747121-MLA96647113899_102025-F-187x300.jpg",187,300,true],"medium_large":["https:\/\/rms-enlinea.com.ar\/wp-content\/uploads\/2025\/10\/D_747121-MLA96647113899_102025-F.jpg",745,1197,false],"large":["https:\/\/rms-enlinea.com.ar\/wp-content\/uploads\/2025\/10\/D_747121-MLA96647113899_102025-F-637x1024.jpg",637,1024,true],"1536x1536":["https:\/\/rms-enlinea.com.ar\/wp-content\/uploads\/2025\/10\/D_747121-MLA96647113899_102025-F.jpg",745,1197,false],"2048x2048":["https:\/\/rms-enlinea.com.ar\/wp-content\/uploads\/2025\/10\/D_747121-MLA96647113899_102025-F.jpg",745,1197,false],"woocommerce_thumbnail":["https:\/\/rms-enlinea.com.ar\/wp-content\/uploads\/2025\/10\/D_747121-MLA96647113899_102025-F-450x450.jpg",450,450,true],"woocommerce_single":["https:\/\/rms-enlinea.com.ar\/wp-content\/uploads\/2025\/10\/D_747121-MLA96647113899_102025-F-600x964.jpg",600,964,true],"woocommerce_gallery_thumbnail":["https:\/\/rms-enlinea.com.ar\/wp-content\/uploads\/2025\/10\/D_747121-MLA96647113899_102025-F-100x100.jpg",100,100,true]},"uagb_author_info":{"display_name":"nelson","author_link":"https:\/\/rms-enlinea.com.ar\/tienda\/author\/"},"uagb_comment_info":0,"uagb_excerpt":"Versi\u00f3n de Bluetooth: V5.3+BR+EDR+BLE Protocolos de soporte: A2DP, AVCTP, AVDTP, AVRCP, HFP, HID Distancia de transmisi\u00f3n: 10m Nombre Bluetooth: KELYX AUR BT2 Puerto de carga: Tipo-C Tiempo de reproducci\u00f3n: Aproximadamente 4 horas (70% volumen), 10 horas con estuche de carga. Duraci\u00f3n de llamada: 3 horas Tiempo de carga de auriculares: Aproximadamente 1 hora Tiempo de&hellip;","_links":{"self":[{"href":"https:\/\/rms-enlinea.com.ar\/tienda\/wp-json\/wp\/v2\/product\/57758","targetHints":{"allow":["GET"]}}],"collection":[{"href":"https:\/\/rms-enlinea.com.ar\/tienda\/wp-json\/wp\/v2\/product"}],"about":[{"href":"https:\/\/rms-enlinea.com.ar\/tienda\/wp-json\/wp\/v2\/types\/product"}],"replies":[{"embeddable":true,"href":"https:\/\/rms-enlinea.com.ar\/tienda\/wp-json\/wp\/v2\/comments?post=57758"}],"wp:featuredmedia":[{"embeddable":true,"href":"https:\/\/rms-enlinea.com.ar\/tienda\/wp-json\/wp\/v2\/media\/57759"}],"wp:attachment":[{"href":"https:\/\/rms-enlinea.com.ar\/tienda\/wp-json\/wp\/v2\/media?parent=57758"}],"wp:term":[{"taxonomy":"product_brand","embeddable":true,"href":"https:\/\/rms-enlinea.com.ar\/tienda\/wp-json\/wp\/v2\/product_brand?post=57758"},{"taxonomy":"product_cat","embeddable":true,"href":"https:\/\/rms-enlinea.com.ar\/tienda\/wp-json\/wp\/v2\/product_cat?post=57758"},{"taxonomy":"product_tag","embeddable":true,"href":"https:\/\/rms-enlinea.com.ar\/tienda\/wp-json\/wp\/v2\/product_tag?post=57758"}],"curies":[{"name":"wp","href":"https:\/\/api.w.org\/{rel}","templated":true}]}}