{"id":57763,"date":"2025-10-29T18:22:23","date_gmt":"2025-10-29T21:22:23","guid":{"rendered":"https:\/\/rms-enlinea.com.ar\/tienda\/producto\/auricular-bluetooth-kelyx-estuche-de-carga-kl-auricular-b002-2\/"},"modified":"2026-04-06T13:43:53","modified_gmt":"2026-04-06T16:43:53","slug":"auricular-bluetooth-kelyx-estuche-de-carga-kl-auricular-b002-2","status":"publish","type":"product","link":"https:\/\/rms-enlinea.com.ar\/tienda\/producto\/auricular-bluetooth-kelyx-estuche-de-carga-kl-auricular-b002-2\/","title":{"rendered":"Auricular Bluetooth Kelyx Estuche De Carga Kl-auricular-b002"},"content":{"rendered":"<p>Versi\u00f3n inal\u00e1mbrica<\/p>\n<p>V5.3<\/p>\n<p>Nombre conexi\u00f3n inal\u00e1mbrica<\/p>\n<p>KELYX BT1<\/p>\n<p>Alcance de funcionamiento<\/p>\n<p>10 m<\/p>\n<p>Rango de frecuencia ANC<\/p>\n<p>20 &#8211; 600 Hz<\/p>\n<p>Valor de reducci\u00f3n de ruido<\/p>\n<p>-20 + 3 dB<\/p>\n<p>Frecuencia de funcionamiento<\/p>\n<p>2,402 GHz &#8211; 2,480 GHz<\/p>\n<p>Bater\u00eda<\/p>\n<p>3.7 V\/ 500 mAh<\/p>\n<p>Voltaje de carga<\/p>\n<p>5V\/ 1A<\/p>\n<p>Tiempo de carga Apr\u00f3x<\/p>\n<p>2.5 H<\/p>\n<p>Tiempo de funcionamiento (Inal\u00e1mbrico)<\/p>\n<p>50 H<\/p>\n<p>Tiempo de funcionamiento (ANC)<\/p>\n<p>60 H<\/p>\n<p>Tiempo de funcionamiento (Inal\u00e1mbrico + ANC)<\/p>\n<p>40 H<\/p>\n","protected":false},"excerpt":{"rendered":"<p>Versi\u00f3n inal\u00e1mbrica V5.3 Nombre conexi\u00f3n inal\u00e1mbrica KELYX BT1 Alcance de funcionamiento 10 m Rango de frecuencia ANC 20 &#8211; 600 Hz Valor de reducci\u00f3n de ruido -20 + 3 dB Frecuencia de funcionamiento 2,402 GHz &#8211; 2,480 GHz Bater\u00eda 3.7 V\/ 500 mAh Voltaje de carga 5V\/ 1A Tiempo de carga Apr\u00f3x 2.5 H Tiempo [&hellip;]<\/p>\n","protected":false},"featured_media":57764,"comment_status":"open","ping_status":"closed","template":"","meta":{"_uag_custom_page_level_css":""},"product_brand":[571],"product_cat":[55],"product_tag":[],"class_list":{"0":"post-57763","1":"product","2":"type-product","3":"status-publish","4":"has-post-thumbnail","6":"product_brand-kelyx","7":"product_cat-auriculares","9":"first","10":"instock","11":"sale","12":"taxable","13":"shipping-taxable","14":"purchasable","15":"product-type-simple"},"uagb_featured_image_src":{"full":["https:\/\/rms-enlinea.com.ar\/wp-content\/uploads\/2025\/10\/D_782070-MLA96649235799_102025-F.jpg",895,1102,false],"thumbnail":["https:\/\/rms-enlinea.com.ar\/wp-content\/uploads\/2025\/10\/D_782070-MLA96649235799_102025-F-150x150.jpg",150,150,true],"medium":["https:\/\/rms-enlinea.com.ar\/wp-content\/uploads\/2025\/10\/D_782070-MLA96649235799_102025-F-244x300.jpg",244,300,true],"medium_large":["https:\/\/rms-enlinea.com.ar\/wp-content\/uploads\/2025\/10\/D_782070-MLA96649235799_102025-F-768x946.jpg",768,946,true],"large":["https:\/\/rms-enlinea.com.ar\/wp-content\/uploads\/2025\/10\/D_782070-MLA96649235799_102025-F-832x1024.jpg",832,1024,true],"1536x1536":["https:\/\/rms-enlinea.com.ar\/wp-content\/uploads\/2025\/10\/D_782070-MLA96649235799_102025-F.jpg",895,1102,false],"2048x2048":["https:\/\/rms-enlinea.com.ar\/wp-content\/uploads\/2025\/10\/D_782070-MLA96649235799_102025-F.jpg",895,1102,false],"woocommerce_thumbnail":["https:\/\/rms-enlinea.com.ar\/wp-content\/uploads\/2025\/10\/D_782070-MLA96649235799_102025-F-450x450.jpg",450,450,true],"woocommerce_single":["https:\/\/rms-enlinea.com.ar\/wp-content\/uploads\/2025\/10\/D_782070-MLA96649235799_102025-F-600x739.jpg",600,739,true],"woocommerce_gallery_thumbnail":["https:\/\/rms-enlinea.com.ar\/wp-content\/uploads\/2025\/10\/D_782070-MLA96649235799_102025-F-100x100.jpg",100,100,true]},"uagb_author_info":{"display_name":"nelson","author_link":"https:\/\/rms-enlinea.com.ar\/tienda\/author\/"},"uagb_comment_info":0,"uagb_excerpt":"Versi\u00f3n inal\u00e1mbrica V5.3 Nombre conexi\u00f3n inal\u00e1mbrica KELYX BT1 Alcance de funcionamiento 10 m Rango de frecuencia ANC 20 &#8211; 600 Hz Valor de reducci\u00f3n de ruido -20 + 3 dB Frecuencia de funcionamiento 2,402 GHz &#8211; 2,480 GHz Bater\u00eda 3.7 V\/ 500 mAh Voltaje de carga 5V\/ 1A Tiempo de carga Apr\u00f3x 2.5 H Tiempo&hellip;","_links":{"self":[{"href":"https:\/\/rms-enlinea.com.ar\/tienda\/wp-json\/wp\/v2\/product\/57763","targetHints":{"allow":["GET"]}}],"collection":[{"href":"https:\/\/rms-enlinea.com.ar\/tienda\/wp-json\/wp\/v2\/product"}],"about":[{"href":"https:\/\/rms-enlinea.com.ar\/tienda\/wp-json\/wp\/v2\/types\/product"}],"replies":[{"embeddable":true,"href":"https:\/\/rms-enlinea.com.ar\/tienda\/wp-json\/wp\/v2\/comments?post=57763"}],"wp:featuredmedia":[{"embeddable":true,"href":"https:\/\/rms-enlinea.com.ar\/tienda\/wp-json\/wp\/v2\/media\/57764"}],"wp:attachment":[{"href":"https:\/\/rms-enlinea.com.ar\/tienda\/wp-json\/wp\/v2\/media?parent=57763"}],"wp:term":[{"taxonomy":"product_brand","embeddable":true,"href":"https:\/\/rms-enlinea.com.ar\/tienda\/wp-json\/wp\/v2\/product_brand?post=57763"},{"taxonomy":"product_cat","embeddable":true,"href":"https:\/\/rms-enlinea.com.ar\/tienda\/wp-json\/wp\/v2\/product_cat?post=57763"},{"taxonomy":"product_tag","embeddable":true,"href":"https:\/\/rms-enlinea.com.ar\/tienda\/wp-json\/wp\/v2\/product_tag?post=57763"}],"curies":[{"name":"wp","href":"https:\/\/api.w.org\/{rel}","templated":true}]}}