{"id":57814,"date":"2025-10-31T09:50:05","date_gmt":"2025-10-31T12:50:05","guid":{"rendered":"https:\/\/rms-enlinea.com.ar\/tienda\/producto\/auricular-inalambrico-razer-blackshark-v3-rz04-05410100-r3u1\/"},"modified":"2026-04-21T14:11:53","modified_gmt":"2026-04-21T17:11:53","slug":"auricular-inalambrico-razer-blackshark-v3-rz04-05410100-r3u1","status":"publish","type":"product","link":"https:\/\/rms-enlinea.com.ar\/tienda\/producto\/auricular-inalambrico-razer-blackshark-v3-rz04-05410100-r3u1\/","title":{"rendered":"Auricular Inalambrico Razer Blackshark V3 Rz04-05410100-r3u1"},"content":{"rendered":"<p>Tipo de controlador<br \/>Controladores Razer TriForce Titanium de 50 mm de segunda generaci\u00f3n<\/p>\n<p>Estilo de micr\u00f3fono<br \/>Micr\u00f3fono Razer HyperClear Super Wideband de 9,9 mm desmontable<\/p>\n<p>Codificaci\u00f3n de sonido envolvente virtual<br \/>Audio espacial THX: solo disponible en Windows 11, versi\u00f3n 23H2 (o superior)<\/p>\n<p>Tipo de conexi\u00f3n<br \/>2,4 GHz inal\u00e1mbrico \/ Bluetooth \/ cable USB<\/p>\n<p>Duraci\u00f3n de la bater\u00eda<br \/>Hasta 70 horas (conexi\u00f3n de 2,4 GHz)<\/p>\n<p>Peso aproximado<br \/>270 gramos<\/p>\n","protected":false},"excerpt":{"rendered":"<p>Tipo de controladorControladores Razer TriForce Titanium de 50 mm de segunda generaci\u00f3n Estilo de micr\u00f3fonoMicr\u00f3fono Razer HyperClear Super Wideband de 9,9 mm desmontable Codificaci\u00f3n de sonido envolvente virtualAudio espacial THX: solo disponible en Windows 11, versi\u00f3n 23H2 (o superior) Tipo de conexi\u00f3n2,4 GHz inal\u00e1mbrico \/ Bluetooth \/ cable USB Duraci\u00f3n de la bater\u00edaHasta 70 horas [&hellip;]<\/p>\n","protected":false},"featured_media":57815,"comment_status":"open","ping_status":"closed","template":"","meta":{"_uag_custom_page_level_css":""},"product_brand":[559],"product_cat":[99],"product_tag":[],"class_list":{"0":"post-57814","1":"product","2":"type-product","3":"status-publish","4":"has-post-thumbnail","6":"product_brand-razer","7":"product_cat-auriculares-computacion","9":"first","10":"outofstock","11":"sale","12":"taxable","13":"shipping-taxable","14":"purchasable","15":"product-type-simple"},"uagb_featured_image_src":{"full":["https:\/\/rms-enlinea.com.ar\/wp-content\/uploads\/2025\/10\/D_804527-MLA96387605574_102025-F.jpg",1185,1199,false],"thumbnail":["https:\/\/rms-enlinea.com.ar\/wp-content\/uploads\/2025\/10\/D_804527-MLA96387605574_102025-F-150x150.jpg",150,150,true],"medium":["https:\/\/rms-enlinea.com.ar\/wp-content\/uploads\/2025\/10\/D_804527-MLA96387605574_102025-F-296x300.jpg",296,300,true],"medium_large":["https:\/\/rms-enlinea.com.ar\/wp-content\/uploads\/2025\/10\/D_804527-MLA96387605574_102025-F-768x777.jpg",768,777,true],"large":["https:\/\/rms-enlinea.com.ar\/wp-content\/uploads\/2025\/10\/D_804527-MLA96387605574_102025-F-1012x1024.jpg",1012,1024,true],"1536x1536":["https:\/\/rms-enlinea.com.ar\/wp-content\/uploads\/2025\/10\/D_804527-MLA96387605574_102025-F.jpg",1185,1199,false],"2048x2048":["https:\/\/rms-enlinea.com.ar\/wp-content\/uploads\/2025\/10\/D_804527-MLA96387605574_102025-F.jpg",1185,1199,false],"woocommerce_thumbnail":["https:\/\/rms-enlinea.com.ar\/wp-content\/uploads\/2025\/10\/D_804527-MLA96387605574_102025-F-450x450.jpg",450,450,true],"woocommerce_single":["https:\/\/rms-enlinea.com.ar\/wp-content\/uploads\/2025\/10\/D_804527-MLA96387605574_102025-F-600x607.jpg",600,607,true],"woocommerce_gallery_thumbnail":["https:\/\/rms-enlinea.com.ar\/wp-content\/uploads\/2025\/10\/D_804527-MLA96387605574_102025-F-100x100.jpg",100,100,true]},"uagb_author_info":{"display_name":"nelson","author_link":"https:\/\/rms-enlinea.com.ar\/tienda\/author\/"},"uagb_comment_info":0,"uagb_excerpt":"Tipo de controladorControladores Razer TriForce Titanium de 50 mm de segunda generaci\u00f3n Estilo de micr\u00f3fonoMicr\u00f3fono Razer HyperClear Super Wideband de 9,9 mm desmontable Codificaci\u00f3n de sonido envolvente virtualAudio espacial THX: solo disponible en Windows 11, versi\u00f3n 23H2 (o superior) Tipo de conexi\u00f3n2,4 GHz inal\u00e1mbrico \/ Bluetooth \/ cable USB Duraci\u00f3n de la bater\u00edaHasta 70 horas&hellip;","_links":{"self":[{"href":"https:\/\/rms-enlinea.com.ar\/tienda\/wp-json\/wp\/v2\/product\/57814","targetHints":{"allow":["GET"]}}],"collection":[{"href":"https:\/\/rms-enlinea.com.ar\/tienda\/wp-json\/wp\/v2\/product"}],"about":[{"href":"https:\/\/rms-enlinea.com.ar\/tienda\/wp-json\/wp\/v2\/types\/product"}],"replies":[{"embeddable":true,"href":"https:\/\/rms-enlinea.com.ar\/tienda\/wp-json\/wp\/v2\/comments?post=57814"}],"wp:featuredmedia":[{"embeddable":true,"href":"https:\/\/rms-enlinea.com.ar\/tienda\/wp-json\/wp\/v2\/media\/57815"}],"wp:attachment":[{"href":"https:\/\/rms-enlinea.com.ar\/tienda\/wp-json\/wp\/v2\/media?parent=57814"}],"wp:term":[{"taxonomy":"product_brand","embeddable":true,"href":"https:\/\/rms-enlinea.com.ar\/tienda\/wp-json\/wp\/v2\/product_brand?post=57814"},{"taxonomy":"product_cat","embeddable":true,"href":"https:\/\/rms-enlinea.com.ar\/tienda\/wp-json\/wp\/v2\/product_cat?post=57814"},{"taxonomy":"product_tag","embeddable":true,"href":"https:\/\/rms-enlinea.com.ar\/tienda\/wp-json\/wp\/v2\/product_tag?post=57814"}],"curies":[{"name":"wp","href":"https:\/\/api.w.org\/{rel}","templated":true}]}}