{"id":57840,"date":"2025-10-31T13:11:19","date_gmt":"2025-10-31T16:11:19","guid":{"rendered":"https:\/\/rms-enlinea.com.ar\/tienda\/producto\/efecto-led-moonflower-152-led-rgbw-tecshow-cuatrotec-evo\/"},"modified":"2026-04-21T06:13:39","modified_gmt":"2026-04-21T09:13:39","slug":"efecto-led-moonflower-152-led-rgbw-tecshow-cuatrotec-evo","status":"publish","type":"product","link":"https:\/\/rms-enlinea.com.ar\/tienda\/producto\/efecto-led-moonflower-152-led-rgbw-tecshow-cuatrotec-evo\/","title":{"rendered":"Efecto Led Moonflower 152 Led Rgbw Tecshow Cuatrotec Evo"},"content":{"rendered":"<p>CUATROTEC EVO<br \/>Efecto moonflower multibeam LED <br \/>152 LEDs RGBW con 4 haces de 15\u00b0 potentes<br \/>Funci\u00f3n estrobo + programas integrados (DMX, auto, audior\u00edtmico, remoto)<br \/>Control remoto incluido<br \/>Versi\u00f3n evolucionada m\u00e1s potente y robusta<\/p>\n","protected":false},"excerpt":{"rendered":"<p>CUATROTEC EVOEfecto moonflower multibeam LED 152 LEDs RGBW con 4 haces de 15\u00b0 potentesFunci\u00f3n estrobo + programas integrados (DMX, auto, audior\u00edtmico, remoto)Control remoto incluidoVersi\u00f3n evolucionada m\u00e1s potente y robusta<\/p>\n","protected":false},"featured_media":57841,"comment_status":"open","ping_status":"closed","template":"","meta":{"_uag_custom_page_level_css":""},"product_brand":[477],"product_cat":[89,15],"product_tag":[],"class_list":{"0":"post-57840","1":"product","2":"type-product","3":"status-publish","4":"has-post-thumbnail","6":"product_brand-ampro","7":"product_cat-efectos-dj","8":"product_cat-sin-categorizar","10":"first","11":"outofstock","12":"sale","13":"taxable","14":"shipping-taxable","15":"purchasable","16":"product-type-simple"},"uagb_featured_image_src":{"full":["https:\/\/rms-enlinea.com.ar\/wp-content\/uploads\/2025\/10\/D_628243-MLA96856668093_102025-F.jpg",1200,783,false],"thumbnail":["https:\/\/rms-enlinea.com.ar\/wp-content\/uploads\/2025\/10\/D_628243-MLA96856668093_102025-F-150x150.jpg",150,150,true],"medium":["https:\/\/rms-enlinea.com.ar\/wp-content\/uploads\/2025\/10\/D_628243-MLA96856668093_102025-F-300x196.jpg",300,196,true],"medium_large":["https:\/\/rms-enlinea.com.ar\/wp-content\/uploads\/2025\/10\/D_628243-MLA96856668093_102025-F-768x501.jpg",768,501,true],"large":["https:\/\/rms-enlinea.com.ar\/wp-content\/uploads\/2025\/10\/D_628243-MLA96856668093_102025-F-1024x668.jpg",1024,668,true],"1536x1536":["https:\/\/rms-enlinea.com.ar\/wp-content\/uploads\/2025\/10\/D_628243-MLA96856668093_102025-F.jpg",1200,783,false],"2048x2048":["https:\/\/rms-enlinea.com.ar\/wp-content\/uploads\/2025\/10\/D_628243-MLA96856668093_102025-F.jpg",1200,783,false],"woocommerce_thumbnail":["https:\/\/rms-enlinea.com.ar\/wp-content\/uploads\/2025\/10\/D_628243-MLA96856668093_102025-F-450x450.jpg",450,450,true],"woocommerce_single":["https:\/\/rms-enlinea.com.ar\/wp-content\/uploads\/2025\/10\/D_628243-MLA96856668093_102025-F-600x392.jpg",600,392,true],"woocommerce_gallery_thumbnail":["https:\/\/rms-enlinea.com.ar\/wp-content\/uploads\/2025\/10\/D_628243-MLA96856668093_102025-F-100x100.jpg",100,100,true]},"uagb_author_info":{"display_name":"nelson","author_link":"https:\/\/rms-enlinea.com.ar\/tienda\/author\/"},"uagb_comment_info":0,"uagb_excerpt":"CUATROTEC EVOEfecto moonflower multibeam LED 152 LEDs RGBW con 4 haces de 15\u00b0 potentesFunci\u00f3n estrobo + programas integrados (DMX, auto, audior\u00edtmico, remoto)Control remoto incluidoVersi\u00f3n evolucionada m\u00e1s potente y robusta","_links":{"self":[{"href":"https:\/\/rms-enlinea.com.ar\/tienda\/wp-json\/wp\/v2\/product\/57840","targetHints":{"allow":["GET"]}}],"collection":[{"href":"https:\/\/rms-enlinea.com.ar\/tienda\/wp-json\/wp\/v2\/product"}],"about":[{"href":"https:\/\/rms-enlinea.com.ar\/tienda\/wp-json\/wp\/v2\/types\/product"}],"replies":[{"embeddable":true,"href":"https:\/\/rms-enlinea.com.ar\/tienda\/wp-json\/wp\/v2\/comments?post=57840"}],"wp:featuredmedia":[{"embeddable":true,"href":"https:\/\/rms-enlinea.com.ar\/tienda\/wp-json\/wp\/v2\/media\/57841"}],"wp:attachment":[{"href":"https:\/\/rms-enlinea.com.ar\/tienda\/wp-json\/wp\/v2\/media?parent=57840"}],"wp:term":[{"taxonomy":"product_brand","embeddable":true,"href":"https:\/\/rms-enlinea.com.ar\/tienda\/wp-json\/wp\/v2\/product_brand?post=57840"},{"taxonomy":"product_cat","embeddable":true,"href":"https:\/\/rms-enlinea.com.ar\/tienda\/wp-json\/wp\/v2\/product_cat?post=57840"},{"taxonomy":"product_tag","embeddable":true,"href":"https:\/\/rms-enlinea.com.ar\/tienda\/wp-json\/wp\/v2\/product_tag?post=57840"}],"curies":[{"name":"wp","href":"https:\/\/api.w.org\/{rel}","templated":true}]}}