{"id":57846,"date":"2025-10-31T13:31:32","date_gmt":"2025-10-31T16:31:32","guid":{"rendered":"https:\/\/rms-enlinea.com.ar\/tienda\/producto\/maquina-de-humo-haze-12-000-pies-tecshow-cirrus-fazer-800\/"},"modified":"2026-03-31T01:01:51","modified_gmt":"2026-03-31T04:01:51","slug":"maquina-de-humo-haze-12-000-pies-tecshow-cirrus-fazer-800","status":"publish","type":"product","link":"https:\/\/rms-enlinea.com.ar\/tienda\/producto\/maquina-de-humo-haze-12-000-pies-tecshow-cirrus-fazer-800\/","title":{"rendered":"Maquina De Humo Haze 12.000 Pies Tecshow Cirrus Fazer 800"},"content":{"rendered":"<p>M\u00e1quina de haze profesional<br \/>\nControl DMX 2 canales (volumen + ventilador)<br \/>\nControl al\u00e1mbrico e inal\u00e1mbrico incluido<br \/>\nSalida de 12.000 pies \/min con bajo consumo de l\u00edquido<br \/>\nCobertura uniforme y operaci\u00f3n continua<\/p>\n","protected":false},"excerpt":{"rendered":"<p>M\u00e1quina de haze profesional Control DMX 2 canales (volumen + ventilador) Control al\u00e1mbrico e inal\u00e1mbrico incluido Salida de 12.000 pies \/min con bajo consumo de l\u00edquido Cobertura uniforme y operaci\u00f3n continua<\/p>\n","protected":false},"featured_media":57847,"comment_status":"open","ping_status":"closed","template":"","meta":{"_uag_custom_page_level_css":""},"product_brand":[],"product_cat":[88,15],"product_tag":[],"class_list":{"0":"post-57846","1":"product","2":"type-product","3":"status-publish","4":"has-post-thumbnail","6":"product_cat-efectos-atmosfericos-y-fx","7":"product_cat-sin-categorizar","9":"first","10":"outofstock","11":"sale","12":"taxable","13":"shipping-taxable","14":"purchasable","15":"product-type-simple"},"uagb_featured_image_src":{"full":["https:\/\/rms-enlinea.com.ar\/wp-content\/uploads\/2025\/10\/D_766741-MLA96406827624_102025-F.jpg",1198,1082,false],"thumbnail":["https:\/\/rms-enlinea.com.ar\/wp-content\/uploads\/2025\/10\/D_766741-MLA96406827624_102025-F-150x150.jpg",150,150,true],"medium":["https:\/\/rms-enlinea.com.ar\/wp-content\/uploads\/2025\/10\/D_766741-MLA96406827624_102025-F-300x271.jpg",300,271,true],"medium_large":["https:\/\/rms-enlinea.com.ar\/wp-content\/uploads\/2025\/10\/D_766741-MLA96406827624_102025-F-768x694.jpg",768,694,true],"large":["https:\/\/rms-enlinea.com.ar\/wp-content\/uploads\/2025\/10\/D_766741-MLA96406827624_102025-F-1024x925.jpg",1024,925,true],"1536x1536":["https:\/\/rms-enlinea.com.ar\/wp-content\/uploads\/2025\/10\/D_766741-MLA96406827624_102025-F.jpg",1198,1082,false],"2048x2048":["https:\/\/rms-enlinea.com.ar\/wp-content\/uploads\/2025\/10\/D_766741-MLA96406827624_102025-F.jpg",1198,1082,false],"woocommerce_thumbnail":["https:\/\/rms-enlinea.com.ar\/wp-content\/uploads\/2025\/10\/D_766741-MLA96406827624_102025-F-450x450.jpg",450,450,true],"woocommerce_single":["https:\/\/rms-enlinea.com.ar\/wp-content\/uploads\/2025\/10\/D_766741-MLA96406827624_102025-F-600x542.jpg",600,542,true],"woocommerce_gallery_thumbnail":["https:\/\/rms-enlinea.com.ar\/wp-content\/uploads\/2025\/10\/D_766741-MLA96406827624_102025-F-100x100.jpg",100,100,true]},"uagb_author_info":{"display_name":"nelson","author_link":"https:\/\/rms-enlinea.com.ar\/tienda\/author\/"},"uagb_comment_info":0,"uagb_excerpt":"M\u00e1quina de haze profesional Control DMX 2 canales (volumen + ventilador) Control al\u00e1mbrico e inal\u00e1mbrico incluido Salida de 12.000 pies \/min con bajo consumo de l\u00edquido Cobertura uniforme y operaci\u00f3n continua","_links":{"self":[{"href":"https:\/\/rms-enlinea.com.ar\/tienda\/wp-json\/wp\/v2\/product\/57846","targetHints":{"allow":["GET"]}}],"collection":[{"href":"https:\/\/rms-enlinea.com.ar\/tienda\/wp-json\/wp\/v2\/product"}],"about":[{"href":"https:\/\/rms-enlinea.com.ar\/tienda\/wp-json\/wp\/v2\/types\/product"}],"replies":[{"embeddable":true,"href":"https:\/\/rms-enlinea.com.ar\/tienda\/wp-json\/wp\/v2\/comments?post=57846"}],"wp:featuredmedia":[{"embeddable":true,"href":"https:\/\/rms-enlinea.com.ar\/tienda\/wp-json\/wp\/v2\/media\/57847"}],"wp:attachment":[{"href":"https:\/\/rms-enlinea.com.ar\/tienda\/wp-json\/wp\/v2\/media?parent=57846"}],"wp:term":[{"taxonomy":"product_brand","embeddable":true,"href":"https:\/\/rms-enlinea.com.ar\/tienda\/wp-json\/wp\/v2\/product_brand?post=57846"},{"taxonomy":"product_cat","embeddable":true,"href":"https:\/\/rms-enlinea.com.ar\/tienda\/wp-json\/wp\/v2\/product_cat?post=57846"},{"taxonomy":"product_tag","embeddable":true,"href":"https:\/\/rms-enlinea.com.ar\/tienda\/wp-json\/wp\/v2\/product_tag?post=57846"}],"curies":[{"name":"wp","href":"https:\/\/api.w.org\/{rel}","templated":true}]}}