{"id":57876,"date":"2025-11-01T09:40:36","date_gmt":"2025-11-01T12:40:36","guid":{"rendered":"https:\/\/rms-enlinea.com.ar\/tienda\/producto\/videoportero-timbretapo-d230s1-2k-5mp-vision-nocturna\/"},"modified":"2026-04-21T05:58:26","modified_gmt":"2026-04-21T08:58:26","slug":"videoportero-timbretapo-d230s1-2k-5mp-vision-nocturna","status":"publish","type":"product","link":"https:\/\/rms-enlinea.com.ar\/tienda\/producto\/videoportero-timbretapo-d230s1-2k-5mp-vision-nocturna\/","title":{"rendered":"Videoportero Timbretapo D230s1 2k 5mp Vision Nocturna"},"content":{"rendered":"<p>C\u00c1MARA<br \/>Sensor de imagen<\/p>\n<p>Sensor CMOS de escaneo progresivo de 1\/2,7&#8243;<\/p>\n<p>Primavera<\/p>\n<p>Distancia focal: 2,1 mm<\/p>\n<p>Apertura: F2.1<\/p>\n<p>Campo de visi\u00f3n: 166\u00b0 (diagonal), 135\u00b0 (horizontal), 102,8\u00b0 (vertical)<\/p>\n<p>Vision nocturna<\/p>\n<p>LED infrarrojo de 850 nm (7,6 m)<\/p>\n<p>Visi\u00f3n nocturna a todo color<\/p>\n<p>Iluminaci\u00f3n<\/p>\n<p>Focos empotrados<\/p>\n<p>Compatibilidad de Hub<\/p>\n<p>Compatible con H200 (Incluido)<\/p>\n<p>Interfaz y bot\u00f3n<\/p>\n<p>1 bot\u00f3n de reinicio,<\/p>\n<p>1 bot\u00f3n de timbre,<\/p>\n<p>1 bot\u00f3n antirrobo.<\/p>\n<p>Clasificaci\u00f3n resistente a la intemperie<\/p>\n<p>IP64<\/p>\n<p>\u00c1ngulo de visi\u00f3n<\/p>\n<p>Diagonal de 160\u00b0<\/p>\n<p>Resoluci\u00f3n<\/p>\n<p>2K 5MP (2560 \u00d7 1920px)<\/p>\n<p>CENTRO<br \/>Compatibilidad de Dispositivo<\/p>\n<p>Funciona con sensores inteligentes, botones, interruptores Sub-1G, c\u00e1maras y timbres de puerta con v\u00eddeo de Tapo.<\/p>\n<p>Capacidad de Conexi\u00f3n<\/p>\n<p>Hasta 64 interruptores, sensores o botones Sub-1G + 4 c\u00e1maras o timbres de puerta con v\u00eddeo<\/p>\n<p>Interfaz y Bot\u00f3n<\/p>\n<p>1 puerto Ethernet,<\/p>\n<p>1 bot\u00f3n de reinicio,<\/p>\n<p>1 ranura para tarjeta microSD (hasta 512 GB),<\/p>\n<p>1 bot\u00f3n de sincronizaci\u00f3n.<\/p>\n<p>VIDEO Y AUDIO<br \/>Resoluci\u00f3n M\u00e1xima<\/p>\n<p>2K 5MP (2560 \u00d7 1920px)<\/p>\n<p>Cuadros por segundo<\/p>\n<p>15 fps<\/p>\n<p>Zoom Digital<\/p>\n<p>16x<\/p>\n<p>Compresi\u00f3n de V\u00eddeo<\/p>\n<p>H.264<\/p>\n<p>Vista en Vivo<\/p>\n<p>S\u00ed<\/p>\n<p>Mejora de la imagen<\/p>\n<p>3DNR<\/p>\n<p>WDR<\/p>\n<p>Entrada y Salida de Audio<\/p>\n<p>Micr\u00f3fono y altavoz integrados<\/p>\n<p>Comunicaci\u00f3n de Audio<\/p>\n<p>Audio bidireccional con cancelaci\u00f3n de ruido<br \/>Volumen de Sirena<\/p>\n<p>Timbre: 96 dB (Sirena antirrobo, nivel medido a 10 cm de distancia)<\/p>\n<p>Hub: 100 dB (nivel medido a 10 cm de distancia)<\/p>\n","protected":false},"excerpt":{"rendered":"<p>C\u00c1MARASensor de imagen Sensor CMOS de escaneo progresivo de 1\/2,7&#8243; Primavera Distancia focal: 2,1 mm Apertura: F2.1 Campo de visi\u00f3n: 166\u00b0 (diagonal), 135\u00b0 (horizontal), 102,8\u00b0 (vertical) Vision nocturna LED infrarrojo de 850 nm (7,6 m) Visi\u00f3n nocturna a todo color Iluminaci\u00f3n Focos empotrados Compatibilidad de Hub Compatible con H200 (Incluido) Interfaz y bot\u00f3n 1 bot\u00f3n [&hellip;]<\/p>\n","protected":false},"featured_media":57877,"comment_status":"open","ping_status":"closed","template":"","meta":{"_uag_custom_page_level_css":""},"product_brand":[546],"product_cat":[462],"product_tag":[],"class_list":{"0":"post-57876","1":"product","2":"type-product","3":"status-publish","4":"has-post-thumbnail","6":"product_brand-tplink","7":"product_cat-hogar-inteligente","9":"first","10":"outofstock","11":"sale","12":"taxable","13":"shipping-taxable","14":"purchasable","15":"product-type-simple"},"uagb_featured_image_src":{"full":["https:\/\/rms-enlinea.com.ar\/wp-content\/uploads\/2025\/11\/D_696789-MLA96932327843_112025-F.jpg",1191,1096,false],"thumbnail":["https:\/\/rms-enlinea.com.ar\/wp-content\/uploads\/2025\/11\/D_696789-MLA96932327843_112025-F-150x150.jpg",150,150,true],"medium":["https:\/\/rms-enlinea.com.ar\/wp-content\/uploads\/2025\/11\/D_696789-MLA96932327843_112025-F-300x276.jpg",300,276,true],"medium_large":["https:\/\/rms-enlinea.com.ar\/wp-content\/uploads\/2025\/11\/D_696789-MLA96932327843_112025-F-768x707.jpg",768,707,true],"large":["https:\/\/rms-enlinea.com.ar\/wp-content\/uploads\/2025\/11\/D_696789-MLA96932327843_112025-F-1024x942.jpg",1024,942,true],"1536x1536":["https:\/\/rms-enlinea.com.ar\/wp-content\/uploads\/2025\/11\/D_696789-MLA96932327843_112025-F.jpg",1191,1096,false],"2048x2048":["https:\/\/rms-enlinea.com.ar\/wp-content\/uploads\/2025\/11\/D_696789-MLA96932327843_112025-F.jpg",1191,1096,false],"woocommerce_thumbnail":["https:\/\/rms-enlinea.com.ar\/wp-content\/uploads\/2025\/11\/D_696789-MLA96932327843_112025-F-450x450.jpg",450,450,true],"woocommerce_single":["https:\/\/rms-enlinea.com.ar\/wp-content\/uploads\/2025\/11\/D_696789-MLA96932327843_112025-F-600x552.jpg",600,552,true],"woocommerce_gallery_thumbnail":["https:\/\/rms-enlinea.com.ar\/wp-content\/uploads\/2025\/11\/D_696789-MLA96932327843_112025-F-100x100.jpg",100,100,true]},"uagb_author_info":{"display_name":"nelson","author_link":"https:\/\/rms-enlinea.com.ar\/tienda\/author\/"},"uagb_comment_info":0,"uagb_excerpt":"C\u00c1MARASensor de imagen Sensor CMOS de escaneo progresivo de 1\/2,7&#8243; Primavera Distancia focal: 2,1 mm Apertura: F2.1 Campo de visi\u00f3n: 166\u00b0 (diagonal), 135\u00b0 (horizontal), 102,8\u00b0 (vertical) Vision nocturna LED infrarrojo de 850 nm (7,6 m) Visi\u00f3n nocturna a todo color Iluminaci\u00f3n Focos empotrados Compatibilidad de Hub Compatible con H200 (Incluido) Interfaz y bot\u00f3n 1 bot\u00f3n&hellip;","_links":{"self":[{"href":"https:\/\/rms-enlinea.com.ar\/tienda\/wp-json\/wp\/v2\/product\/57876","targetHints":{"allow":["GET"]}}],"collection":[{"href":"https:\/\/rms-enlinea.com.ar\/tienda\/wp-json\/wp\/v2\/product"}],"about":[{"href":"https:\/\/rms-enlinea.com.ar\/tienda\/wp-json\/wp\/v2\/types\/product"}],"replies":[{"embeddable":true,"href":"https:\/\/rms-enlinea.com.ar\/tienda\/wp-json\/wp\/v2\/comments?post=57876"}],"wp:featuredmedia":[{"embeddable":true,"href":"https:\/\/rms-enlinea.com.ar\/tienda\/wp-json\/wp\/v2\/media\/57877"}],"wp:attachment":[{"href":"https:\/\/rms-enlinea.com.ar\/tienda\/wp-json\/wp\/v2\/media?parent=57876"}],"wp:term":[{"taxonomy":"product_brand","embeddable":true,"href":"https:\/\/rms-enlinea.com.ar\/tienda\/wp-json\/wp\/v2\/product_brand?post=57876"},{"taxonomy":"product_cat","embeddable":true,"href":"https:\/\/rms-enlinea.com.ar\/tienda\/wp-json\/wp\/v2\/product_cat?post=57876"},{"taxonomy":"product_tag","embeddable":true,"href":"https:\/\/rms-enlinea.com.ar\/tienda\/wp-json\/wp\/v2\/product_tag?post=57876"}],"curies":[{"name":"wp","href":"https:\/\/api.w.org\/{rel}","templated":true}]}}