{"id":57896,"date":"2025-11-01T11:10:23","date_gmt":"2025-11-01T14:10:23","guid":{"rendered":"https:\/\/rms-enlinea.com.ar\/tienda\/producto\/sensor-movimiento-para-alarma-tp-link-tapo-t100-smart-home\/"},"modified":"2026-04-06T12:06:57","modified_gmt":"2026-04-06T15:06:57","slug":"sensor-movimiento-para-alarma-tp-link-tapo-t100-smart-home","status":"publish","type":"product","link":"https:\/\/rms-enlinea.com.ar\/tienda\/producto\/sensor-movimiento-para-alarma-tp-link-tapo-t100-smart-home\/","title":{"rendered":"Sensor Movimiento Para Alarma Tp-link Tapo T100 Smart Home"},"content":{"rendered":"<p>GENERAL <br \/>Temperatura de funcionamiento\t0 ~ 40 \u00b0C<br \/>Dimensiones (Al x An x Pr)\t42,3 x 42,3 x 34 mm<br \/>Requerimientos de energ\u00eda\tBater\u00eda CR2450<br \/>SISTEMA <br \/>Hub requerido\tS\u00ed<br \/>CARACTER\u00cdSTICAS DE HARDWARE <br \/>indicador LED\tS\u00ed<br \/>ESPECIFICACIONES T\u00c9CNICAS <br \/>Inal\u00e1mbrico\t868 MHz \/ 922 MHz<br \/>\u00c1ngulo de detecci\u00f3n\t120\u00b0<br \/>Distancia de detecci\u00f3n\tM\u00e1ximo 7 m \/ 23 pies.<\/p>\n","protected":false},"excerpt":{"rendered":"<p>GENERAL Temperatura de funcionamiento 0 ~ 40 \u00b0CDimensiones (Al x An x Pr) 42,3 x 42,3 x 34 mmRequerimientos de energ\u00eda Bater\u00eda CR2450SISTEMA Hub requerido S\u00edCARACTER\u00cdSTICAS DE HARDWARE indicador LED S\u00edESPECIFICACIONES T\u00c9CNICAS Inal\u00e1mbrico 868 MHz \/ 922 MHz\u00c1ngulo de detecci\u00f3n 120\u00b0Distancia de detecci\u00f3n M\u00e1ximo 7 m \/ 23 pies.<\/p>\n","protected":false},"featured_media":57897,"comment_status":"open","ping_status":"closed","template":"","meta":{"_uag_custom_page_level_css":""},"product_brand":[546],"product_cat":[462],"product_tag":[],"class_list":{"0":"post-57896","1":"product","2":"type-product","3":"status-publish","4":"has-post-thumbnail","6":"product_brand-tplink","7":"product_cat-hogar-inteligente","9":"first","10":"instock","11":"sale","12":"taxable","13":"shipping-taxable","14":"purchasable","15":"product-type-simple"},"uagb_featured_image_src":{"full":["https:\/\/rms-enlinea.com.ar\/wp-content\/uploads\/2025\/11\/D_670025-MLA96940903447_112025-F.jpg",1198,1119,false],"thumbnail":["https:\/\/rms-enlinea.com.ar\/wp-content\/uploads\/2025\/11\/D_670025-MLA96940903447_112025-F-150x150.jpg",150,150,true],"medium":["https:\/\/rms-enlinea.com.ar\/wp-content\/uploads\/2025\/11\/D_670025-MLA96940903447_112025-F-300x280.jpg",300,280,true],"medium_large":["https:\/\/rms-enlinea.com.ar\/wp-content\/uploads\/2025\/11\/D_670025-MLA96940903447_112025-F-768x717.jpg",768,717,true],"large":["https:\/\/rms-enlinea.com.ar\/wp-content\/uploads\/2025\/11\/D_670025-MLA96940903447_112025-F-1024x956.jpg",1024,956,true],"1536x1536":["https:\/\/rms-enlinea.com.ar\/wp-content\/uploads\/2025\/11\/D_670025-MLA96940903447_112025-F.jpg",1198,1119,false],"2048x2048":["https:\/\/rms-enlinea.com.ar\/wp-content\/uploads\/2025\/11\/D_670025-MLA96940903447_112025-F.jpg",1198,1119,false],"woocommerce_thumbnail":["https:\/\/rms-enlinea.com.ar\/wp-content\/uploads\/2025\/11\/D_670025-MLA96940903447_112025-F-450x450.jpg",450,450,true],"woocommerce_single":["https:\/\/rms-enlinea.com.ar\/wp-content\/uploads\/2025\/11\/D_670025-MLA96940903447_112025-F-600x560.jpg",600,560,true],"woocommerce_gallery_thumbnail":["https:\/\/rms-enlinea.com.ar\/wp-content\/uploads\/2025\/11\/D_670025-MLA96940903447_112025-F-100x100.jpg",100,100,true]},"uagb_author_info":{"display_name":"nelson","author_link":"https:\/\/rms-enlinea.com.ar\/tienda\/author\/"},"uagb_comment_info":0,"uagb_excerpt":"GENERAL Temperatura de funcionamiento 0 ~ 40 \u00b0CDimensiones (Al x An x Pr) 42,3 x 42,3 x 34 mmRequerimientos de energ\u00eda Bater\u00eda CR2450SISTEMA Hub requerido S\u00edCARACTER\u00cdSTICAS DE HARDWARE indicador LED S\u00edESPECIFICACIONES T\u00c9CNICAS Inal\u00e1mbrico 868 MHz \/ 922 MHz\u00c1ngulo de detecci\u00f3n 120\u00b0Distancia de detecci\u00f3n M\u00e1ximo 7 m \/ 23 pies.","_links":{"self":[{"href":"https:\/\/rms-enlinea.com.ar\/tienda\/wp-json\/wp\/v2\/product\/57896","targetHints":{"allow":["GET"]}}],"collection":[{"href":"https:\/\/rms-enlinea.com.ar\/tienda\/wp-json\/wp\/v2\/product"}],"about":[{"href":"https:\/\/rms-enlinea.com.ar\/tienda\/wp-json\/wp\/v2\/types\/product"}],"replies":[{"embeddable":true,"href":"https:\/\/rms-enlinea.com.ar\/tienda\/wp-json\/wp\/v2\/comments?post=57896"}],"wp:featuredmedia":[{"embeddable":true,"href":"https:\/\/rms-enlinea.com.ar\/tienda\/wp-json\/wp\/v2\/media\/57897"}],"wp:attachment":[{"href":"https:\/\/rms-enlinea.com.ar\/tienda\/wp-json\/wp\/v2\/media?parent=57896"}],"wp:term":[{"taxonomy":"product_brand","embeddable":true,"href":"https:\/\/rms-enlinea.com.ar\/tienda\/wp-json\/wp\/v2\/product_brand?post=57896"},{"taxonomy":"product_cat","embeddable":true,"href":"https:\/\/rms-enlinea.com.ar\/tienda\/wp-json\/wp\/v2\/product_cat?post=57896"},{"taxonomy":"product_tag","embeddable":true,"href":"https:\/\/rms-enlinea.com.ar\/tienda\/wp-json\/wp\/v2\/product_tag?post=57896"}],"curies":[{"name":"wp","href":"https:\/\/api.w.org\/{rel}","templated":true}]}}