{"id":57909,"date":"2025-11-01T11:30:30","date_gmt":"2025-11-01T14:30:30","guid":{"rendered":"https:\/\/rms-enlinea.com.ar\/tienda\/producto\/sensor-de-contacto-tp-link-tapo-t110-hub-no-incluido\/"},"modified":"2026-04-20T09:50:15","modified_gmt":"2026-04-20T12:50:15","slug":"sensor-de-contacto-tp-link-tapo-t110-hub-no-incluido","status":"publish","type":"product","link":"https:\/\/rms-enlinea.com.ar\/tienda\/producto\/sensor-de-contacto-tp-link-tapo-t110-hub-no-incluido\/","title":{"rendered":"Sensor De Contacto Tp-link Tapo T110 Hub No Incluido"},"content":{"rendered":"<p>GENERAL <br \/>Temperatura de funcionamiento\t0 ~ 40 \u00b0C<br \/>Dimensiones (Al x An x Pr)\t61,4 x 37,5 x 12,3 mm<br \/>Requerimientos de energ\u00eda\tBater\u00eda CR2032<br \/>SISTEMA <br \/>Hub requerido\tS\u00ed<br \/>ESPECIFICACIONES T\u00c9CNICAS <br \/>Inal\u00e1mbrico\t868 \/ 922 MHz<\/p>\n","protected":false},"excerpt":{"rendered":"<p>GENERAL Temperatura de funcionamiento 0 ~ 40 \u00b0CDimensiones (Al x An x Pr) 61,4 x 37,5 x 12,3 mmRequerimientos de energ\u00eda Bater\u00eda CR2032SISTEMA Hub requerido S\u00edESPECIFICACIONES T\u00c9CNICAS Inal\u00e1mbrico 868 \/ 922 MHz<\/p>\n","protected":false},"featured_media":57910,"comment_status":"open","ping_status":"closed","template":"","meta":{"_uag_custom_page_level_css":""},"product_brand":[546],"product_cat":[462],"product_tag":[],"class_list":{"0":"post-57909","1":"product","2":"type-product","3":"status-publish","4":"has-post-thumbnail","6":"product_brand-tplink","7":"product_cat-hogar-inteligente","9":"first","10":"instock","11":"sale","12":"taxable","13":"shipping-taxable","14":"purchasable","15":"product-type-simple"},"uagb_featured_image_src":{"full":["https:\/\/rms-enlinea.com.ar\/wp-content\/uploads\/2025\/11\/D_657765-MLA96490747240_112025-F.jpg",804,1198,false],"thumbnail":["https:\/\/rms-enlinea.com.ar\/wp-content\/uploads\/2025\/11\/D_657765-MLA96490747240_112025-F-150x150.jpg",150,150,true],"medium":["https:\/\/rms-enlinea.com.ar\/wp-content\/uploads\/2025\/11\/D_657765-MLA96490747240_112025-F-201x300.jpg",201,300,true],"medium_large":["https:\/\/rms-enlinea.com.ar\/wp-content\/uploads\/2025\/11\/D_657765-MLA96490747240_112025-F-768x1144.jpg",768,1144,true],"large":["https:\/\/rms-enlinea.com.ar\/wp-content\/uploads\/2025\/11\/D_657765-MLA96490747240_112025-F-687x1024.jpg",687,1024,true],"1536x1536":["https:\/\/rms-enlinea.com.ar\/wp-content\/uploads\/2025\/11\/D_657765-MLA96490747240_112025-F.jpg",804,1198,false],"2048x2048":["https:\/\/rms-enlinea.com.ar\/wp-content\/uploads\/2025\/11\/D_657765-MLA96490747240_112025-F.jpg",804,1198,false],"woocommerce_thumbnail":["https:\/\/rms-enlinea.com.ar\/wp-content\/uploads\/2025\/11\/D_657765-MLA96490747240_112025-F-450x450.jpg",450,450,true],"woocommerce_single":["https:\/\/rms-enlinea.com.ar\/wp-content\/uploads\/2025\/11\/D_657765-MLA96490747240_112025-F-600x894.jpg",600,894,true],"woocommerce_gallery_thumbnail":["https:\/\/rms-enlinea.com.ar\/wp-content\/uploads\/2025\/11\/D_657765-MLA96490747240_112025-F-100x100.jpg",100,100,true]},"uagb_author_info":{"display_name":"nelson","author_link":"https:\/\/rms-enlinea.com.ar\/tienda\/author\/"},"uagb_comment_info":0,"uagb_excerpt":"GENERAL Temperatura de funcionamiento 0 ~ 40 \u00b0CDimensiones (Al x An x Pr) 61,4 x 37,5 x 12,3 mmRequerimientos de energ\u00eda Bater\u00eda CR2032SISTEMA Hub requerido S\u00edESPECIFICACIONES T\u00c9CNICAS Inal\u00e1mbrico 868 \/ 922 MHz","_links":{"self":[{"href":"https:\/\/rms-enlinea.com.ar\/tienda\/wp-json\/wp\/v2\/product\/57909","targetHints":{"allow":["GET"]}}],"collection":[{"href":"https:\/\/rms-enlinea.com.ar\/tienda\/wp-json\/wp\/v2\/product"}],"about":[{"href":"https:\/\/rms-enlinea.com.ar\/tienda\/wp-json\/wp\/v2\/types\/product"}],"replies":[{"embeddable":true,"href":"https:\/\/rms-enlinea.com.ar\/tienda\/wp-json\/wp\/v2\/comments?post=57909"}],"wp:featuredmedia":[{"embeddable":true,"href":"https:\/\/rms-enlinea.com.ar\/tienda\/wp-json\/wp\/v2\/media\/57910"}],"wp:attachment":[{"href":"https:\/\/rms-enlinea.com.ar\/tienda\/wp-json\/wp\/v2\/media?parent=57909"}],"wp:term":[{"taxonomy":"product_brand","embeddable":true,"href":"https:\/\/rms-enlinea.com.ar\/tienda\/wp-json\/wp\/v2\/product_brand?post=57909"},{"taxonomy":"product_cat","embeddable":true,"href":"https:\/\/rms-enlinea.com.ar\/tienda\/wp-json\/wp\/v2\/product_cat?post=57909"},{"taxonomy":"product_tag","embeddable":true,"href":"https:\/\/rms-enlinea.com.ar\/tienda\/wp-json\/wp\/v2\/product_tag?post=57909"}],"curies":[{"name":"wp","href":"https:\/\/api.w.org\/{rel}","templated":true}]}}