{"id":57930,"date":"2025-11-01T11:50:44","date_gmt":"2025-11-01T14:50:44","guid":{"rendered":"https:\/\/rms-enlinea.com.ar\/tienda\/producto\/switch-tp-link-sg3428mp-24-puertos-poe-4-sfp-administrable\/"},"modified":"2026-04-21T04:10:04","modified_gmt":"2026-04-21T07:10:04","slug":"switch-tp-link-sg3428mp-24-puertos-poe-4-sfp-administrable","status":"publish","type":"product","link":"https:\/\/rms-enlinea.com.ar\/tienda\/producto\/switch-tp-link-sg3428mp-24-puertos-poe-4-sfp-administrable\/","title":{"rendered":"Switch Tp-link Sg3428mp 24 Puertos Poe + 4 Sfp Administrable"},"content":{"rendered":"<p>CARACTER\u00cdSTICAS DE HARDWARE <br \/>Interfaz\t&#8211; 24\u00d7 Puertos RJ45 10\/100\/1000Mbps<br \/> \t&#8211; 4\u00d7 Ranuras SFP Gigabit<br \/> \t&#8211; 1\u00d7 Puerto de consola RJ45<br \/> \t&#8211; 1\u00d7 Puerto de consola Micro-USB<br \/>Cantidad de Ventiladores\t2<br \/>Fuente de Alimentaci\u00f3n\t100-240 V CA~50\/60 Hz<br \/>Puertos PoE (RJ45)\t&#8211; Est\u00e1ndar: compatible con 802.3at\/af<br \/> \t&#8211; Puertos PoE+: 24 puertos, hasta 30 W por puerto<br \/> \t&#8211; Potencia de energ\u00eda: 384 W*<br \/>Dimensiones\t17,3 \u00d7 13,0 \u00d7 1,7 pulgadas (440 \u00d7 330 \u00d7 44 mm)<br \/>Montaje\tMontaje en Rack<br \/>Consumo de Potencia M\u00e1ximo\t&#8211; V1: 463,8 W (110 V\/60 Hz) (con DP de 384 W conectada); 31,0 W (110 V\/60 Hz) (sin DP conectada)<br \/> \t&#8211; V2: 465,8 W (110 V\/60 Hz) (con DP de 384 W conectada); 34,4 W (110 V\/60 Hz) (sin DP conectada)<br \/> \t&#8211; V3: 442,1 W (220 V\/50 Hz) (con DP de 384 W conectada)<br \/> \t&#8211; V4: 460,8 W (110 V\/60 Hz) (con DP de 384 W conectada)<br \/> \t&#8211; V5: 456,4 W (110 V\/60 Hz) (con DP de 384 W conectada)<br \/>Disipaci\u00f3n m\u00e1xima de calor\t&#8211; V1: 1582,49 BTU\/h (110 V\/60 Hz) (con DP de 384 W conectada); 105,78 BTU\/h (110 V\/60 Hz) (sin DP conectada)<br \/> \t&#8211; V2: 1589,31 BTU\/h (110 V\/60 Hz) (con DP de 384 W conectada); 117,38 BTU\/h (110 V\/60 Hz) (sin DP conectada)<br \/> \t&#8211; V3: 1508,67 BTU\/h (220 V\/50 Hz) (con DP de 384 W conectada)<br \/> \t&#8211; V4: 1572,48 BTU\/h (110 V\/60 Hz) (con DP de 384 W conectada)<br \/> \t&#8211; V5: 1557,47 BTU\/h (110 V\/60 Hz) (con DP de 384 W conectada)<\/p>\n","protected":false},"excerpt":{"rendered":"<p>CARACTER\u00cdSTICAS DE HARDWARE Interfaz &#8211; 24\u00d7 Puertos RJ45 10\/100\/1000Mbps &#8211; 4\u00d7 Ranuras SFP Gigabit &#8211; 1\u00d7 Puerto de consola RJ45 &#8211; 1\u00d7 Puerto de consola Micro-USBCantidad de Ventiladores 2Fuente de Alimentaci\u00f3n 100-240 V CA~50\/60 HzPuertos PoE (RJ45) &#8211; Est\u00e1ndar: compatible con 802.3at\/af &#8211; Puertos PoE+: 24 puertos, hasta 30 W por puerto &#8211; Potencia de [&hellip;]<\/p>\n","protected":false},"featured_media":21796,"comment_status":"open","ping_status":"closed","template":"","meta":{"_uag_custom_page_level_css":""},"product_brand":[546],"product_cat":[122],"product_tag":[],"class_list":{"0":"post-57930","1":"product","2":"type-product","3":"status-publish","4":"has-post-thumbnail","6":"product_brand-tplink","7":"product_cat-redes-y-conectividad","9":"first","10":"outofstock","11":"sale","12":"taxable","13":"shipping-taxable","14":"purchasable","15":"product-type-simple"},"uagb_featured_image_src":{"full":["https:\/\/rms-enlinea.com.ar\/wp-content\/uploads\/2025\/06\/D_975040-MLA74112986824_012024-F.jpg",961,334,false],"thumbnail":["https:\/\/rms-enlinea.com.ar\/wp-content\/uploads\/2025\/06\/D_975040-MLA74112986824_012024-F-150x150.jpg",150,150,true],"medium":["https:\/\/rms-enlinea.com.ar\/wp-content\/uploads\/2025\/06\/D_975040-MLA74112986824_012024-F-300x104.jpg",300,104,true],"medium_large":["https:\/\/rms-enlinea.com.ar\/wp-content\/uploads\/2025\/06\/D_975040-MLA74112986824_012024-F-768x267.jpg",768,267,true],"large":["https:\/\/rms-enlinea.com.ar\/wp-content\/uploads\/2025\/06\/D_975040-MLA74112986824_012024-F.jpg",961,334,false],"1536x1536":["https:\/\/rms-enlinea.com.ar\/wp-content\/uploads\/2025\/06\/D_975040-MLA74112986824_012024-F.jpg",961,334,false],"2048x2048":["https:\/\/rms-enlinea.com.ar\/wp-content\/uploads\/2025\/06\/D_975040-MLA74112986824_012024-F.jpg",961,334,false],"woocommerce_thumbnail":["https:\/\/rms-enlinea.com.ar\/wp-content\/uploads\/2025\/06\/D_975040-MLA74112986824_012024-F-450x334.jpg",450,334,true],"woocommerce_single":["https:\/\/rms-enlinea.com.ar\/wp-content\/uploads\/2025\/06\/D_975040-MLA74112986824_012024-F-600x209.jpg",600,209,true],"woocommerce_gallery_thumbnail":["https:\/\/rms-enlinea.com.ar\/wp-content\/uploads\/2025\/06\/D_975040-MLA74112986824_012024-F-100x100.jpg",100,100,true]},"uagb_author_info":{"display_name":"nelson","author_link":"https:\/\/rms-enlinea.com.ar\/tienda\/author\/"},"uagb_comment_info":0,"uagb_excerpt":"CARACTER\u00cdSTICAS DE HARDWARE Interfaz &#8211; 24\u00d7 Puertos RJ45 10\/100\/1000Mbps &#8211; 4\u00d7 Ranuras SFP Gigabit &#8211; 1\u00d7 Puerto de consola RJ45 &#8211; 1\u00d7 Puerto de consola Micro-USBCantidad de Ventiladores 2Fuente de Alimentaci\u00f3n 100-240 V CA~50\/60 HzPuertos PoE (RJ45) &#8211; Est\u00e1ndar: compatible con 802.3at\/af &#8211; Puertos PoE+: 24 puertos, hasta 30 W por puerto &#8211; Potencia de&hellip;","_links":{"self":[{"href":"https:\/\/rms-enlinea.com.ar\/tienda\/wp-json\/wp\/v2\/product\/57930","targetHints":{"allow":["GET"]}}],"collection":[{"href":"https:\/\/rms-enlinea.com.ar\/tienda\/wp-json\/wp\/v2\/product"}],"about":[{"href":"https:\/\/rms-enlinea.com.ar\/tienda\/wp-json\/wp\/v2\/types\/product"}],"replies":[{"embeddable":true,"href":"https:\/\/rms-enlinea.com.ar\/tienda\/wp-json\/wp\/v2\/comments?post=57930"}],"wp:featuredmedia":[{"embeddable":true,"href":"https:\/\/rms-enlinea.com.ar\/tienda\/wp-json\/wp\/v2\/media\/21796"}],"wp:attachment":[{"href":"https:\/\/rms-enlinea.com.ar\/tienda\/wp-json\/wp\/v2\/media?parent=57930"}],"wp:term":[{"taxonomy":"product_brand","embeddable":true,"href":"https:\/\/rms-enlinea.com.ar\/tienda\/wp-json\/wp\/v2\/product_brand?post=57930"},{"taxonomy":"product_cat","embeddable":true,"href":"https:\/\/rms-enlinea.com.ar\/tienda\/wp-json\/wp\/v2\/product_cat?post=57930"},{"taxonomy":"product_tag","embeddable":true,"href":"https:\/\/rms-enlinea.com.ar\/tienda\/wp-json\/wp\/v2\/product_tag?post=57930"}],"curies":[{"name":"wp","href":"https:\/\/api.w.org\/{rel}","templated":true}]}}