{"id":57968,"date":"2025-11-01T19:00:11","date_gmt":"2025-11-01T22:00:11","guid":{"rendered":"https:\/\/rms-enlinea.com.ar\/tienda\/producto\/atril-soporte-multiuso-teclado-plegable-hamilton-ks460-hm\/"},"modified":"2026-04-02T17:21:18","modified_gmt":"2026-04-02T20:21:18","slug":"atril-soporte-multiuso-teclado-plegable-hamilton-ks460-hm","status":"publish","type":"product","link":"https:\/\/rms-enlinea.com.ar\/tienda\/producto\/atril-soporte-multiuso-teclado-plegable-hamilton-ks460-hm\/","title":{"rendered":"Mesa Multiuso Dj Soporte Teclado Plegable Hamilton Ks460-hm"},"content":{"rendered":"<p>Atril para teclado o piano digital.<br \/>\nExtensible.<br \/>\nPeso m\u00e1ximo soportado: 25 Kilos.<br \/>\nLargo m\u00ednimo: 73 cm<br \/>\nLargo m\u00e1ximo(extendido): 103 cm.<br \/>\nAltura m\u00ednima: 67 cm.<br \/>\nAltura m\u00e1xima: 110 cm.<br \/>\nCromado.<\/p>\n","protected":false},"excerpt":{"rendered":"<p>Atril para teclado o piano digital. Extensible. Peso m\u00e1ximo soportado: 25 Kilos. Largo m\u00ednimo: 73 cm Largo m\u00e1ximo(extendido): 103 cm. Altura m\u00ednima: 67 cm. Altura m\u00e1xima: 110 cm. Cromado.<\/p>\n","protected":false},"featured_media":57969,"comment_status":"open","ping_status":"closed","template":"","meta":{"_uag_custom_page_level_css":""},"product_brand":[678],"product_cat":[15,459],"product_tag":[],"class_list":{"0":"post-57968","1":"product","2":"type-product","3":"status-publish","4":"has-post-thumbnail","6":"product_brand-hamilton","7":"product_cat-sin-categorizar","8":"product_cat-soportes-audio-profesional","10":"first","11":"instock","12":"sale","13":"taxable","14":"shipping-taxable","15":"purchasable","16":"product-type-simple"},"uagb_featured_image_src":{"full":["https:\/\/rms-enlinea.com.ar\/wp-content\/uploads\/2025\/11\/D_675927-MLA96963776423_112025-F.jpg",1200,936,false],"thumbnail":["https:\/\/rms-enlinea.com.ar\/wp-content\/uploads\/2025\/11\/D_675927-MLA96963776423_112025-F-150x150.jpg",150,150,true],"medium":["https:\/\/rms-enlinea.com.ar\/wp-content\/uploads\/2025\/11\/D_675927-MLA96963776423_112025-F-300x234.jpg",300,234,true],"medium_large":["https:\/\/rms-enlinea.com.ar\/wp-content\/uploads\/2025\/11\/D_675927-MLA96963776423_112025-F-768x599.jpg",768,599,true],"large":["https:\/\/rms-enlinea.com.ar\/wp-content\/uploads\/2025\/11\/D_675927-MLA96963776423_112025-F-1024x799.jpg",1024,799,true],"1536x1536":["https:\/\/rms-enlinea.com.ar\/wp-content\/uploads\/2025\/11\/D_675927-MLA96963776423_112025-F.jpg",1200,936,false],"2048x2048":["https:\/\/rms-enlinea.com.ar\/wp-content\/uploads\/2025\/11\/D_675927-MLA96963776423_112025-F.jpg",1200,936,false],"woocommerce_thumbnail":["https:\/\/rms-enlinea.com.ar\/wp-content\/uploads\/2025\/11\/D_675927-MLA96963776423_112025-F-450x450.jpg",450,450,true],"woocommerce_single":["https:\/\/rms-enlinea.com.ar\/wp-content\/uploads\/2025\/11\/D_675927-MLA96963776423_112025-F-600x468.jpg",600,468,true],"woocommerce_gallery_thumbnail":["https:\/\/rms-enlinea.com.ar\/wp-content\/uploads\/2025\/11\/D_675927-MLA96963776423_112025-F-100x100.jpg",100,100,true]},"uagb_author_info":{"display_name":"nelson","author_link":"https:\/\/rms-enlinea.com.ar\/tienda\/author\/"},"uagb_comment_info":0,"uagb_excerpt":"Atril para teclado o piano digital. Extensible. Peso m\u00e1ximo soportado: 25 Kilos. Largo m\u00ednimo: 73 cm Largo m\u00e1ximo(extendido): 103 cm. Altura m\u00ednima: 67 cm. Altura m\u00e1xima: 110 cm. Cromado.","_links":{"self":[{"href":"https:\/\/rms-enlinea.com.ar\/tienda\/wp-json\/wp\/v2\/product\/57968","targetHints":{"allow":["GET"]}}],"collection":[{"href":"https:\/\/rms-enlinea.com.ar\/tienda\/wp-json\/wp\/v2\/product"}],"about":[{"href":"https:\/\/rms-enlinea.com.ar\/tienda\/wp-json\/wp\/v2\/types\/product"}],"replies":[{"embeddable":true,"href":"https:\/\/rms-enlinea.com.ar\/tienda\/wp-json\/wp\/v2\/comments?post=57968"}],"wp:featuredmedia":[{"embeddable":true,"href":"https:\/\/rms-enlinea.com.ar\/tienda\/wp-json\/wp\/v2\/media\/57969"}],"wp:attachment":[{"href":"https:\/\/rms-enlinea.com.ar\/tienda\/wp-json\/wp\/v2\/media?parent=57968"}],"wp:term":[{"taxonomy":"product_brand","embeddable":true,"href":"https:\/\/rms-enlinea.com.ar\/tienda\/wp-json\/wp\/v2\/product_brand?post=57968"},{"taxonomy":"product_cat","embeddable":true,"href":"https:\/\/rms-enlinea.com.ar\/tienda\/wp-json\/wp\/v2\/product_cat?post=57968"},{"taxonomy":"product_tag","embeddable":true,"href":"https:\/\/rms-enlinea.com.ar\/tienda\/wp-json\/wp\/v2\/product_tag?post=57968"}],"curies":[{"name":"wp","href":"https:\/\/api.w.org\/{rel}","templated":true}]}}