{"id":57971,"date":"2025-11-01T19:10:34","date_gmt":"2025-11-01T22:10:34","guid":{"rendered":"https:\/\/rms-enlinea.com.ar\/tienda\/producto\/soporte-de-microfono-con-jirafa-gatillo-hamilton-ms242bk-hm\/"},"modified":"2026-03-31T17:04:16","modified_gmt":"2026-03-31T20:04:16","slug":"soporte-de-microfono-con-jirafa-gatillo-hamilton-ms242bk-hm","status":"publish","type":"product","link":"https:\/\/rms-enlinea.com.ar\/tienda\/producto\/soporte-de-microfono-con-jirafa-gatillo-hamilton-ms242bk-hm\/","title":{"rendered":"Soporte De Microfono Con Jirafa Gatillo Hamilton Ms242bk-hm"},"content":{"rendered":"<p>Atril de micr\u00f3fono que se ajusta libremente la altura y distancia perfecta para tu micr\u00f3fono. Combinaci\u00f3n vers\u00e1til de brazo telesc\u00f3pico y soporte de micr\u00f3fono con brazo tr\u00edpode con eje de aleaci\u00f3n y manguito tensor de pl\u00e1stico. Acabado duradero con recubrimiento de polvo negro.<br \/>Especificaciones:<br \/>\u2022 Altura ajustable de 1mt. a 1.70 mts.<br \/>\u2022 Tubo telesc\u00f3pico de 2mm.<br \/>\u2022 Boom ajustable de 77 cm.<br \/>\u2022 Adaptador de rosca grande y peque\u00f1a<br \/>\u2022 Base tr\u00edpode plegable con antideslizante en las patas<br \/>\u2022 Met\u00e1lico con acabado color negro<\/p>\n","protected":false},"excerpt":{"rendered":"<p>Atril de micr\u00f3fono que se ajusta libremente la altura y distancia perfecta para tu micr\u00f3fono. Combinaci\u00f3n vers\u00e1til de brazo telesc\u00f3pico y soporte de micr\u00f3fono con brazo tr\u00edpode con eje de aleaci\u00f3n y manguito tensor de pl\u00e1stico. Acabado duradero con recubrimiento de polvo negro.Especificaciones:\u2022 Altura ajustable de 1mt. a 1.70 mts.\u2022 Tubo telesc\u00f3pico de 2mm.\u2022 Boom [&hellip;]<\/p>\n","protected":false},"featured_media":57972,"comment_status":"open","ping_status":"closed","template":"","meta":{"_uag_custom_page_level_css":""},"product_brand":[678],"product_cat":[77,15],"product_tag":[],"class_list":{"0":"post-57971","1":"product","2":"type-product","3":"status-publish","4":"has-post-thumbnail","6":"product_brand-hamilton","7":"product_cat-pies-de-microfono-y-soportes","8":"product_cat-sin-categorizar","10":"first","11":"outofstock","12":"sale","13":"taxable","14":"shipping-taxable","15":"purchasable","16":"product-type-simple"},"uagb_featured_image_src":{"full":["https:\/\/rms-enlinea.com.ar\/wp-content\/uploads\/2025\/11\/D_873128-MLA96511521202_112025-F.jpg",595,1194,false],"thumbnail":["https:\/\/rms-enlinea.com.ar\/wp-content\/uploads\/2025\/11\/D_873128-MLA96511521202_112025-F-150x150.jpg",150,150,true],"medium":["https:\/\/rms-enlinea.com.ar\/wp-content\/uploads\/2025\/11\/D_873128-MLA96511521202_112025-F-149x300.jpg",149,300,true],"medium_large":["https:\/\/rms-enlinea.com.ar\/wp-content\/uploads\/2025\/11\/D_873128-MLA96511521202_112025-F.jpg",595,1194,false],"large":["https:\/\/rms-enlinea.com.ar\/wp-content\/uploads\/2025\/11\/D_873128-MLA96511521202_112025-F-510x1024.jpg",510,1024,true],"1536x1536":["https:\/\/rms-enlinea.com.ar\/wp-content\/uploads\/2025\/11\/D_873128-MLA96511521202_112025-F.jpg",595,1194,false],"2048x2048":["https:\/\/rms-enlinea.com.ar\/wp-content\/uploads\/2025\/11\/D_873128-MLA96511521202_112025-F.jpg",595,1194,false],"woocommerce_thumbnail":["https:\/\/rms-enlinea.com.ar\/wp-content\/uploads\/2025\/11\/D_873128-MLA96511521202_112025-F-450x450.jpg",450,450,true],"woocommerce_single":["https:\/\/rms-enlinea.com.ar\/wp-content\/uploads\/2025\/11\/D_873128-MLA96511521202_112025-F.jpg",595,1194,false],"woocommerce_gallery_thumbnail":["https:\/\/rms-enlinea.com.ar\/wp-content\/uploads\/2025\/11\/D_873128-MLA96511521202_112025-F-100x100.jpg",100,100,true]},"uagb_author_info":{"display_name":"nelson","author_link":"https:\/\/rms-enlinea.com.ar\/tienda\/author\/"},"uagb_comment_info":0,"uagb_excerpt":"Atril de micr\u00f3fono que se ajusta libremente la altura y distancia perfecta para tu micr\u00f3fono. Combinaci\u00f3n vers\u00e1til de brazo telesc\u00f3pico y soporte de micr\u00f3fono con brazo tr\u00edpode con eje de aleaci\u00f3n y manguito tensor de pl\u00e1stico. Acabado duradero con recubrimiento de polvo negro.Especificaciones:\u2022 Altura ajustable de 1mt. a 1.70 mts.\u2022 Tubo telesc\u00f3pico de 2mm.\u2022 Boom&hellip;","_links":{"self":[{"href":"https:\/\/rms-enlinea.com.ar\/tienda\/wp-json\/wp\/v2\/product\/57971","targetHints":{"allow":["GET"]}}],"collection":[{"href":"https:\/\/rms-enlinea.com.ar\/tienda\/wp-json\/wp\/v2\/product"}],"about":[{"href":"https:\/\/rms-enlinea.com.ar\/tienda\/wp-json\/wp\/v2\/types\/product"}],"replies":[{"embeddable":true,"href":"https:\/\/rms-enlinea.com.ar\/tienda\/wp-json\/wp\/v2\/comments?post=57971"}],"wp:featuredmedia":[{"embeddable":true,"href":"https:\/\/rms-enlinea.com.ar\/tienda\/wp-json\/wp\/v2\/media\/57972"}],"wp:attachment":[{"href":"https:\/\/rms-enlinea.com.ar\/tienda\/wp-json\/wp\/v2\/media?parent=57971"}],"wp:term":[{"taxonomy":"product_brand","embeddable":true,"href":"https:\/\/rms-enlinea.com.ar\/tienda\/wp-json\/wp\/v2\/product_brand?post=57971"},{"taxonomy":"product_cat","embeddable":true,"href":"https:\/\/rms-enlinea.com.ar\/tienda\/wp-json\/wp\/v2\/product_cat?post=57971"},{"taxonomy":"product_tag","embeddable":true,"href":"https:\/\/rms-enlinea.com.ar\/tienda\/wp-json\/wp\/v2\/product_tag?post=57971"}],"curies":[{"name":"wp","href":"https:\/\/api.w.org\/{rel}","templated":true}]}}