{"id":58007,"date":"2025-11-03T13:10:12","date_gmt":"2025-11-03T16:10:12","guid":{"rendered":"https:\/\/rms-enlinea.com.ar\/tienda\/producto\/auricular-gamer-rgb-usb-7-1-vsg-shake-vg-hv967-7l\/"},"modified":"2026-04-02T23:54:55","modified_gmt":"2026-04-03T02:54:55","slug":"auricular-gamer-rgb-usb-7-1-vsg-shake-vg-hv967-7l","status":"publish","type":"product","link":"https:\/\/rms-enlinea.com.ar\/tienda\/producto\/auricular-gamer-rgb-usb-7-1-vsg-shake-vg-hv967-7l\/","title":{"rendered":"Auricular Gamer Rgb Usb 7.1 Vsg Shake Vg-hv967-7l"},"content":{"rendered":"<p>MODELO: SHAKE<br \/>\nC\u00d3DIGO SKU: VG-HV967-7L<br \/>\nEMPAQUE(MM)LARGOXANCHOXPROF: 240X215X105<br \/>\nAUD\u00cdFONO: SHAKE<br \/>\nTIPO: OVER-EAR<br \/>\nCONECTIVIDAD: AL\u00c1MBRICO<br \/>\nCONECTOR: USB<br \/>\nRANGO DE FRECUENCIA: 20HZ-20KHZ<br \/>\nSONIDO ENVOLVENTE 7.1: SI<br \/>\nDI\u00c1METRO DEL ALTAVOZ (MM): 50<br \/>\nIMPEDANCIA DEL ALTAVOZ (OHM): 32<br \/>\nSENSIBILIDAD DEL ALTAVOZ: 115DB\u00b13DB<br \/>\nMICR\u00d3FONO DESMONTABLE: NO<br \/>\nPATR\u00d3N POLAR: OMNIDIRECCIONAL<br \/>\nSENSIBILIDAD DE MICR\u00d3FONO: -42DB\u00b13DB<br \/>\nMATERIAL: ABS + PU + ESPONJA<br \/>\nCABLE: TRENZADO<br \/>\nLONGITUD: 2<br \/>\nAUDIO: 7,1<\/p>\n","protected":false},"excerpt":{"rendered":"<p>MODELO: SHAKE C\u00d3DIGO SKU: VG-HV967-7L EMPAQUE(MM)LARGOXANCHOXPROF: 240X215X105 AUD\u00cdFONO: SHAKE TIPO: OVER-EAR CONECTIVIDAD: AL\u00c1MBRICO CONECTOR: USB RANGO DE FRECUENCIA: 20HZ-20KHZ SONIDO ENVOLVENTE 7.1: SI DI\u00c1METRO DEL ALTAVOZ (MM): 50 IMPEDANCIA DEL ALTAVOZ (OHM): 32 SENSIBILIDAD DEL ALTAVOZ: 115DB\u00b13DB MICR\u00d3FONO DESMONTABLE: NO PATR\u00d3N POLAR: OMNIDIRECCIONAL SENSIBILIDAD DE MICR\u00d3FONO: -42DB\u00b13DB MATERIAL: ABS + PU + ESPONJA CABLE: TRENZADO [&hellip;]<\/p>\n","protected":false},"featured_media":6337,"comment_status":"open","ping_status":"closed","template":"","meta":{"_uag_custom_page_level_css":""},"product_brand":[544],"product_cat":[99],"product_tag":[],"class_list":{"0":"post-58007","1":"product","2":"type-product","3":"status-publish","4":"has-post-thumbnail","6":"product_brand-vsg","7":"product_cat-auriculares-computacion","9":"first","10":"outofstock","11":"sale","12":"taxable","13":"shipping-taxable","14":"purchasable","15":"product-type-simple"},"uagb_featured_image_src":{"full":["https:\/\/rms-enlinea.com.ar\/wp-content\/uploads\/2025\/06\/D_913875-MLA44677471398_012021-F.jpg",617,766,false],"thumbnail":["https:\/\/rms-enlinea.com.ar\/wp-content\/uploads\/2025\/06\/D_913875-MLA44677471398_012021-F-150x150.jpg",150,150,true],"medium":["https:\/\/rms-enlinea.com.ar\/wp-content\/uploads\/2025\/06\/D_913875-MLA44677471398_012021-F-242x300.jpg",242,300,true],"medium_large":["https:\/\/rms-enlinea.com.ar\/wp-content\/uploads\/2025\/06\/D_913875-MLA44677471398_012021-F.jpg",617,766,false],"large":["https:\/\/rms-enlinea.com.ar\/wp-content\/uploads\/2025\/06\/D_913875-MLA44677471398_012021-F.jpg",617,766,false],"1536x1536":["https:\/\/rms-enlinea.com.ar\/wp-content\/uploads\/2025\/06\/D_913875-MLA44677471398_012021-F.jpg",617,766,false],"2048x2048":["https:\/\/rms-enlinea.com.ar\/wp-content\/uploads\/2025\/06\/D_913875-MLA44677471398_012021-F.jpg",617,766,false],"woocommerce_thumbnail":["https:\/\/rms-enlinea.com.ar\/wp-content\/uploads\/2025\/06\/D_913875-MLA44677471398_012021-F-450x450.jpg",450,450,true],"woocommerce_single":["https:\/\/rms-enlinea.com.ar\/wp-content\/uploads\/2025\/06\/D_913875-MLA44677471398_012021-F-600x745.jpg",600,745,true],"woocommerce_gallery_thumbnail":["https:\/\/rms-enlinea.com.ar\/wp-content\/uploads\/2025\/06\/D_913875-MLA44677471398_012021-F-100x100.jpg",100,100,true]},"uagb_author_info":{"display_name":"nelson","author_link":"https:\/\/rms-enlinea.com.ar\/tienda\/author\/"},"uagb_comment_info":0,"uagb_excerpt":"MODELO: SHAKE C\u00d3DIGO SKU: VG-HV967-7L EMPAQUE(MM)LARGOXANCHOXPROF: 240X215X105 AUD\u00cdFONO: SHAKE TIPO: OVER-EAR CONECTIVIDAD: AL\u00c1MBRICO CONECTOR: USB RANGO DE FRECUENCIA: 20HZ-20KHZ SONIDO ENVOLVENTE 7.1: SI DI\u00c1METRO DEL ALTAVOZ (MM): 50 IMPEDANCIA DEL ALTAVOZ (OHM): 32 SENSIBILIDAD DEL ALTAVOZ: 115DB\u00b13DB MICR\u00d3FONO DESMONTABLE: NO PATR\u00d3N POLAR: OMNIDIRECCIONAL SENSIBILIDAD DE MICR\u00d3FONO: -42DB\u00b13DB MATERIAL: ABS + PU + ESPONJA CABLE: TRENZADO&hellip;","_links":{"self":[{"href":"https:\/\/rms-enlinea.com.ar\/tienda\/wp-json\/wp\/v2\/product\/58007","targetHints":{"allow":["GET"]}}],"collection":[{"href":"https:\/\/rms-enlinea.com.ar\/tienda\/wp-json\/wp\/v2\/product"}],"about":[{"href":"https:\/\/rms-enlinea.com.ar\/tienda\/wp-json\/wp\/v2\/types\/product"}],"replies":[{"embeddable":true,"href":"https:\/\/rms-enlinea.com.ar\/tienda\/wp-json\/wp\/v2\/comments?post=58007"}],"wp:featuredmedia":[{"embeddable":true,"href":"https:\/\/rms-enlinea.com.ar\/tienda\/wp-json\/wp\/v2\/media\/6337"}],"wp:attachment":[{"href":"https:\/\/rms-enlinea.com.ar\/tienda\/wp-json\/wp\/v2\/media?parent=58007"}],"wp:term":[{"taxonomy":"product_brand","embeddable":true,"href":"https:\/\/rms-enlinea.com.ar\/tienda\/wp-json\/wp\/v2\/product_brand?post=58007"},{"taxonomy":"product_cat","embeddable":true,"href":"https:\/\/rms-enlinea.com.ar\/tienda\/wp-json\/wp\/v2\/product_cat?post=58007"},{"taxonomy":"product_tag","embeddable":true,"href":"https:\/\/rms-enlinea.com.ar\/tienda\/wp-json\/wp\/v2\/product_tag?post=58007"}],"curies":[{"name":"wp","href":"https:\/\/api.w.org\/{rel}","templated":true}]}}