{"id":58098,"date":"2025-11-06T15:40:20","date_gmt":"2025-11-06T18:40:20","guid":{"rendered":"https:\/\/rms-enlinea.com.ar\/tienda\/producto\/cooler-cpu-msi-mag-corefrozr-aa13-argb-1700-1851-am4-am5-2\/"},"modified":"2026-04-21T03:47:20","modified_gmt":"2026-04-21T06:47:20","slug":"cooler-cpu-msi-mag-corefrozr-aa13-argb-1700-1851-am4-am5-2","status":"publish","type":"product","link":"https:\/\/rms-enlinea.com.ar\/tienda\/producto\/cooler-cpu-msi-mag-corefrozr-aa13-argb-1700-1851-am4-am5-2\/","title":{"rendered":"Cooler Cpu Msi Mag Corefrozr Aa13 Argb 1700 1851 Am4 Am5"},"content":{"rendered":"<p>N\u00famero de aficionados 1<br \/>\nDimensiones del ventilador 120 x 120 x 25 mm \/ 4,7 x 4,7 x 0,98 pulgadas<br \/>\nVelocidad del ventilador 510~2070 RPM \u00b1 200 RPM (10%)<br \/>\nFlujo de aire del ventilador 62,6 CFM<br \/>\nNivel de ruido del ventilador 30,11 dBA (M\u00c1X. 34,1)<br \/>\nPresi\u00f3n est\u00e1tica del ventilador 2,36 mmH2O<br \/>\nCojinete del ventilador Rodamiento de rifle<br \/>\nVida \u00fatil del ventilador 40.000 horas a 40 \u00b0C<br \/>\nActualidad calificada por los fans 0,15 A (m\u00e1x.: 0,18 A)<br \/>\nConsumo de energ\u00eda del ventilador 1,44 W (m\u00e1x.: 2,16 W)<br \/>\nModo PWM S\u00ed<br \/>\nLongitud del cable (cable ARGB\/PWM de 5 V) 300 mm<br \/>\nIluminaci\u00f3n de ventilador ARGB GEN1<br \/>\nConector ARGB Conector ARGB de 3 pines de 5 V<br \/>\nMaterial base del radiador Contacto directo con la CPU [CDC]<br \/>\nDimensiones del radiador 152*121*94,5 mm<br \/>\nMaterial del radiador AL1100+AL6063+C1020<br \/>\nAleta del radiador 50 unidades<br \/>\nSocket Intel LGA 1700 \/ 1851<br \/>\nSocket AMD AM5\/AM4<\/p>\n","protected":false},"excerpt":{"rendered":"<p>N\u00famero de aficionados 1 Dimensiones del ventilador 120 x 120 x 25 mm \/ 4,7 x 4,7 x 0,98 pulgadas Velocidad del ventilador 510~2070 RPM \u00b1 200 RPM (10%) Flujo de aire del ventilador 62,6 CFM Nivel de ruido del ventilador 30,11 dBA (M\u00c1X. 34,1) Presi\u00f3n est\u00e1tica del ventilador 2,36 mmH2O Cojinete del ventilador Rodamiento [&hellip;]<\/p>\n","protected":false},"featured_media":58099,"comment_status":"open","ping_status":"closed","template":"","meta":{"_uag_custom_page_level_css":""},"product_brand":[557],"product_cat":[105],"product_tag":[],"class_list":{"0":"post-58098","1":"product","2":"type-product","3":"status-publish","4":"has-post-thumbnail","6":"product_brand-msi","7":"product_cat-cooler-y-sistemas-de-refrigeracion","9":"first","10":"outofstock","11":"sale","12":"taxable","13":"shipping-taxable","14":"purchasable","15":"product-type-simple"},"uagb_featured_image_src":{"full":["https:\/\/rms-enlinea.com.ar\/wp-content\/uploads\/2025\/11\/D_851811-MLA97458368261_112025-F.jpg",931,1198,false],"thumbnail":["https:\/\/rms-enlinea.com.ar\/wp-content\/uploads\/2025\/11\/D_851811-MLA97458368261_112025-F-150x150.jpg",150,150,true],"medium":["https:\/\/rms-enlinea.com.ar\/wp-content\/uploads\/2025\/11\/D_851811-MLA97458368261_112025-F-233x300.jpg",233,300,true],"medium_large":["https:\/\/rms-enlinea.com.ar\/wp-content\/uploads\/2025\/11\/D_851811-MLA97458368261_112025-F-768x988.jpg",768,988,true],"large":["https:\/\/rms-enlinea.com.ar\/wp-content\/uploads\/2025\/11\/D_851811-MLA97458368261_112025-F-796x1024.jpg",796,1024,true],"1536x1536":["https:\/\/rms-enlinea.com.ar\/wp-content\/uploads\/2025\/11\/D_851811-MLA97458368261_112025-F.jpg",931,1198,false],"2048x2048":["https:\/\/rms-enlinea.com.ar\/wp-content\/uploads\/2025\/11\/D_851811-MLA97458368261_112025-F.jpg",931,1198,false],"woocommerce_thumbnail":["https:\/\/rms-enlinea.com.ar\/wp-content\/uploads\/2025\/11\/D_851811-MLA97458368261_112025-F-450x450.jpg",450,450,true],"woocommerce_single":["https:\/\/rms-enlinea.com.ar\/wp-content\/uploads\/2025\/11\/D_851811-MLA97458368261_112025-F-600x772.jpg",600,772,true],"woocommerce_gallery_thumbnail":["https:\/\/rms-enlinea.com.ar\/wp-content\/uploads\/2025\/11\/D_851811-MLA97458368261_112025-F-100x100.jpg",100,100,true]},"uagb_author_info":{"display_name":"nelson","author_link":"https:\/\/rms-enlinea.com.ar\/tienda\/author\/"},"uagb_comment_info":0,"uagb_excerpt":"N\u00famero de aficionados 1 Dimensiones del ventilador 120 x 120 x 25 mm \/ 4,7 x 4,7 x 0,98 pulgadas Velocidad del ventilador 510~2070 RPM \u00b1 200 RPM (10%) Flujo de aire del ventilador 62,6 CFM Nivel de ruido del ventilador 30,11 dBA (M\u00c1X. 34,1) Presi\u00f3n est\u00e1tica del ventilador 2,36 mmH2O Cojinete del ventilador Rodamiento&hellip;","_links":{"self":[{"href":"https:\/\/rms-enlinea.com.ar\/tienda\/wp-json\/wp\/v2\/product\/58098","targetHints":{"allow":["GET"]}}],"collection":[{"href":"https:\/\/rms-enlinea.com.ar\/tienda\/wp-json\/wp\/v2\/product"}],"about":[{"href":"https:\/\/rms-enlinea.com.ar\/tienda\/wp-json\/wp\/v2\/types\/product"}],"replies":[{"embeddable":true,"href":"https:\/\/rms-enlinea.com.ar\/tienda\/wp-json\/wp\/v2\/comments?post=58098"}],"wp:featuredmedia":[{"embeddable":true,"href":"https:\/\/rms-enlinea.com.ar\/tienda\/wp-json\/wp\/v2\/media\/58099"}],"wp:attachment":[{"href":"https:\/\/rms-enlinea.com.ar\/tienda\/wp-json\/wp\/v2\/media?parent=58098"}],"wp:term":[{"taxonomy":"product_brand","embeddable":true,"href":"https:\/\/rms-enlinea.com.ar\/tienda\/wp-json\/wp\/v2\/product_brand?post=58098"},{"taxonomy":"product_cat","embeddable":true,"href":"https:\/\/rms-enlinea.com.ar\/tienda\/wp-json\/wp\/v2\/product_cat?post=58098"},{"taxonomy":"product_tag","embeddable":true,"href":"https:\/\/rms-enlinea.com.ar\/tienda\/wp-json\/wp\/v2\/product_tag?post=58098"}],"curies":[{"name":"wp","href":"https:\/\/api.w.org\/{rel}","templated":true}]}}