{"id":58175,"date":"2025-11-07T15:31:41","date_gmt":"2025-11-07T18:31:41","guid":{"rendered":"https:\/\/rms-enlinea.com.ar\/tienda\/producto\/teclado-mouse-logitech-inalambrico-mk540-black-920-008673\/"},"modified":"2026-04-06T13:23:16","modified_gmt":"2026-04-06T16:23:16","slug":"teclado-mouse-logitech-inalambrico-mk540-black-920-008673","status":"publish","type":"product","link":"https:\/\/rms-enlinea.com.ar\/tienda\/producto\/teclado-mouse-logitech-inalambrico-mk540-black-920-008673\/","title":{"rendered":"Teclado Mouse Logitech Inalambrico Mk540 Black 920-008673"},"content":{"rendered":"<p>El teclado y mouse inal\u00e1mbricos Logitech MK540 son la combinaci\u00f3n perfecta para quienes buscan comodidad y eficiencia en su espacio de trabajo. Con un dise\u00f1o ergon\u00f3mico y un teclado de membrana, este conjunto ofrece una experiencia de escritura suave y silenciosa, ideal para largas jornadas laborales o sesiones de estudio.<\/p>\n<p>El mouse \u00f3ptico cuenta con una resoluci\u00f3n de 1000 dpi, lo que garantiza un seguimiento preciso y fluido en diversas superficies. Su tecnolog\u00eda inal\u00e1mbrica permite una conexi\u00f3n estable y sin interrupciones, liberando tu escritorio de cables y facilitando la movilidad.<\/p>\n<p>El teclado est\u00e1 dise\u00f1ado con un layout en espa\u00f1ol latinoamericano, lo que lo hace accesible y f\u00e1cil de usar para hablantes de la regi\u00f3n. Adem\u00e1s, su construcci\u00f3n robusta asegura durabilidad, mientras que su dise\u00f1o elegante en color negro se adapta a cualquier entorno, ya sea en casa o en la oficina.<\/p>\n<p>Con el Logitech MK540, disfrutar\u00e1s de una experiencia de usuario mejorada, permiti\u00e9ndote concentrarte en tus tareas sin distracciones. Este conjunto es ideal para quienes valoran la calidad y la funcionalidad en su equipo de trabajo diario.<\/p>\n","protected":false},"excerpt":{"rendered":"<p>El teclado y mouse inal\u00e1mbricos Logitech MK540 son la combinaci\u00f3n perfecta para quienes buscan comodidad y eficiencia en su espacio de trabajo. Con un dise\u00f1o ergon\u00f3mico y un teclado de membrana, este conjunto ofrece una experiencia de escritura suave y silenciosa, ideal para largas jornadas laborales o sesiones de estudio. El mouse \u00f3ptico cuenta con [&hellip;]<\/p>\n","protected":false},"featured_media":58176,"comment_status":"open","ping_status":"closed","template":"","meta":{"_uag_custom_page_level_css":""},"product_brand":[549],"product_cat":[125],"product_tag":[],"class_list":{"0":"post-58175","1":"product","2":"type-product","3":"status-publish","4":"has-post-thumbnail","6":"product_brand-logitech","7":"product_cat-teclados-y-mouses","9":"first","10":"instock","11":"sale","12":"taxable","13":"shipping-taxable","14":"purchasable","15":"product-type-simple"},"uagb_featured_image_src":{"full":["https:\/\/rms-enlinea.com.ar\/wp-content\/uploads\/2025\/11\/D_801846-MLA97113228094_112025-F.jpg",1199,428,false],"thumbnail":["https:\/\/rms-enlinea.com.ar\/wp-content\/uploads\/2025\/11\/D_801846-MLA97113228094_112025-F-150x150.jpg",150,150,true],"medium":["https:\/\/rms-enlinea.com.ar\/wp-content\/uploads\/2025\/11\/D_801846-MLA97113228094_112025-F-300x107.jpg",300,107,true],"medium_large":["https:\/\/rms-enlinea.com.ar\/wp-content\/uploads\/2025\/11\/D_801846-MLA97113228094_112025-F-768x274.jpg",768,274,true],"large":["https:\/\/rms-enlinea.com.ar\/wp-content\/uploads\/2025\/11\/D_801846-MLA97113228094_112025-F-1024x366.jpg",1024,366,true],"1536x1536":["https:\/\/rms-enlinea.com.ar\/wp-content\/uploads\/2025\/11\/D_801846-MLA97113228094_112025-F.jpg",1199,428,false],"2048x2048":["https:\/\/rms-enlinea.com.ar\/wp-content\/uploads\/2025\/11\/D_801846-MLA97113228094_112025-F.jpg",1199,428,false],"woocommerce_thumbnail":["https:\/\/rms-enlinea.com.ar\/wp-content\/uploads\/2025\/11\/D_801846-MLA97113228094_112025-F-450x428.jpg",450,428,true],"woocommerce_single":["https:\/\/rms-enlinea.com.ar\/wp-content\/uploads\/2025\/11\/D_801846-MLA97113228094_112025-F-600x214.jpg",600,214,true],"woocommerce_gallery_thumbnail":["https:\/\/rms-enlinea.com.ar\/wp-content\/uploads\/2025\/11\/D_801846-MLA97113228094_112025-F-100x100.jpg",100,100,true]},"uagb_author_info":{"display_name":"nelson","author_link":"https:\/\/rms-enlinea.com.ar\/tienda\/author\/"},"uagb_comment_info":0,"uagb_excerpt":"El teclado y mouse inal\u00e1mbricos Logitech MK540 son la combinaci\u00f3n perfecta para quienes buscan comodidad y eficiencia en su espacio de trabajo. Con un dise\u00f1o ergon\u00f3mico y un teclado de membrana, este conjunto ofrece una experiencia de escritura suave y silenciosa, ideal para largas jornadas laborales o sesiones de estudio. El mouse \u00f3ptico cuenta con&hellip;","_links":{"self":[{"href":"https:\/\/rms-enlinea.com.ar\/tienda\/wp-json\/wp\/v2\/product\/58175","targetHints":{"allow":["GET"]}}],"collection":[{"href":"https:\/\/rms-enlinea.com.ar\/tienda\/wp-json\/wp\/v2\/product"}],"about":[{"href":"https:\/\/rms-enlinea.com.ar\/tienda\/wp-json\/wp\/v2\/types\/product"}],"replies":[{"embeddable":true,"href":"https:\/\/rms-enlinea.com.ar\/tienda\/wp-json\/wp\/v2\/comments?post=58175"}],"wp:featuredmedia":[{"embeddable":true,"href":"https:\/\/rms-enlinea.com.ar\/tienda\/wp-json\/wp\/v2\/media\/58176"}],"wp:attachment":[{"href":"https:\/\/rms-enlinea.com.ar\/tienda\/wp-json\/wp\/v2\/media?parent=58175"}],"wp:term":[{"taxonomy":"product_brand","embeddable":true,"href":"https:\/\/rms-enlinea.com.ar\/tienda\/wp-json\/wp\/v2\/product_brand?post=58175"},{"taxonomy":"product_cat","embeddable":true,"href":"https:\/\/rms-enlinea.com.ar\/tienda\/wp-json\/wp\/v2\/product_cat?post=58175"},{"taxonomy":"product_tag","embeddable":true,"href":"https:\/\/rms-enlinea.com.ar\/tienda\/wp-json\/wp\/v2\/product_tag?post=58175"}],"curies":[{"name":"wp","href":"https:\/\/api.w.org\/{rel}","templated":true}]}}