{"id":58178,"date":"2025-11-07T15:41:49","date_gmt":"2025-11-07T18:41:49","guid":{"rendered":"https:\/\/rms-enlinea.com.ar\/tienda\/producto\/webcam-logitech-c270-720p-30-fps-mic-conferencias\/"},"modified":"2026-02-20T20:35:11","modified_gmt":"2026-02-20T23:35:11","slug":"webcam-logitech-c270-720p-30-fps-mic-conferencias","status":"publish","type":"product","link":"https:\/\/rms-enlinea.com.ar\/tienda\/producto\/webcam-logitech-c270-720p-30-fps-mic-conferencias\/","title":{"rendered":"Webcam Logitech C270 720p 30 Fps Mic Conferencias"},"content":{"rendered":"<p>Descripci\u00f3n<br \/>\nM\u00c1S SERVICIOS<br \/>\nDIMENSIONES<\/p>\n<p>Dimensiones con clip de montaje acoplado<\/p>\n<p>Altura: 72,91 mm<br \/>\nAncho: 31,91 mm<br \/>\nProfundidad: 66,64 mm<br \/>\nLongitud del cable: 1,5 m<br \/>\nPeso: 75 g<br \/>\nREQUISITOS DEL SISTEMA<\/p>\n<p>Compatible con<\/p>\n<p>Windows\u00ae 7 o posterior<br \/>\nmacOS 10.10 o posterior<br \/>\nChrome OS\u2122<br \/>\nPuerto USB-A<br \/>\nFunciona con plataformas populares para videollamadas<\/p>\n<p>ESPECIFICACIONES T\u00c9CNICAS<\/p>\n<p>Resoluci\u00f3n m\u00e1xima: 720p\/30 fps<br \/>\nC\u00e1mara mega pixel: 0.9<br \/>\nTipo de enfoque: foco fijo<br \/>\nTipo de lente: Pl\u00e1stico<br \/>\nMicr\u00f3fono integrado: Mono<br \/>\nRadio de micr\u00f3fono: Hasta 1 m<br \/>\nCampo visual diagonal (dFoV): 55\u00b0<br \/>\nClip de montaje universal listo para laptops, LCD o monitores<\/p>\n","protected":false},"excerpt":{"rendered":"<p>Descripci\u00f3n M\u00c1S SERVICIOS DIMENSIONES Dimensiones con clip de montaje acoplado Altura: 72,91 mm Ancho: 31,91 mm Profundidad: 66,64 mm Longitud del cable: 1,5 m Peso: 75 g REQUISITOS DEL SISTEMA Compatible con Windows\u00ae 7 o posterior macOS 10.10 o posterior Chrome OS\u2122 Puerto USB-A Funciona con plataformas populares para videollamadas ESPECIFICACIONES T\u00c9CNICAS Resoluci\u00f3n m\u00e1xima: 720p\/30 [&hellip;]<\/p>\n","protected":false},"featured_media":58179,"comment_status":"open","ping_status":"closed","template":"","meta":{"_uag_custom_page_level_css":""},"product_brand":[549],"product_cat":[102],"product_tag":[],"class_list":{"0":"post-58178","1":"product","2":"type-product","3":"status-publish","4":"has-post-thumbnail","6":"product_brand-logitech","7":"product_cat-camaras-webcam","9":"first","10":"instock","11":"sale","12":"taxable","13":"shipping-taxable","14":"purchasable","15":"product-type-simple"},"uagb_featured_image_src":{"full":["https:\/\/rms-enlinea.com.ar\/wp-content\/uploads\/2025\/11\/D_703693-MLA97113483988_112025-F.jpg",1182,1025,false],"thumbnail":["https:\/\/rms-enlinea.com.ar\/wp-content\/uploads\/2025\/11\/D_703693-MLA97113483988_112025-F-150x150.jpg",150,150,true],"medium":["https:\/\/rms-enlinea.com.ar\/wp-content\/uploads\/2025\/11\/D_703693-MLA97113483988_112025-F-300x260.jpg",300,260,true],"medium_large":["https:\/\/rms-enlinea.com.ar\/wp-content\/uploads\/2025\/11\/D_703693-MLA97113483988_112025-F-768x666.jpg",768,666,true],"large":["https:\/\/rms-enlinea.com.ar\/wp-content\/uploads\/2025\/11\/D_703693-MLA97113483988_112025-F-1024x888.jpg",1024,888,true],"1536x1536":["https:\/\/rms-enlinea.com.ar\/wp-content\/uploads\/2025\/11\/D_703693-MLA97113483988_112025-F.jpg",1182,1025,false],"2048x2048":["https:\/\/rms-enlinea.com.ar\/wp-content\/uploads\/2025\/11\/D_703693-MLA97113483988_112025-F.jpg",1182,1025,false],"woocommerce_thumbnail":["https:\/\/rms-enlinea.com.ar\/wp-content\/uploads\/2025\/11\/D_703693-MLA97113483988_112025-F-450x450.jpg",450,450,true],"woocommerce_single":["https:\/\/rms-enlinea.com.ar\/wp-content\/uploads\/2025\/11\/D_703693-MLA97113483988_112025-F-600x520.jpg",600,520,true],"woocommerce_gallery_thumbnail":["https:\/\/rms-enlinea.com.ar\/wp-content\/uploads\/2025\/11\/D_703693-MLA97113483988_112025-F-100x100.jpg",100,100,true]},"uagb_author_info":{"display_name":"nelson","author_link":"https:\/\/rms-enlinea.com.ar\/tienda\/author\/"},"uagb_comment_info":0,"uagb_excerpt":"Descripci\u00f3n M\u00c1S SERVICIOS DIMENSIONES Dimensiones con clip de montaje acoplado Altura: 72,91 mm Ancho: 31,91 mm Profundidad: 66,64 mm Longitud del cable: 1,5 m Peso: 75 g REQUISITOS DEL SISTEMA Compatible con Windows\u00ae 7 o posterior macOS 10.10 o posterior Chrome OS\u2122 Puerto USB-A Funciona con plataformas populares para videollamadas ESPECIFICACIONES T\u00c9CNICAS Resoluci\u00f3n m\u00e1xima: 720p\/30&hellip;","_links":{"self":[{"href":"https:\/\/rms-enlinea.com.ar\/tienda\/wp-json\/wp\/v2\/product\/58178","targetHints":{"allow":["GET"]}}],"collection":[{"href":"https:\/\/rms-enlinea.com.ar\/tienda\/wp-json\/wp\/v2\/product"}],"about":[{"href":"https:\/\/rms-enlinea.com.ar\/tienda\/wp-json\/wp\/v2\/types\/product"}],"replies":[{"embeddable":true,"href":"https:\/\/rms-enlinea.com.ar\/tienda\/wp-json\/wp\/v2\/comments?post=58178"}],"wp:featuredmedia":[{"embeddable":true,"href":"https:\/\/rms-enlinea.com.ar\/tienda\/wp-json\/wp\/v2\/media\/58179"}],"wp:attachment":[{"href":"https:\/\/rms-enlinea.com.ar\/tienda\/wp-json\/wp\/v2\/media?parent=58178"}],"wp:term":[{"taxonomy":"product_brand","embeddable":true,"href":"https:\/\/rms-enlinea.com.ar\/tienda\/wp-json\/wp\/v2\/product_brand?post=58178"},{"taxonomy":"product_cat","embeddable":true,"href":"https:\/\/rms-enlinea.com.ar\/tienda\/wp-json\/wp\/v2\/product_cat?post=58178"},{"taxonomy":"product_tag","embeddable":true,"href":"https:\/\/rms-enlinea.com.ar\/tienda\/wp-json\/wp\/v2\/product_tag?post=58178"}],"curies":[{"name":"wp","href":"https:\/\/api.w.org\/{rel}","templated":true}]}}