{"id":58186,"date":"2025-11-08T10:40:09","date_gmt":"2025-11-08T13:40:09","guid":{"rendered":"https:\/\/rms-enlinea.com.ar\/tienda\/producto\/placa-de-red-wifi-pci-e-archer-t4e-ac1200-2-antenas\/"},"modified":"2026-04-06T13:36:38","modified_gmt":"2026-04-06T16:36:38","slug":"placa-de-red-wifi-pci-e-archer-t4e-ac1200-2-antenas","status":"publish","type":"product","link":"https:\/\/rms-enlinea.com.ar\/tienda\/producto\/placa-de-red-wifi-pci-e-archer-t4e-ac1200-2-antenas\/","title":{"rendered":"Placa De Red Wifi Pci-e Archer T4e Ac1200 2 Antenas"},"content":{"rendered":"<p>CARACTER\u00cdSTICAS DE HARDWARE<br \/>\nInterface: PCI Express<br \/>\nDimensiones (W X D X H): 4.8 x 4.5 x 0.85 in (120.8*115.2*21.5 mm)<br \/>\nTipo de Antena: 2 Dual Band Detachable Antennas<br \/>\nCARACTER\u00cdSTICAS INAL\u00c1MBRICAS<br \/>\nEst\u00e1ndares Inal\u00e1mbricos: IEEE 802.11ac\/n\/a 5 GHz<br \/>\nIEEE 802.11n\/g\/b 2.4 GHz<br \/>\nTasa de Se\u00f1al: 5 GHz<br \/>\n11ac: Up to 867 Mbps(dynamic)<br \/>\n11n: Up to 300 Mbps(dynamic)<br \/>\n11a: Up to 54 Mbps(dynamic)<br \/>\n2.4 GHz<br \/>\n11n: Up to 300 Mbps(dynamic)<br \/>\n11g: Up to 54 Mbps(dynamic)<br \/>\n11b: Up to 11 Mbps(dynamic)<br \/>\nSensibilidad de Recepci\u00f3n: 5 GHz :<br \/>\n11ac HT80: -59.5 dBm<br \/>\n11ac HT40: -63 dBm<br \/>\n11ac HT20: -68 dBm<br \/>\n11n HT40: -70 dBm<br \/>\n11n HT20: -73 dBm<br \/>\n11a 54Mbps: -76 dBm<br \/>\n11a 6Mbps: -92 dBm<\/p>\n<p>2.4GHz :<br \/>\n11n HT40: -67.5 dBm<br \/>\n11n HT20: -70 dBm<br \/>\n11g 54Mbps: -72 dBm<br \/>\n11b 11Mbps: -86.5 dBm<br \/>\nPotencia de Transmision: 5 GHz : 24 dBm(FCC) \/ 23dBm(CE) (EIRP)<br \/>\n2.4 GHz : 25 dBm(FCC) \/ 20dBm(CE) (EIRP)<br \/>\nModos Inal\u00e1mbricos: Ad-Hoc \/ Infrastructure mode<br \/>\nSeguridad Inal\u00e1mbrica: Support 64\/128 bit WEP, WPA\/WAP2, WPA-PSK\/WPA2-PSK, 802.1x<br \/>\nTecnolog\u00eda de Modulaci\u00f3n: DBPSK, DQPSK, CCK, OFDM, 16-QAM, 64-QAM, 256-QAM<\/p>\n","protected":false},"excerpt":{"rendered":"<p>CARACTER\u00cdSTICAS DE HARDWARE Interface: PCI Express Dimensiones (W X D X H): 4.8 x 4.5 x 0.85 in (120.8*115.2*21.5 mm) Tipo de Antena: 2 Dual Band Detachable Antennas CARACTER\u00cdSTICAS INAL\u00c1MBRICAS Est\u00e1ndares Inal\u00e1mbricos: IEEE 802.11ac\/n\/a 5 GHz IEEE 802.11n\/g\/b 2.4 GHz Tasa de Se\u00f1al: 5 GHz 11ac: Up to 867 Mbps(dynamic) 11n: Up to 300 Mbps(dynamic) [&hellip;]<\/p>\n","protected":false},"featured_media":58187,"comment_status":"open","ping_status":"closed","template":"","meta":{"_uag_custom_page_level_css":""},"product_brand":[546],"product_cat":[122],"product_tag":[],"class_list":{"0":"post-58186","1":"product","2":"type-product","3":"status-publish","4":"has-post-thumbnail","6":"product_brand-tplink","7":"product_cat-redes-y-conectividad","9":"first","10":"instock","11":"sale","12":"taxable","13":"shipping-taxable","14":"purchasable","15":"product-type-simple"},"uagb_featured_image_src":{"full":["https:\/\/rms-enlinea.com.ar\/wp-content\/uploads\/2025\/11\/D_623653-MLA97647587641_112025-F.jpg",953,1199,false],"thumbnail":["https:\/\/rms-enlinea.com.ar\/wp-content\/uploads\/2025\/11\/D_623653-MLA97647587641_112025-F-150x150.jpg",150,150,true],"medium":["https:\/\/rms-enlinea.com.ar\/wp-content\/uploads\/2025\/11\/D_623653-MLA97647587641_112025-F-238x300.jpg",238,300,true],"medium_large":["https:\/\/rms-enlinea.com.ar\/wp-content\/uploads\/2025\/11\/D_623653-MLA97647587641_112025-F-768x966.jpg",768,966,true],"large":["https:\/\/rms-enlinea.com.ar\/wp-content\/uploads\/2025\/11\/D_623653-MLA97647587641_112025-F-814x1024.jpg",814,1024,true],"1536x1536":["https:\/\/rms-enlinea.com.ar\/wp-content\/uploads\/2025\/11\/D_623653-MLA97647587641_112025-F.jpg",953,1199,false],"2048x2048":["https:\/\/rms-enlinea.com.ar\/wp-content\/uploads\/2025\/11\/D_623653-MLA97647587641_112025-F.jpg",953,1199,false],"woocommerce_thumbnail":["https:\/\/rms-enlinea.com.ar\/wp-content\/uploads\/2025\/11\/D_623653-MLA97647587641_112025-F-450x450.jpg",450,450,true],"woocommerce_single":["https:\/\/rms-enlinea.com.ar\/wp-content\/uploads\/2025\/11\/D_623653-MLA97647587641_112025-F-600x755.jpg",600,755,true],"woocommerce_gallery_thumbnail":["https:\/\/rms-enlinea.com.ar\/wp-content\/uploads\/2025\/11\/D_623653-MLA97647587641_112025-F-100x100.jpg",100,100,true]},"uagb_author_info":{"display_name":"nelson","author_link":"https:\/\/rms-enlinea.com.ar\/tienda\/author\/"},"uagb_comment_info":0,"uagb_excerpt":"CARACTER\u00cdSTICAS DE HARDWARE Interface: PCI Express Dimensiones (W X D X H): 4.8 x 4.5 x 0.85 in (120.8*115.2*21.5 mm) Tipo de Antena: 2 Dual Band Detachable Antennas CARACTER\u00cdSTICAS INAL\u00c1MBRICAS Est\u00e1ndares Inal\u00e1mbricos: IEEE 802.11ac\/n\/a 5 GHz IEEE 802.11n\/g\/b 2.4 GHz Tasa de Se\u00f1al: 5 GHz 11ac: Up to 867 Mbps(dynamic) 11n: Up to 300 Mbps(dynamic)&hellip;","_links":{"self":[{"href":"https:\/\/rms-enlinea.com.ar\/tienda\/wp-json\/wp\/v2\/product\/58186","targetHints":{"allow":["GET"]}}],"collection":[{"href":"https:\/\/rms-enlinea.com.ar\/tienda\/wp-json\/wp\/v2\/product"}],"about":[{"href":"https:\/\/rms-enlinea.com.ar\/tienda\/wp-json\/wp\/v2\/types\/product"}],"replies":[{"embeddable":true,"href":"https:\/\/rms-enlinea.com.ar\/tienda\/wp-json\/wp\/v2\/comments?post=58186"}],"wp:featuredmedia":[{"embeddable":true,"href":"https:\/\/rms-enlinea.com.ar\/tienda\/wp-json\/wp\/v2\/media\/58187"}],"wp:attachment":[{"href":"https:\/\/rms-enlinea.com.ar\/tienda\/wp-json\/wp\/v2\/media?parent=58186"}],"wp:term":[{"taxonomy":"product_brand","embeddable":true,"href":"https:\/\/rms-enlinea.com.ar\/tienda\/wp-json\/wp\/v2\/product_brand?post=58186"},{"taxonomy":"product_cat","embeddable":true,"href":"https:\/\/rms-enlinea.com.ar\/tienda\/wp-json\/wp\/v2\/product_cat?post=58186"},{"taxonomy":"product_tag","embeddable":true,"href":"https:\/\/rms-enlinea.com.ar\/tienda\/wp-json\/wp\/v2\/product_tag?post=58186"}],"curies":[{"name":"wp","href":"https:\/\/api.w.org\/{rel}","templated":true}]}}