{"id":58213,"date":"2025-11-08T19:40:35","date_gmt":"2025-11-08T22:40:35","guid":{"rendered":"https:\/\/rms-enlinea.com.ar\/tienda\/producto\/sistema-mesh-pack-x1-tp-link-hx520-isp-ax3000-wifi-gigabit\/"},"modified":"2026-04-17T19:20:13","modified_gmt":"2026-04-17T22:20:13","slug":"sistema-mesh-pack-x1-tp-link-hx520-isp-ax3000-wifi-gigabit","status":"publish","type":"product","link":"https:\/\/rms-enlinea.com.ar\/tienda\/producto\/sistema-mesh-pack-x1-tp-link-hx520-isp-ax3000-wifi-gigabit\/","title":{"rendered":"Sistema Mesh Pack X1 Tp-link Hx520 Isp Ax3000 Wifi Gigabit"},"content":{"rendered":"<p>Wi-Fi 6 AX3000 \u2013 Cobertura Mesh R\u00e1pida y Estable para Todo el Hogar:<br \/>\nHasta 2402 Mbps en 5 GHz y 574 Mbps en 2.4 GHz.<br \/>\nCompatible con tecnolog\u00edas Wi-Fi 6 como 1024-QAM, HE160, OFDMA, MU-MIMO, Airtime Fairness, Beamforming, Band Steering, Multi-SSID (hasta 3 por banda) y seguridad WPA\/WPA2\/WPA3.<\/p>\n<p>Cobertura Total con EasyMesh:<br \/>\nCompatible con EasyMesh (IEEE 802.11k\/v\/r), permite crear una red Mesh flexible con roaming optimizado, autorecuperaci\u00f3n, diagn\u00f3stico Wi-Fi, separaci\u00f3n autom\u00e1tica de tr\u00e1fico y gesti\u00f3n unificada.<\/p>\n<p>Conectividad Gigabit Flexible para Redes Estables:<br \/>\nIncluye 1 puerto WAN\/LAN Gigabit y 2 puertos LAN Gigabit para conexiones por cable de alta velocidad.<br \/>\nSoporta Ethernet Backhaul para mejorar el rendimiento entre nodos Mesh.<br \/>\nCompatible con Dynamic IP, Static IP, PPPoE, L2TP, PPTP (Multi-WAN).<\/p>\n<p>Dise\u00f1o Compacto y Potente Procesador Dual-Core:<br \/>\nProcesador Dual-Core a 1.3 GHz, antenas internas de alto rendimiento, dise\u00f1o moderno y eficiente.<br \/>\nIdeal para hogares que buscan estabilidad y velocidad sin saturar el espacio f\u00edsico.<\/p>\n<p>Aplicaciones y Funcionalidades Avanzadas:<br \/>\nIncluye Control Parental, QoS, IPSEC VPN, Firewall SPI\/DoS, NAT Forwarding, Port Forwarding, Address Reservation, IPTV (IGMPv2\/3, Snooping), IPv6, Cloud Firmware Upgrade, LED Schedule, estad\u00edsticas de tr\u00e1fico, programaci\u00f3n Wi-Fi y diagn\u00f3stico remoto.<\/p>\n<p>Aplicaci\u00f3n Aginet:<br \/>\nAplicaci\u00f3n para el cliente final disponible en iOS y Android que permite configurar y gestionar el equipo f\u00e1cilmente, aportando valor a\u00f1adido al ISP al mejorar la experiencia de usuario.<\/p>\n<p>Configuraci\u00f3n R\u00e1pida y Sencilla:<br \/>\nCon AginetConfig, cargue archivos de configuraci\u00f3n desde la app o mediante TFTP, evitando que la configuraci\u00f3n se pueda resetear por el cliente.<\/p>\n<p>Gesti\u00f3n Remota Profesional:<br \/>\nCompatible con los est\u00e1ndares TR-069, TR-181, TR-111, TR-143 y TR-369 (USP).<br \/>\nPermite gesti\u00f3n local (WebGUI, Aginet App), remota (https, SNMP) y cloud mediante TAUC.<\/p>\n<p>Compatibilidad con la Plataforma de Gesti\u00f3n TAUC:<br \/>\nTotalmente compatible con TAUC (TP-Link Aginet Unified Cloud), que ofrece gesti\u00f3n masiva para operadores, aprovisionamiento autom\u00e1tico, actualizaciones, soporte proactivo y Wi-Fi Analyti<\/p>\n","protected":false},"excerpt":{"rendered":"<p>Wi-Fi 6 AX3000 \u2013 Cobertura Mesh R\u00e1pida y Estable para Todo el Hogar: Hasta 2402 Mbps en 5 GHz y 574 Mbps en 2.4 GHz. Compatible con tecnolog\u00edas Wi-Fi 6 como 1024-QAM, HE160, OFDMA, MU-MIMO, Airtime Fairness, Beamforming, Band Steering, Multi-SSID (hasta 3 por banda) y seguridad WPA\/WPA2\/WPA3. Cobertura Total con EasyMesh: Compatible con EasyMesh [&hellip;]<\/p>\n","protected":false},"featured_media":58214,"comment_status":"open","ping_status":"closed","template":"","meta":{"_uag_custom_page_level_css":""},"product_brand":[546],"product_cat":[122],"product_tag":[],"class_list":{"0":"post-58213","1":"product","2":"type-product","3":"status-publish","4":"has-post-thumbnail","6":"product_brand-tplink","7":"product_cat-redes-y-conectividad","9":"first","10":"outofstock","11":"sale","12":"taxable","13":"shipping-taxable","14":"purchasable","15":"product-type-simple"},"uagb_featured_image_src":{"full":["https:\/\/rms-enlinea.com.ar\/wp-content\/uploads\/2025\/11\/D_632324-MLA97211178450_112025-F.jpg",1199,1097,false],"thumbnail":["https:\/\/rms-enlinea.com.ar\/wp-content\/uploads\/2025\/11\/D_632324-MLA97211178450_112025-F-150x150.jpg",150,150,true],"medium":["https:\/\/rms-enlinea.com.ar\/wp-content\/uploads\/2025\/11\/D_632324-MLA97211178450_112025-F-300x274.jpg",300,274,true],"medium_large":["https:\/\/rms-enlinea.com.ar\/wp-content\/uploads\/2025\/11\/D_632324-MLA97211178450_112025-F-768x703.jpg",768,703,true],"large":["https:\/\/rms-enlinea.com.ar\/wp-content\/uploads\/2025\/11\/D_632324-MLA97211178450_112025-F-1024x937.jpg",1024,937,true],"1536x1536":["https:\/\/rms-enlinea.com.ar\/wp-content\/uploads\/2025\/11\/D_632324-MLA97211178450_112025-F.jpg",1199,1097,false],"2048x2048":["https:\/\/rms-enlinea.com.ar\/wp-content\/uploads\/2025\/11\/D_632324-MLA97211178450_112025-F.jpg",1199,1097,false],"woocommerce_thumbnail":["https:\/\/rms-enlinea.com.ar\/wp-content\/uploads\/2025\/11\/D_632324-MLA97211178450_112025-F-450x450.jpg",450,450,true],"woocommerce_single":["https:\/\/rms-enlinea.com.ar\/wp-content\/uploads\/2025\/11\/D_632324-MLA97211178450_112025-F-600x549.jpg",600,549,true],"woocommerce_gallery_thumbnail":["https:\/\/rms-enlinea.com.ar\/wp-content\/uploads\/2025\/11\/D_632324-MLA97211178450_112025-F-100x100.jpg",100,100,true]},"uagb_author_info":{"display_name":"nelson","author_link":"https:\/\/rms-enlinea.com.ar\/tienda\/author\/"},"uagb_comment_info":0,"uagb_excerpt":"Wi-Fi 6 AX3000 \u2013 Cobertura Mesh R\u00e1pida y Estable para Todo el Hogar: Hasta 2402 Mbps en 5 GHz y 574 Mbps en 2.4 GHz. Compatible con tecnolog\u00edas Wi-Fi 6 como 1024-QAM, HE160, OFDMA, MU-MIMO, Airtime Fairness, Beamforming, Band Steering, Multi-SSID (hasta 3 por banda) y seguridad WPA\/WPA2\/WPA3. Cobertura Total con EasyMesh: Compatible con EasyMesh&hellip;","_links":{"self":[{"href":"https:\/\/rms-enlinea.com.ar\/tienda\/wp-json\/wp\/v2\/product\/58213","targetHints":{"allow":["GET"]}}],"collection":[{"href":"https:\/\/rms-enlinea.com.ar\/tienda\/wp-json\/wp\/v2\/product"}],"about":[{"href":"https:\/\/rms-enlinea.com.ar\/tienda\/wp-json\/wp\/v2\/types\/product"}],"replies":[{"embeddable":true,"href":"https:\/\/rms-enlinea.com.ar\/tienda\/wp-json\/wp\/v2\/comments?post=58213"}],"wp:featuredmedia":[{"embeddable":true,"href":"https:\/\/rms-enlinea.com.ar\/tienda\/wp-json\/wp\/v2\/media\/58214"}],"wp:attachment":[{"href":"https:\/\/rms-enlinea.com.ar\/tienda\/wp-json\/wp\/v2\/media?parent=58213"}],"wp:term":[{"taxonomy":"product_brand","embeddable":true,"href":"https:\/\/rms-enlinea.com.ar\/tienda\/wp-json\/wp\/v2\/product_brand?post=58213"},{"taxonomy":"product_cat","embeddable":true,"href":"https:\/\/rms-enlinea.com.ar\/tienda\/wp-json\/wp\/v2\/product_cat?post=58213"},{"taxonomy":"product_tag","embeddable":true,"href":"https:\/\/rms-enlinea.com.ar\/tienda\/wp-json\/wp\/v2\/product_tag?post=58213"}],"curies":[{"name":"wp","href":"https:\/\/api.w.org\/{rel}","templated":true}]}}