{"id":58216,"date":"2025-11-09T17:50:35","date_gmt":"2025-11-09T20:50:35","guid":{"rendered":"https:\/\/rms-enlinea.com.ar\/tienda\/producto\/switch-8-puertos-tp-link-sx3008f-sfp-10gbps-no-incluye-sfp\/"},"modified":"2026-02-20T20:53:32","modified_gmt":"2026-02-20T23:53:32","slug":"switch-8-puertos-tp-link-sx3008f-sfp-10gbps-no-incluye-sfp","status":"publish","type":"product","link":"https:\/\/rms-enlinea.com.ar\/tienda\/producto\/switch-8-puertos-tp-link-sx3008f-sfp-10gbps-no-incluye-sfp\/","title":{"rendered":"Switch 8 Puertos Tp-link Sx3008f Sfp+ 10gbps No Incluye Sfp"},"content":{"rendered":"<p>CARACTER\u00cdSTICAS DE HARDWARE<br \/>\nInterfaz \u2022 8 ranuras SFP+ 10GE<br \/>\n\u2022 1 puerto de consola RJ45<br \/>\n\u2022 1 puerto de consola micro-USB<br \/>\nCantidad de Ventiladores Sin ventilador<br \/>\nBloqueo de Seguridad F\u00edsico<br \/>\nFuente de Alimentaci\u00f3n 100-240 V CA 50\/60 Hz<br \/>\nDimensiones 17,3 \u00d7 7,1 \u00d7 1,7 pulgadas (440 \u00d7 180 \u00d7 44 mm)<br \/>\nMontaje Montaje en rack<br \/>\nConsumo de Potencia M\u00e1ximo 15,46 W (220 V\/50 Hz)<br \/>\nDisipaci\u00f3n m\u00e1xima de calor 52,75 BTU\/hora (220 V\/50 Hz)<\/p>\n","protected":false},"excerpt":{"rendered":"<p>CARACTER\u00cdSTICAS DE HARDWARE Interfaz \u2022 8 ranuras SFP+ 10GE \u2022 1 puerto de consola RJ45 \u2022 1 puerto de consola micro-USB Cantidad de Ventiladores Sin ventilador Bloqueo de Seguridad F\u00edsico Fuente de Alimentaci\u00f3n 100-240 V CA 50\/60 Hz Dimensiones 17,3 \u00d7 7,1 \u00d7 1,7 pulgadas (440 \u00d7 180 \u00d7 44 mm) Montaje Montaje en rack [&hellip;]<\/p>\n","protected":false},"featured_media":58217,"comment_status":"open","ping_status":"closed","template":"","meta":{"_uag_custom_page_level_css":""},"product_brand":[546],"product_cat":[122],"product_tag":[],"class_list":{"0":"post-58216","1":"product","2":"type-product","3":"status-publish","4":"has-post-thumbnail","6":"product_brand-tplink","7":"product_cat-redes-y-conectividad","9":"first","10":"instock","11":"sale","12":"taxable","13":"shipping-taxable","14":"purchasable","15":"product-type-simple"},"uagb_featured_image_src":{"full":["https:\/\/rms-enlinea.com.ar\/wp-content\/uploads\/2025\/11\/D_852302-MLA95216349150_102025-F.jpg",1200,249,false],"thumbnail":["https:\/\/rms-enlinea.com.ar\/wp-content\/uploads\/2025\/11\/D_852302-MLA95216349150_102025-F-150x150.jpg",150,150,true],"medium":["https:\/\/rms-enlinea.com.ar\/wp-content\/uploads\/2025\/11\/D_852302-MLA95216349150_102025-F-300x62.jpg",300,62,true],"medium_large":["https:\/\/rms-enlinea.com.ar\/wp-content\/uploads\/2025\/11\/D_852302-MLA95216349150_102025-F-768x159.jpg",768,159,true],"large":["https:\/\/rms-enlinea.com.ar\/wp-content\/uploads\/2025\/11\/D_852302-MLA95216349150_102025-F-1024x212.jpg",1024,212,true],"1536x1536":["https:\/\/rms-enlinea.com.ar\/wp-content\/uploads\/2025\/11\/D_852302-MLA95216349150_102025-F.jpg",1200,249,false],"2048x2048":["https:\/\/rms-enlinea.com.ar\/wp-content\/uploads\/2025\/11\/D_852302-MLA95216349150_102025-F.jpg",1200,249,false],"woocommerce_thumbnail":["https:\/\/rms-enlinea.com.ar\/wp-content\/uploads\/2025\/11\/D_852302-MLA95216349150_102025-F-450x249.jpg",450,249,true],"woocommerce_single":["https:\/\/rms-enlinea.com.ar\/wp-content\/uploads\/2025\/11\/D_852302-MLA95216349150_102025-F-600x125.jpg",600,125,true],"woocommerce_gallery_thumbnail":["https:\/\/rms-enlinea.com.ar\/wp-content\/uploads\/2025\/11\/D_852302-MLA95216349150_102025-F-100x100.jpg",100,100,true]},"uagb_author_info":{"display_name":"nelson","author_link":"https:\/\/rms-enlinea.com.ar\/tienda\/author\/"},"uagb_comment_info":0,"uagb_excerpt":"CARACTER\u00cdSTICAS DE HARDWARE Interfaz \u2022 8 ranuras SFP+ 10GE \u2022 1 puerto de consola RJ45 \u2022 1 puerto de consola micro-USB Cantidad de Ventiladores Sin ventilador Bloqueo de Seguridad F\u00edsico Fuente de Alimentaci\u00f3n 100-240 V CA 50\/60 Hz Dimensiones 17,3 \u00d7 7,1 \u00d7 1,7 pulgadas (440 \u00d7 180 \u00d7 44 mm) Montaje Montaje en rack&hellip;","_links":{"self":[{"href":"https:\/\/rms-enlinea.com.ar\/tienda\/wp-json\/wp\/v2\/product\/58216","targetHints":{"allow":["GET"]}}],"collection":[{"href":"https:\/\/rms-enlinea.com.ar\/tienda\/wp-json\/wp\/v2\/product"}],"about":[{"href":"https:\/\/rms-enlinea.com.ar\/tienda\/wp-json\/wp\/v2\/types\/product"}],"replies":[{"embeddable":true,"href":"https:\/\/rms-enlinea.com.ar\/tienda\/wp-json\/wp\/v2\/comments?post=58216"}],"wp:featuredmedia":[{"embeddable":true,"href":"https:\/\/rms-enlinea.com.ar\/tienda\/wp-json\/wp\/v2\/media\/58217"}],"wp:attachment":[{"href":"https:\/\/rms-enlinea.com.ar\/tienda\/wp-json\/wp\/v2\/media?parent=58216"}],"wp:term":[{"taxonomy":"product_brand","embeddable":true,"href":"https:\/\/rms-enlinea.com.ar\/tienda\/wp-json\/wp\/v2\/product_brand?post=58216"},{"taxonomy":"product_cat","embeddable":true,"href":"https:\/\/rms-enlinea.com.ar\/tienda\/wp-json\/wp\/v2\/product_cat?post=58216"},{"taxonomy":"product_tag","embeddable":true,"href":"https:\/\/rms-enlinea.com.ar\/tienda\/wp-json\/wp\/v2\/product_tag?post=58216"}],"curies":[{"name":"wp","href":"https:\/\/api.w.org\/{rel}","templated":true}]}}