{"id":58238,"date":"2025-11-10T14:10:14","date_gmt":"2025-11-10T17:10:14","guid":{"rendered":"https:\/\/rms-enlinea.com.ar\/tienda\/producto\/monitor-lg-27-led-27ms500-hdmi-full-hd-100hz\/"},"modified":"2026-04-21T05:06:31","modified_gmt":"2026-04-21T08:06:31","slug":"monitor-lg-27-led-27ms500-hdmi-full-hd-100hz","status":"publish","type":"product","link":"https:\/\/rms-enlinea.com.ar\/tienda\/producto\/monitor-lg-27-led-27ms500-hdmi-full-hd-100hz\/","title":{"rendered":"Monitor LG 27 Led 27ms500 Hdmi Full Hd 100hz"},"content":{"rendered":"<p>Descubre el monitor LG 27 LED 27MS500, una opci\u00f3n ideal para quienes buscan calidad de imagen y rendimiento. Con una pantalla de 27 pulgadas y resoluci\u00f3n Full HD de 1920 x 1080 p\u00edxeles, disfrutar\u00e1s de colores vibrantes y detalles n\u00edtidos en cada visualizaci\u00f3n. Su tecnolog\u00eda LCD garantiza una experiencia visual fluida, perfecta para trabajar o disfrutar de tus contenidos favoritos.<\/p>\n<p>Este modelo cuenta con una frecuencia de actualizaci\u00f3n de 100 Hz, lo que proporciona una experiencia m\u00e1s suave y sin interrupciones. Adem\u00e1s, la estabilizaci\u00f3n de negro mejora el contraste en escenas oscuras, permitiendo una visualizaci\u00f3n m\u00e1s clara y precisa. La tecnolog\u00eda sin parpadeo reduce la fatiga visual, ideal para largas jornadas frente a la pantalla.<\/p>\n<p>El dise\u00f1o en color negro se adapta a cualquier entorno, y su compatibilidad con montaje VESA ofrece flexibilidad en la instalaci\u00f3n. Aunque no es port\u00e1til ni curvo, su robustez y funcionalidad lo convierten en una opci\u00f3n confiable para el hogar o la oficina. Mejora tu espacio de trabajo o entretenimiento con el monitor LG 27MS500 y disfruta de una experiencia visual excepcional.<\/p>\n","protected":false},"excerpt":{"rendered":"<p>Descubre el monitor LG 27 LED 27MS500, una opci\u00f3n ideal para quienes buscan calidad de imagen y rendimiento. Con una pantalla de 27 pulgadas y resoluci\u00f3n Full HD de 1920 x 1080 p\u00edxeles, disfrutar\u00e1s de colores vibrantes y detalles n\u00edtidos en cada visualizaci\u00f3n. Su tecnolog\u00eda LCD garantiza una experiencia visual fluida, perfecta para trabajar o [&hellip;]<\/p>\n","protected":false},"featured_media":58239,"comment_status":"open","ping_status":"closed","template":"","meta":{"_uag_custom_page_level_css":""},"product_brand":[551],"product_cat":[114],"product_tag":[],"class_list":{"0":"post-58238","1":"product","2":"type-product","3":"status-publish","4":"has-post-thumbnail","6":"product_brand-lg","7":"product_cat-monitores","9":"first","10":"outofstock","11":"sale","12":"taxable","13":"shipping-taxable","14":"purchasable","15":"product-type-simple"},"uagb_featured_image_src":{"full":["https:\/\/rms-enlinea.com.ar\/wp-content\/uploads\/2025\/11\/D_676489-MLA96123654667_102025-F.jpg",1200,1064,false],"thumbnail":["https:\/\/rms-enlinea.com.ar\/wp-content\/uploads\/2025\/11\/D_676489-MLA96123654667_102025-F-150x150.jpg",150,150,true],"medium":["https:\/\/rms-enlinea.com.ar\/wp-content\/uploads\/2025\/11\/D_676489-MLA96123654667_102025-F-300x266.jpg",300,266,true],"medium_large":["https:\/\/rms-enlinea.com.ar\/wp-content\/uploads\/2025\/11\/D_676489-MLA96123654667_102025-F-768x681.jpg",768,681,true],"large":["https:\/\/rms-enlinea.com.ar\/wp-content\/uploads\/2025\/11\/D_676489-MLA96123654667_102025-F-1024x908.jpg",1024,908,true],"1536x1536":["https:\/\/rms-enlinea.com.ar\/wp-content\/uploads\/2025\/11\/D_676489-MLA96123654667_102025-F.jpg",1200,1064,false],"2048x2048":["https:\/\/rms-enlinea.com.ar\/wp-content\/uploads\/2025\/11\/D_676489-MLA96123654667_102025-F.jpg",1200,1064,false],"woocommerce_thumbnail":["https:\/\/rms-enlinea.com.ar\/wp-content\/uploads\/2025\/11\/D_676489-MLA96123654667_102025-F-450x450.jpg",450,450,true],"woocommerce_single":["https:\/\/rms-enlinea.com.ar\/wp-content\/uploads\/2025\/11\/D_676489-MLA96123654667_102025-F-600x532.jpg",600,532,true],"woocommerce_gallery_thumbnail":["https:\/\/rms-enlinea.com.ar\/wp-content\/uploads\/2025\/11\/D_676489-MLA96123654667_102025-F-100x100.jpg",100,100,true]},"uagb_author_info":{"display_name":"nelson","author_link":"https:\/\/rms-enlinea.com.ar\/tienda\/author\/"},"uagb_comment_info":0,"uagb_excerpt":"Descubre el monitor LG 27 LED 27MS500, una opci\u00f3n ideal para quienes buscan calidad de imagen y rendimiento. Con una pantalla de 27 pulgadas y resoluci\u00f3n Full HD de 1920 x 1080 p\u00edxeles, disfrutar\u00e1s de colores vibrantes y detalles n\u00edtidos en cada visualizaci\u00f3n. Su tecnolog\u00eda LCD garantiza una experiencia visual fluida, perfecta para trabajar o&hellip;","_links":{"self":[{"href":"https:\/\/rms-enlinea.com.ar\/tienda\/wp-json\/wp\/v2\/product\/58238","targetHints":{"allow":["GET"]}}],"collection":[{"href":"https:\/\/rms-enlinea.com.ar\/tienda\/wp-json\/wp\/v2\/product"}],"about":[{"href":"https:\/\/rms-enlinea.com.ar\/tienda\/wp-json\/wp\/v2\/types\/product"}],"replies":[{"embeddable":true,"href":"https:\/\/rms-enlinea.com.ar\/tienda\/wp-json\/wp\/v2\/comments?post=58238"}],"wp:featuredmedia":[{"embeddable":true,"href":"https:\/\/rms-enlinea.com.ar\/tienda\/wp-json\/wp\/v2\/media\/58239"}],"wp:attachment":[{"href":"https:\/\/rms-enlinea.com.ar\/tienda\/wp-json\/wp\/v2\/media?parent=58238"}],"wp:term":[{"taxonomy":"product_brand","embeddable":true,"href":"https:\/\/rms-enlinea.com.ar\/tienda\/wp-json\/wp\/v2\/product_brand?post=58238"},{"taxonomy":"product_cat","embeddable":true,"href":"https:\/\/rms-enlinea.com.ar\/tienda\/wp-json\/wp\/v2\/product_cat?post=58238"},{"taxonomy":"product_tag","embeddable":true,"href":"https:\/\/rms-enlinea.com.ar\/tienda\/wp-json\/wp\/v2\/product_tag?post=58238"}],"curies":[{"name":"wp","href":"https:\/\/api.w.org\/{rel}","templated":true}]}}