{"id":58270,"date":"2025-11-11T16:50:07","date_gmt":"2025-11-11T19:50:07","guid":{"rendered":"https:\/\/rms-enlinea.com.ar\/tienda\/producto\/microfono-de-medicion-original-behringer-ecm8000\/"},"modified":"2026-03-08T18:13:00","modified_gmt":"2026-03-08T21:13:00","slug":"microfono-de-medicion-original-behringer-ecm8000","status":"publish","type":"product","link":"https:\/\/rms-enlinea.com.ar\/tienda\/producto\/microfono-de-medicion-original-behringer-ecm8000\/","title":{"rendered":"Microfono De Medicion Original Behringer Ecm8000"},"content":{"rendered":"<p>TIPO DE PRODUCTO: MICROFONO<br \/>\nUSO: MEDICION<br \/>\nCARCASA: METALICA<br \/>\nCOLOR: GRIS<br \/>\nPERFECTO EN COMBINACI\u00d3N CON EL BEHRINGER ULTRACURVE O PR\u00c1CTICAMENTE CUALQUIER OTRO ANALIZADOR<br \/>\nRESPUESTA DE FRECUENCIA ULTRA-LINEAL Y PRECISA PARA UNA MEDICI\u00d3N THOMANN ABSOLUTA<br \/>\nPATR\u00d3N POLAR OMNIDIRECCIONAL<br \/>\nREQUIERE ALIMENTACI\u00d3N PHANTOM DE 15 &#8211; 48V<br \/>\nDISE\u00d1O EXTREMADAMENTE ROBUSTO CON UN DISE\u00d1O ELEGANTE Y MODERNO<br \/>\nBAJO NIVEL DE RUIDO DE SALIDA<br \/>\nCONECTOR XLR CON CONTACTOS BA\u00d1ADOS EN ORO<br \/>\nINCLUYE ESTUCHE<\/p>\n","protected":false},"excerpt":{"rendered":"<p>TIPO DE PRODUCTO: MICROFONO USO: MEDICION CARCASA: METALICA COLOR: GRIS PERFECTO EN COMBINACI\u00d3N CON EL BEHRINGER ULTRACURVE O PR\u00c1CTICAMENTE CUALQUIER OTRO ANALIZADOR RESPUESTA DE FRECUENCIA ULTRA-LINEAL Y PRECISA PARA UNA MEDICI\u00d3N THOMANN ABSOLUTA PATR\u00d3N POLAR OMNIDIRECCIONAL REQUIERE ALIMENTACI\u00d3N PHANTOM DE 15 &#8211; 48V DISE\u00d1O EXTREMADAMENTE ROBUSTO CON UN DISE\u00d1O ELEGANTE Y MODERNO BAJO NIVEL DE [&hellip;]<\/p>\n","protected":false},"featured_media":38759,"comment_status":"open","ping_status":"closed","template":"","meta":{"_uag_custom_page_level_css":""},"product_brand":[494],"product_cat":[113,15],"product_tag":[],"class_list":{"0":"post-58270","1":"product","2":"type-product","3":"status-publish","4":"has-post-thumbnail","6":"product_brand-behringer","7":"product_cat-microfonos-computacion","8":"product_cat-sin-categorizar","10":"first","11":"outofstock","12":"sale","13":"taxable","14":"shipping-taxable","15":"purchasable","16":"product-type-simple"},"uagb_featured_image_src":{"full":["https:\/\/rms-enlinea.com.ar\/wp-content\/uploads\/2025\/06\/D_720250-MLA27767122781_072018-F.jpg",700,700,false],"thumbnail":["https:\/\/rms-enlinea.com.ar\/wp-content\/uploads\/2025\/06\/D_720250-MLA27767122781_072018-F-150x150.jpg",150,150,true],"medium":["https:\/\/rms-enlinea.com.ar\/wp-content\/uploads\/2025\/06\/D_720250-MLA27767122781_072018-F-300x300.jpg",300,300,true],"medium_large":["https:\/\/rms-enlinea.com.ar\/wp-content\/uploads\/2025\/06\/D_720250-MLA27767122781_072018-F.jpg",700,700,false],"large":["https:\/\/rms-enlinea.com.ar\/wp-content\/uploads\/2025\/06\/D_720250-MLA27767122781_072018-F.jpg",700,700,false],"1536x1536":["https:\/\/rms-enlinea.com.ar\/wp-content\/uploads\/2025\/06\/D_720250-MLA27767122781_072018-F.jpg",700,700,false],"2048x2048":["https:\/\/rms-enlinea.com.ar\/wp-content\/uploads\/2025\/06\/D_720250-MLA27767122781_072018-F.jpg",700,700,false],"woocommerce_thumbnail":["https:\/\/rms-enlinea.com.ar\/wp-content\/uploads\/2025\/06\/D_720250-MLA27767122781_072018-F-450x450.jpg",450,450,true],"woocommerce_single":["https:\/\/rms-enlinea.com.ar\/wp-content\/uploads\/2025\/06\/D_720250-MLA27767122781_072018-F-600x600.jpg",600,600,true],"woocommerce_gallery_thumbnail":["https:\/\/rms-enlinea.com.ar\/wp-content\/uploads\/2025\/06\/D_720250-MLA27767122781_072018-F-100x100.jpg",100,100,true]},"uagb_author_info":{"display_name":"nelson","author_link":"https:\/\/rms-enlinea.com.ar\/tienda\/author\/"},"uagb_comment_info":0,"uagb_excerpt":"TIPO DE PRODUCTO: MICROFONO USO: MEDICION CARCASA: METALICA COLOR: GRIS PERFECTO EN COMBINACI\u00d3N CON EL BEHRINGER ULTRACURVE O PR\u00c1CTICAMENTE CUALQUIER OTRO ANALIZADOR RESPUESTA DE FRECUENCIA ULTRA-LINEAL Y PRECISA PARA UNA MEDICI\u00d3N THOMANN ABSOLUTA PATR\u00d3N POLAR OMNIDIRECCIONAL REQUIERE ALIMENTACI\u00d3N PHANTOM DE 15 &#8211; 48V DISE\u00d1O EXTREMADAMENTE ROBUSTO CON UN DISE\u00d1O ELEGANTE Y MODERNO BAJO NIVEL DE&hellip;","_links":{"self":[{"href":"https:\/\/rms-enlinea.com.ar\/tienda\/wp-json\/wp\/v2\/product\/58270","targetHints":{"allow":["GET"]}}],"collection":[{"href":"https:\/\/rms-enlinea.com.ar\/tienda\/wp-json\/wp\/v2\/product"}],"about":[{"href":"https:\/\/rms-enlinea.com.ar\/tienda\/wp-json\/wp\/v2\/types\/product"}],"replies":[{"embeddable":true,"href":"https:\/\/rms-enlinea.com.ar\/tienda\/wp-json\/wp\/v2\/comments?post=58270"}],"wp:featuredmedia":[{"embeddable":true,"href":"https:\/\/rms-enlinea.com.ar\/tienda\/wp-json\/wp\/v2\/media\/38759"}],"wp:attachment":[{"href":"https:\/\/rms-enlinea.com.ar\/tienda\/wp-json\/wp\/v2\/media?parent=58270"}],"wp:term":[{"taxonomy":"product_brand","embeddable":true,"href":"https:\/\/rms-enlinea.com.ar\/tienda\/wp-json\/wp\/v2\/product_brand?post=58270"},{"taxonomy":"product_cat","embeddable":true,"href":"https:\/\/rms-enlinea.com.ar\/tienda\/wp-json\/wp\/v2\/product_cat?post=58270"},{"taxonomy":"product_tag","embeddable":true,"href":"https:\/\/rms-enlinea.com.ar\/tienda\/wp-json\/wp\/v2\/product_tag?post=58270"}],"curies":[{"name":"wp","href":"https:\/\/api.w.org\/{rel}","templated":true}]}}