{"id":58271,"date":"2025-11-11T18:30:08","date_gmt":"2025-11-11T21:30:08","guid":{"rendered":"https:\/\/rms-enlinea.com.ar\/tienda\/producto\/subwoofer-18-sound-18lw2400-18-pulgadas-1200w-rms-98db\/"},"modified":"2026-04-02T16:23:51","modified_gmt":"2026-04-02T19:23:51","slug":"subwoofer-18-sound-18lw2400-18-pulgadas-1200w-rms-98db","status":"publish","type":"product","link":"https:\/\/rms-enlinea.com.ar\/tienda\/producto\/subwoofer-18-sound-18lw2400-18-pulgadas-1200w-rms-98db\/","title":{"rendered":"Subwoofer 18 Sound 18lw2400 18 Pulgadas 1200w Rms 98db"},"content":{"rendered":"<p>-Sensibilidad: 98 dB SPL 1W \/ 1m<\/p>\n<p>-Bobina de 100 mm (4 pulgadas) (ISV)<\/p>\n<p>-2400 Watts programa<\/p>\n<p>-Cono reforzado con fibra de vidrio<\/p>\n<p>-Double Silicon Spider (DSS) para un control superior de la excursi\u00f3n y linealidad<\/p>\n<p>-Anillos de doble demodulaci\u00f3n (DDR) para una menor distorsi\u00f3n<\/p>\n<p>-Disipaci\u00f3n de calor mejorada mediante difractor de aire de m\u00faltiples celdas y m\u00faltiples ventilaciones de placa posterior<\/p>\n<p>-Conos y platos protegidos contra la intemperie para uso en exteriores.<\/p>\n<p>-Ideal para dise\u00f1os de subwoofer de alto SPL<\/p>\n","protected":false},"excerpt":{"rendered":"<p>-Sensibilidad: 98 dB SPL 1W \/ 1m -Bobina de 100 mm (4 pulgadas) (ISV) -2400 Watts programa -Cono reforzado con fibra de vidrio -Double Silicon Spider (DSS) para un control superior de la excursi\u00f3n y linealidad -Anillos de doble demodulaci\u00f3n (DDR) para una menor distorsi\u00f3n -Disipaci\u00f3n de calor mejorada mediante difractor de aire de m\u00faltiples [&hellip;]<\/p>\n","protected":false},"featured_media":58272,"comment_status":"open","ping_status":"closed","template":"","meta":{"_uag_custom_page_level_css":""},"product_brand":[472],"product_cat":[15,82],"product_tag":[],"class_list":{"0":"post-58271","1":"product","2":"type-product","3":"status-publish","4":"has-post-thumbnail","6":"product_brand-xpro","7":"product_cat-sin-categorizar","8":"product_cat-woofers","10":"first","11":"instock","12":"sale","13":"taxable","14":"shipping-taxable","15":"purchasable","16":"product-type-simple"},"uagb_featured_image_src":{"full":["https:\/\/rms-enlinea.com.ar\/wp-content\/uploads\/2025\/11\/D_710934-MLA97535481996_112025-F.jpg",1199,754,false],"thumbnail":["https:\/\/rms-enlinea.com.ar\/wp-content\/uploads\/2025\/11\/D_710934-MLA97535481996_112025-F-150x150.jpg",150,150,true],"medium":["https:\/\/rms-enlinea.com.ar\/wp-content\/uploads\/2025\/11\/D_710934-MLA97535481996_112025-F-300x189.jpg",300,189,true],"medium_large":["https:\/\/rms-enlinea.com.ar\/wp-content\/uploads\/2025\/11\/D_710934-MLA97535481996_112025-F-768x483.jpg",768,483,true],"large":["https:\/\/rms-enlinea.com.ar\/wp-content\/uploads\/2025\/11\/D_710934-MLA97535481996_112025-F-1024x644.jpg",1024,644,true],"1536x1536":["https:\/\/rms-enlinea.com.ar\/wp-content\/uploads\/2025\/11\/D_710934-MLA97535481996_112025-F.jpg",1199,754,false],"2048x2048":["https:\/\/rms-enlinea.com.ar\/wp-content\/uploads\/2025\/11\/D_710934-MLA97535481996_112025-F.jpg",1199,754,false],"woocommerce_thumbnail":["https:\/\/rms-enlinea.com.ar\/wp-content\/uploads\/2025\/11\/D_710934-MLA97535481996_112025-F-450x450.jpg",450,450,true],"woocommerce_single":["https:\/\/rms-enlinea.com.ar\/wp-content\/uploads\/2025\/11\/D_710934-MLA97535481996_112025-F-600x377.jpg",600,377,true],"woocommerce_gallery_thumbnail":["https:\/\/rms-enlinea.com.ar\/wp-content\/uploads\/2025\/11\/D_710934-MLA97535481996_112025-F-100x100.jpg",100,100,true]},"uagb_author_info":{"display_name":"nelson","author_link":"https:\/\/rms-enlinea.com.ar\/tienda\/author\/"},"uagb_comment_info":0,"uagb_excerpt":"-Sensibilidad: 98 dB SPL 1W \/ 1m -Bobina de 100 mm (4 pulgadas) (ISV) -2400 Watts programa -Cono reforzado con fibra de vidrio -Double Silicon Spider (DSS) para un control superior de la excursi\u00f3n y linealidad -Anillos de doble demodulaci\u00f3n (DDR) para una menor distorsi\u00f3n -Disipaci\u00f3n de calor mejorada mediante difractor de aire de m\u00faltiples&hellip;","_links":{"self":[{"href":"https:\/\/rms-enlinea.com.ar\/tienda\/wp-json\/wp\/v2\/product\/58271","targetHints":{"allow":["GET"]}}],"collection":[{"href":"https:\/\/rms-enlinea.com.ar\/tienda\/wp-json\/wp\/v2\/product"}],"about":[{"href":"https:\/\/rms-enlinea.com.ar\/tienda\/wp-json\/wp\/v2\/types\/product"}],"replies":[{"embeddable":true,"href":"https:\/\/rms-enlinea.com.ar\/tienda\/wp-json\/wp\/v2\/comments?post=58271"}],"wp:featuredmedia":[{"embeddable":true,"href":"https:\/\/rms-enlinea.com.ar\/tienda\/wp-json\/wp\/v2\/media\/58272"}],"wp:attachment":[{"href":"https:\/\/rms-enlinea.com.ar\/tienda\/wp-json\/wp\/v2\/media?parent=58271"}],"wp:term":[{"taxonomy":"product_brand","embeddable":true,"href":"https:\/\/rms-enlinea.com.ar\/tienda\/wp-json\/wp\/v2\/product_brand?post=58271"},{"taxonomy":"product_cat","embeddable":true,"href":"https:\/\/rms-enlinea.com.ar\/tienda\/wp-json\/wp\/v2\/product_cat?post=58271"},{"taxonomy":"product_tag","embeddable":true,"href":"https:\/\/rms-enlinea.com.ar\/tienda\/wp-json\/wp\/v2\/product_tag?post=58271"}],"curies":[{"name":"wp","href":"https:\/\/api.w.org\/{rel}","templated":true}]}}