{"id":58279,"date":"2025-11-13T09:50:10","date_gmt":"2025-11-13T12:50:10","guid":{"rendered":"https:\/\/rms-enlinea.com.ar\/tienda\/producto\/teclado-inalambrico-genius-slimstar-7230-espanol\/"},"modified":"2026-04-06T13:14:56","modified_gmt":"2026-04-06T16:14:56","slug":"teclado-inalambrico-genius-slimstar-7230-espanol","status":"publish","type":"product","link":"https:\/\/rms-enlinea.com.ar\/tienda\/producto\/teclado-inalambrico-genius-slimstar-7230-espanol\/","title":{"rendered":"Teclado Inalambrico Genius Slimstar 7230 Espa\u00f1ol"},"content":{"rendered":"<p>Con Bluetooth<\/p>\n<p>No<br \/>\nCon interfaz USB<\/p>\n<p>No<br \/>\nFRECUENCIA<\/p>\n<p>2.4GHZ HASTA 10m DE ALCANCE<br \/>\nCon cable removible<\/p>\n<p>No<br \/>\nCon recepci\u00f3n inal\u00e1mbrica<\/p>\n<p>S\u00ed<br \/>\nIdioma<\/p>\n<p>Espa\u00f1ol<br \/>\nTECLAS MULTIMEDIA DE ACCESO RAPIDO<\/p>\n<p>9<br \/>\nLayout<\/p>\n<p>QWERTY<br \/>\nNDICADOR DE BAJA BATERIA<\/p>\n<p>si<br \/>\nMarca<\/p>\n<p>Genius<br \/>\nEs resistente a salpicaduras<\/p>\n<p>S\u00ed<br \/>\nCondici\u00f3n del \u00edtem<\/p>\n<p>Nuevo<br \/>\nLayout<\/p>\n<p>QWERTY<br \/>\nModelo<\/p>\n<p>Slimstar 7230<br \/>\nCon pantalla<\/p>\n<p>No<\/p>\n","protected":false},"excerpt":{"rendered":"<p>Con Bluetooth No Con interfaz USB No FRECUENCIA 2.4GHZ HASTA 10m DE ALCANCE Con cable removible No Con recepci\u00f3n inal\u00e1mbrica S\u00ed Idioma Espa\u00f1ol TECLAS MULTIMEDIA DE ACCESO RAPIDO 9 Layout QWERTY NDICADOR DE BAJA BATERIA si Marca Genius Es resistente a salpicaduras S\u00ed Condici\u00f3n del \u00edtem Nuevo Layout QWERTY Modelo Slimstar 7230 Con pantalla No<\/p>\n","protected":false},"featured_media":58280,"comment_status":"open","ping_status":"closed","template":"","meta":{"_uag_custom_page_level_css":""},"product_brand":[550],"product_cat":[125],"product_tag":[],"class_list":{"0":"post-58279","1":"product","2":"type-product","3":"status-publish","4":"has-post-thumbnail","6":"product_brand-genius","7":"product_cat-teclados-y-mouses","9":"first","10":"outofstock","11":"sale","12":"taxable","13":"shipping-taxable","14":"purchasable","15":"product-type-simple"},"uagb_featured_image_src":{"full":["https:\/\/rms-enlinea.com.ar\/wp-content\/uploads\/2025\/11\/D_966997-MLA97752438976_112025-F.jpg",1197,736,false],"thumbnail":["https:\/\/rms-enlinea.com.ar\/wp-content\/uploads\/2025\/11\/D_966997-MLA97752438976_112025-F-150x150.jpg",150,150,true],"medium":["https:\/\/rms-enlinea.com.ar\/wp-content\/uploads\/2025\/11\/D_966997-MLA97752438976_112025-F-300x184.jpg",300,184,true],"medium_large":["https:\/\/rms-enlinea.com.ar\/wp-content\/uploads\/2025\/11\/D_966997-MLA97752438976_112025-F-768x472.jpg",768,472,true],"large":["https:\/\/rms-enlinea.com.ar\/wp-content\/uploads\/2025\/11\/D_966997-MLA97752438976_112025-F-1024x630.jpg",1024,630,true],"1536x1536":["https:\/\/rms-enlinea.com.ar\/wp-content\/uploads\/2025\/11\/D_966997-MLA97752438976_112025-F.jpg",1197,736,false],"2048x2048":["https:\/\/rms-enlinea.com.ar\/wp-content\/uploads\/2025\/11\/D_966997-MLA97752438976_112025-F.jpg",1197,736,false],"woocommerce_thumbnail":["https:\/\/rms-enlinea.com.ar\/wp-content\/uploads\/2025\/11\/D_966997-MLA97752438976_112025-F-450x450.jpg",450,450,true],"woocommerce_single":["https:\/\/rms-enlinea.com.ar\/wp-content\/uploads\/2025\/11\/D_966997-MLA97752438976_112025-F-600x369.jpg",600,369,true],"woocommerce_gallery_thumbnail":["https:\/\/rms-enlinea.com.ar\/wp-content\/uploads\/2025\/11\/D_966997-MLA97752438976_112025-F-100x100.jpg",100,100,true]},"uagb_author_info":{"display_name":"nelson","author_link":"https:\/\/rms-enlinea.com.ar\/tienda\/author\/"},"uagb_comment_info":0,"uagb_excerpt":"Con Bluetooth No Con interfaz USB No FRECUENCIA 2.4GHZ HASTA 10m DE ALCANCE Con cable removible No Con recepci\u00f3n inal\u00e1mbrica S\u00ed Idioma Espa\u00f1ol TECLAS MULTIMEDIA DE ACCESO RAPIDO 9 Layout QWERTY NDICADOR DE BAJA BATERIA si Marca Genius Es resistente a salpicaduras S\u00ed Condici\u00f3n del \u00edtem Nuevo Layout QWERTY Modelo Slimstar 7230 Con pantalla No","_links":{"self":[{"href":"https:\/\/rms-enlinea.com.ar\/tienda\/wp-json\/wp\/v2\/product\/58279","targetHints":{"allow":["GET"]}}],"collection":[{"href":"https:\/\/rms-enlinea.com.ar\/tienda\/wp-json\/wp\/v2\/product"}],"about":[{"href":"https:\/\/rms-enlinea.com.ar\/tienda\/wp-json\/wp\/v2\/types\/product"}],"replies":[{"embeddable":true,"href":"https:\/\/rms-enlinea.com.ar\/tienda\/wp-json\/wp\/v2\/comments?post=58279"}],"wp:featuredmedia":[{"embeddable":true,"href":"https:\/\/rms-enlinea.com.ar\/tienda\/wp-json\/wp\/v2\/media\/58280"}],"wp:attachment":[{"href":"https:\/\/rms-enlinea.com.ar\/tienda\/wp-json\/wp\/v2\/media?parent=58279"}],"wp:term":[{"taxonomy":"product_brand","embeddable":true,"href":"https:\/\/rms-enlinea.com.ar\/tienda\/wp-json\/wp\/v2\/product_brand?post=58279"},{"taxonomy":"product_cat","embeddable":true,"href":"https:\/\/rms-enlinea.com.ar\/tienda\/wp-json\/wp\/v2\/product_cat?post=58279"},{"taxonomy":"product_tag","embeddable":true,"href":"https:\/\/rms-enlinea.com.ar\/tienda\/wp-json\/wp\/v2\/product_tag?post=58279"}],"curies":[{"name":"wp","href":"https:\/\/api.w.org\/{rel}","templated":true}]}}