{"id":58282,"date":"2025-11-13T10:41:44","date_gmt":"2025-11-13T13:41:44","guid":{"rendered":"https:\/\/rms-enlinea.com.ar\/tienda\/producto\/pc-con-monitor-23-8-pulgadas-kelyx-r3-3200g-8gb-ssd-256gb\/"},"modified":"2026-04-15T10:40:35","modified_gmt":"2026-04-15T13:40:35","slug":"pc-con-monitor-23-8-pulgadas-kelyx-r3-3200g-8gb-ssd-256gb","status":"publish","type":"product","link":"https:\/\/rms-enlinea.com.ar\/tienda\/producto\/pc-con-monitor-23-8-pulgadas-kelyx-r3-3200g-8gb-ssd-256gb\/","title":{"rendered":"Pc Con Monitor 23.8 Pulgadas Kelyx R3 3200g 8gb Ssd 256gb"},"content":{"rendered":"<p>IMAGEN ILUSTRATIVA<br \/>\nNO INCLUYE SISTEMA OPERATIVO<\/p>\n<p>Procesador AMD Ryzen 3-3200G<br \/>\nMemoria RAM 8Gb DDR4 3200 Mhz (1 slot libre)<br \/>\nAlmacenamiento<br \/>\nDisco M.2 256Gb<br \/>\nTama\u00f1o Monitor 23.8&#8243;<br \/>\nResoluci\u00f3n 1920x1080FHD<br \/>\nIluminaci\u00f3n LED<br \/>\nFrecuencia de Actualizaci\u00f3n 75Hz<br \/>\nTiempor de Respuesta 14ms<br \/>\nVESA 75x75mm<br \/>\nInput DC+VGA+HDMI<br \/>\nAlimentaci\u00f3n 12V, 2A<\/p>\n","protected":false},"excerpt":{"rendered":"<p>IMAGEN ILUSTRATIVA NO INCLUYE SISTEMA OPERATIVO Procesador AMD Ryzen 3-3200G Memoria RAM 8Gb DDR4 3200 Mhz (1 slot libre) Almacenamiento Disco M.2 256Gb Tama\u00f1o Monitor 23.8&#8243; Resoluci\u00f3n 1920x1080FHD Iluminaci\u00f3n LED Frecuencia de Actualizaci\u00f3n 75Hz Tiempor de Respuesta 14ms VESA 75x75mm Input DC+VGA+HDMI Alimentaci\u00f3n 12V, 2A<\/p>\n","protected":false},"featured_media":58283,"comment_status":"open","ping_status":"closed","template":"","meta":{"_uag_custom_page_level_css":""},"product_brand":[571],"product_cat":[117,15],"product_tag":[],"class_list":{"0":"post-58282","1":"product","2":"type-product","3":"status-publish","4":"has-post-thumbnail","6":"product_brand-kelyx","7":"product_cat-pc-de-escritorio","8":"product_cat-sin-categorizar","10":"first","11":"instock","12":"sale","13":"taxable","14":"shipping-taxable","15":"purchasable","16":"product-type-simple"},"uagb_featured_image_src":{"full":["https:\/\/rms-enlinea.com.ar\/wp-content\/uploads\/2025\/11\/D_659362-MLA97759916672_112025-F.jpg",1200,865,false],"thumbnail":["https:\/\/rms-enlinea.com.ar\/wp-content\/uploads\/2025\/11\/D_659362-MLA97759916672_112025-F-150x150.jpg",150,150,true],"medium":["https:\/\/rms-enlinea.com.ar\/wp-content\/uploads\/2025\/11\/D_659362-MLA97759916672_112025-F-300x216.jpg",300,216,true],"medium_large":["https:\/\/rms-enlinea.com.ar\/wp-content\/uploads\/2025\/11\/D_659362-MLA97759916672_112025-F-768x554.jpg",768,554,true],"large":["https:\/\/rms-enlinea.com.ar\/wp-content\/uploads\/2025\/11\/D_659362-MLA97759916672_112025-F-1024x738.jpg",1024,738,true],"1536x1536":["https:\/\/rms-enlinea.com.ar\/wp-content\/uploads\/2025\/11\/D_659362-MLA97759916672_112025-F.jpg",1200,865,false],"2048x2048":["https:\/\/rms-enlinea.com.ar\/wp-content\/uploads\/2025\/11\/D_659362-MLA97759916672_112025-F.jpg",1200,865,false],"woocommerce_thumbnail":["https:\/\/rms-enlinea.com.ar\/wp-content\/uploads\/2025\/11\/D_659362-MLA97759916672_112025-F-450x450.jpg",450,450,true],"woocommerce_single":["https:\/\/rms-enlinea.com.ar\/wp-content\/uploads\/2025\/11\/D_659362-MLA97759916672_112025-F-600x433.jpg",600,433,true],"woocommerce_gallery_thumbnail":["https:\/\/rms-enlinea.com.ar\/wp-content\/uploads\/2025\/11\/D_659362-MLA97759916672_112025-F-100x100.jpg",100,100,true]},"uagb_author_info":{"display_name":"nelson","author_link":"https:\/\/rms-enlinea.com.ar\/tienda\/author\/"},"uagb_comment_info":0,"uagb_excerpt":"IMAGEN ILUSTRATIVA NO INCLUYE SISTEMA OPERATIVO Procesador AMD Ryzen 3-3200G Memoria RAM 8Gb DDR4 3200 Mhz (1 slot libre) Almacenamiento Disco M.2 256Gb Tama\u00f1o Monitor 23.8&#8243; Resoluci\u00f3n 1920x1080FHD Iluminaci\u00f3n LED Frecuencia de Actualizaci\u00f3n 75Hz Tiempor de Respuesta 14ms VESA 75x75mm Input DC+VGA+HDMI Alimentaci\u00f3n 12V, 2A","_links":{"self":[{"href":"https:\/\/rms-enlinea.com.ar\/tienda\/wp-json\/wp\/v2\/product\/58282","targetHints":{"allow":["GET"]}}],"collection":[{"href":"https:\/\/rms-enlinea.com.ar\/tienda\/wp-json\/wp\/v2\/product"}],"about":[{"href":"https:\/\/rms-enlinea.com.ar\/tienda\/wp-json\/wp\/v2\/types\/product"}],"replies":[{"embeddable":true,"href":"https:\/\/rms-enlinea.com.ar\/tienda\/wp-json\/wp\/v2\/comments?post=58282"}],"wp:featuredmedia":[{"embeddable":true,"href":"https:\/\/rms-enlinea.com.ar\/tienda\/wp-json\/wp\/v2\/media\/58283"}],"wp:attachment":[{"href":"https:\/\/rms-enlinea.com.ar\/tienda\/wp-json\/wp\/v2\/media?parent=58282"}],"wp:term":[{"taxonomy":"product_brand","embeddable":true,"href":"https:\/\/rms-enlinea.com.ar\/tienda\/wp-json\/wp\/v2\/product_brand?post=58282"},{"taxonomy":"product_cat","embeddable":true,"href":"https:\/\/rms-enlinea.com.ar\/tienda\/wp-json\/wp\/v2\/product_cat?post=58282"},{"taxonomy":"product_tag","embeddable":true,"href":"https:\/\/rms-enlinea.com.ar\/tienda\/wp-json\/wp\/v2\/product_tag?post=58282"}],"curies":[{"name":"wp","href":"https:\/\/api.w.org\/{rel}","templated":true}]}}