{"id":58288,"date":"2025-11-13T11:00:06","date_gmt":"2025-11-13T14:00:06","guid":{"rendered":"https:\/\/rms-enlinea.com.ar\/tienda\/producto\/water-cooling-corsair-icue-link-titan-360-rx-cw-9061023-ww\/"},"modified":"2026-04-06T13:45:50","modified_gmt":"2026-04-06T16:45:50","slug":"water-cooling-corsair-icue-link-titan-360-rx-cw-9061023-ww","status":"publish","type":"product","link":"https:\/\/rms-enlinea.com.ar\/tienda\/producto\/water-cooling-corsair-icue-link-titan-360-rx-cw-9061023-ww\/","title":{"rendered":"Water Cooling Corsair Icue Link Titan 360 Rx Cw-9061023-ww"},"content":{"rendered":"<p>Refrigeraci\u00f3n l\u00edquida de CPU iCUE LINK TITAN 360 RX LCD<br \/>\nEl CORSAIR iCUE LINK TITAN RX LCD ofrece una refrigeraci\u00f3n ultrasilenciosa de alto rendimiento con rendimiento t\u00e9rmico y conectividad iCUE LINK optimizados, adem\u00e1s de iluminaci\u00f3n RGB din\u00e1mica.<br \/>\nLa pantalla LCD personalizable muestra temperaturas del sistema, im\u00e1genes y GIF animados<br \/>\nMotor de refrigeraci\u00f3n FlowDrive con motor trif\u00e1sico para una m\u00e1xima eficiencia t\u00e9rmica<br \/>\nTres ventiladores RX120 RGB de alto rendimiento<br \/>\nCompatibilidad total con los z\u00f3calos Intel LGA 1851 y AMD AM5<br \/>\n44 LED RGB direccionables individualmente en la bomba y la tapa, m\u00e1s 8 adicionales en cada ventilador<br \/>\n\u20ac299,90Current price: 299,90 \u20ac<\/p>\n","protected":false},"excerpt":{"rendered":"<p>Refrigeraci\u00f3n l\u00edquida de CPU iCUE LINK TITAN 360 RX LCD El CORSAIR iCUE LINK TITAN RX LCD ofrece una refrigeraci\u00f3n ultrasilenciosa de alto rendimiento con rendimiento t\u00e9rmico y conectividad iCUE LINK optimizados, adem\u00e1s de iluminaci\u00f3n RGB din\u00e1mica. La pantalla LCD personalizable muestra temperaturas del sistema, im\u00e1genes y GIF animados Motor de refrigeraci\u00f3n FlowDrive con motor [&hellip;]<\/p>\n","protected":false},"featured_media":58289,"comment_status":"open","ping_status":"closed","template":"","meta":{"_uag_custom_page_level_css":""},"product_brand":[555],"product_cat":[105],"product_tag":[],"class_list":{"0":"post-58288","1":"product","2":"type-product","3":"status-publish","4":"has-post-thumbnail","6":"product_brand-corsair","7":"product_cat-cooler-y-sistemas-de-refrigeracion","9":"first","10":"outofstock","11":"sale","12":"taxable","13":"shipping-taxable","14":"purchasable","15":"product-type-simple"},"uagb_featured_image_src":{"full":["https:\/\/rms-enlinea.com.ar\/wp-content\/uploads\/2025\/11\/D_714665-MLA98227122353_112025-F.jpg",1200,446,false],"thumbnail":["https:\/\/rms-enlinea.com.ar\/wp-content\/uploads\/2025\/11\/D_714665-MLA98227122353_112025-F-150x150.jpg",150,150,true],"medium":["https:\/\/rms-enlinea.com.ar\/wp-content\/uploads\/2025\/11\/D_714665-MLA98227122353_112025-F-300x112.jpg",300,112,true],"medium_large":["https:\/\/rms-enlinea.com.ar\/wp-content\/uploads\/2025\/11\/D_714665-MLA98227122353_112025-F-768x285.jpg",768,285,true],"large":["https:\/\/rms-enlinea.com.ar\/wp-content\/uploads\/2025\/11\/D_714665-MLA98227122353_112025-F-1024x381.jpg",1024,381,true],"1536x1536":["https:\/\/rms-enlinea.com.ar\/wp-content\/uploads\/2025\/11\/D_714665-MLA98227122353_112025-F.jpg",1200,446,false],"2048x2048":["https:\/\/rms-enlinea.com.ar\/wp-content\/uploads\/2025\/11\/D_714665-MLA98227122353_112025-F.jpg",1200,446,false],"woocommerce_thumbnail":["https:\/\/rms-enlinea.com.ar\/wp-content\/uploads\/2025\/11\/D_714665-MLA98227122353_112025-F-450x446.jpg",450,446,true],"woocommerce_single":["https:\/\/rms-enlinea.com.ar\/wp-content\/uploads\/2025\/11\/D_714665-MLA98227122353_112025-F-600x223.jpg",600,223,true],"woocommerce_gallery_thumbnail":["https:\/\/rms-enlinea.com.ar\/wp-content\/uploads\/2025\/11\/D_714665-MLA98227122353_112025-F-100x100.jpg",100,100,true]},"uagb_author_info":{"display_name":"nelson","author_link":"https:\/\/rms-enlinea.com.ar\/tienda\/author\/"},"uagb_comment_info":0,"uagb_excerpt":"Refrigeraci\u00f3n l\u00edquida de CPU iCUE LINK TITAN 360 RX LCD El CORSAIR iCUE LINK TITAN RX LCD ofrece una refrigeraci\u00f3n ultrasilenciosa de alto rendimiento con rendimiento t\u00e9rmico y conectividad iCUE LINK optimizados, adem\u00e1s de iluminaci\u00f3n RGB din\u00e1mica. La pantalla LCD personalizable muestra temperaturas del sistema, im\u00e1genes y GIF animados Motor de refrigeraci\u00f3n FlowDrive con motor&hellip;","_links":{"self":[{"href":"https:\/\/rms-enlinea.com.ar\/tienda\/wp-json\/wp\/v2\/product\/58288","targetHints":{"allow":["GET"]}}],"collection":[{"href":"https:\/\/rms-enlinea.com.ar\/tienda\/wp-json\/wp\/v2\/product"}],"about":[{"href":"https:\/\/rms-enlinea.com.ar\/tienda\/wp-json\/wp\/v2\/types\/product"}],"replies":[{"embeddable":true,"href":"https:\/\/rms-enlinea.com.ar\/tienda\/wp-json\/wp\/v2\/comments?post=58288"}],"wp:featuredmedia":[{"embeddable":true,"href":"https:\/\/rms-enlinea.com.ar\/tienda\/wp-json\/wp\/v2\/media\/58289"}],"wp:attachment":[{"href":"https:\/\/rms-enlinea.com.ar\/tienda\/wp-json\/wp\/v2\/media?parent=58288"}],"wp:term":[{"taxonomy":"product_brand","embeddable":true,"href":"https:\/\/rms-enlinea.com.ar\/tienda\/wp-json\/wp\/v2\/product_brand?post=58288"},{"taxonomy":"product_cat","embeddable":true,"href":"https:\/\/rms-enlinea.com.ar\/tienda\/wp-json\/wp\/v2\/product_cat?post=58288"},{"taxonomy":"product_tag","embeddable":true,"href":"https:\/\/rms-enlinea.com.ar\/tienda\/wp-json\/wp\/v2\/product_tag?post=58288"}],"curies":[{"name":"wp","href":"https:\/\/api.w.org\/{rel}","templated":true}]}}