{"id":58329,"date":"2025-11-13T16:30:13","date_gmt":"2025-11-13T19:30:13","guid":{"rendered":"https:\/\/rms-enlinea.com.ar\/tienda\/producto\/router-tp-link-ex520-ax3000-wifi-6-dual-band-4-antenas\/"},"modified":"2026-04-21T03:38:00","modified_gmt":"2026-04-21T06:38:00","slug":"router-tp-link-ex520-ax3000-wifi-6-dual-band-4-antenas","status":"publish","type":"product","link":"https:\/\/rms-enlinea.com.ar\/tienda\/producto\/router-tp-link-ex520-ax3000-wifi-6-dual-band-4-antenas\/","title":{"rendered":"Router Tp-link Ex520 Ax3000 Wifi 6 Dual Band 4 Antenas"},"content":{"rendered":"<p>CARACTER\u00cdSTICAS DE HARDWARE<br \/>\nInterfaz 1\u00d7 Puerto WAN RJ45 10\/100\/1000 Mbps<br \/>\n4\u00d7 Puertos LAN RJ45 10\/100\/1000 Mbps<br \/>\nBotones Bot\u00f3n de encendido\/apagado, bot\u00f3n de reinicio, bot\u00f3n Wi-Fi\/WPS<br \/>\nFuente de alimentaci\u00f3n externa 12V \/ 1.5A<br \/>\nDimensiones (An x Pr x Al) 10.2 \u00d7 5.3 \u00d7 1.5 in (260.2 \u00d7 135.0 \u00d7 41.6 mm)<br \/>\nAntena Cuatro antenas externas de alto rendimiento<br \/>\nCARACTER\u00cdSTICAS INAL\u00c1MBRICAS<br \/>\nEst\u00e1ndares inal\u00e1mbricos IEEE 802.11a\/n\/ac\/ax 5 GHz<br \/>\nIEEE 802.11b\/g\/n\/ax 2.4 GHz<br \/>\nFrecuencia 2.4 GHz y 5 GHz<br \/>\nTasa de se\u00f1al AX3000<br \/>\n5 GHz: hasta 2402 Mbps<br \/>\n2.4 GHz: hasta 574 Mbps<br \/>\nFunciones inal\u00e1mbricas Habilitar\/Deshabilitar radio inal\u00e1mbrica, WMM, estad\u00edsticas inal\u00e1mbricas<br \/>\nPotencia de transmisi\u00f3n CE:<br \/>\nMulti-SSID 2\u00d7 Multi-SSID en 5 GHz<br \/>\n2\u00d7 Multi-SSID en 2.4 GHz<br \/>\nHorario inal\u00e1mbrico Compatible con programaci\u00f3n inal\u00e1mbrica en 2.4 GHz y 5 GHz<br \/>\nTecnolog\u00eda Mesh Compatible con EasyMesh y soporta 802.11k\/v\/r<\/p>\n","protected":false},"excerpt":{"rendered":"<p>CARACTER\u00cdSTICAS DE HARDWARE Interfaz 1\u00d7 Puerto WAN RJ45 10\/100\/1000 Mbps 4\u00d7 Puertos LAN RJ45 10\/100\/1000 Mbps Botones Bot\u00f3n de encendido\/apagado, bot\u00f3n de reinicio, bot\u00f3n Wi-Fi\/WPS Fuente de alimentaci\u00f3n externa 12V \/ 1.5A Dimensiones (An x Pr x Al) 10.2 \u00d7 5.3 \u00d7 1.5 in (260.2 \u00d7 135.0 \u00d7 41.6 mm) Antena Cuatro antenas externas de [&hellip;]<\/p>\n","protected":false},"featured_media":58330,"comment_status":"open","ping_status":"closed","template":"","meta":{"_uag_custom_page_level_css":""},"product_brand":[546],"product_cat":[122],"product_tag":[],"class_list":{"0":"post-58329","1":"product","2":"type-product","3":"status-publish","4":"has-post-thumbnail","6":"product_brand-tplink","7":"product_cat-redes-y-conectividad","9":"first","10":"outofstock","11":"sale","12":"taxable","13":"shipping-taxable","14":"purchasable","15":"product-type-simple"},"uagb_featured_image_src":{"full":["https:\/\/rms-enlinea.com.ar\/wp-content\/uploads\/2025\/11\/D_611719-MLA97787415238_112025-F.jpg",1200,778,false],"thumbnail":["https:\/\/rms-enlinea.com.ar\/wp-content\/uploads\/2025\/11\/D_611719-MLA97787415238_112025-F-150x150.jpg",150,150,true],"medium":["https:\/\/rms-enlinea.com.ar\/wp-content\/uploads\/2025\/11\/D_611719-MLA97787415238_112025-F-300x195.jpg",300,195,true],"medium_large":["https:\/\/rms-enlinea.com.ar\/wp-content\/uploads\/2025\/11\/D_611719-MLA97787415238_112025-F-768x498.jpg",768,498,true],"large":["https:\/\/rms-enlinea.com.ar\/wp-content\/uploads\/2025\/11\/D_611719-MLA97787415238_112025-F-1024x664.jpg",1024,664,true],"1536x1536":["https:\/\/rms-enlinea.com.ar\/wp-content\/uploads\/2025\/11\/D_611719-MLA97787415238_112025-F.jpg",1200,778,false],"2048x2048":["https:\/\/rms-enlinea.com.ar\/wp-content\/uploads\/2025\/11\/D_611719-MLA97787415238_112025-F.jpg",1200,778,false],"woocommerce_thumbnail":["https:\/\/rms-enlinea.com.ar\/wp-content\/uploads\/2025\/11\/D_611719-MLA97787415238_112025-F-450x450.jpg",450,450,true],"woocommerce_single":["https:\/\/rms-enlinea.com.ar\/wp-content\/uploads\/2025\/11\/D_611719-MLA97787415238_112025-F-600x389.jpg",600,389,true],"woocommerce_gallery_thumbnail":["https:\/\/rms-enlinea.com.ar\/wp-content\/uploads\/2025\/11\/D_611719-MLA97787415238_112025-F-100x100.jpg",100,100,true]},"uagb_author_info":{"display_name":"nelson","author_link":"https:\/\/rms-enlinea.com.ar\/tienda\/author\/"},"uagb_comment_info":0,"uagb_excerpt":"CARACTER\u00cdSTICAS DE HARDWARE Interfaz 1\u00d7 Puerto WAN RJ45 10\/100\/1000 Mbps 4\u00d7 Puertos LAN RJ45 10\/100\/1000 Mbps Botones Bot\u00f3n de encendido\/apagado, bot\u00f3n de reinicio, bot\u00f3n Wi-Fi\/WPS Fuente de alimentaci\u00f3n externa 12V \/ 1.5A Dimensiones (An x Pr x Al) 10.2 \u00d7 5.3 \u00d7 1.5 in (260.2 \u00d7 135.0 \u00d7 41.6 mm) Antena Cuatro antenas externas de&hellip;","_links":{"self":[{"href":"https:\/\/rms-enlinea.com.ar\/tienda\/wp-json\/wp\/v2\/product\/58329","targetHints":{"allow":["GET"]}}],"collection":[{"href":"https:\/\/rms-enlinea.com.ar\/tienda\/wp-json\/wp\/v2\/product"}],"about":[{"href":"https:\/\/rms-enlinea.com.ar\/tienda\/wp-json\/wp\/v2\/types\/product"}],"replies":[{"embeddable":true,"href":"https:\/\/rms-enlinea.com.ar\/tienda\/wp-json\/wp\/v2\/comments?post=58329"}],"wp:featuredmedia":[{"embeddable":true,"href":"https:\/\/rms-enlinea.com.ar\/tienda\/wp-json\/wp\/v2\/media\/58330"}],"wp:attachment":[{"href":"https:\/\/rms-enlinea.com.ar\/tienda\/wp-json\/wp\/v2\/media?parent=58329"}],"wp:term":[{"taxonomy":"product_brand","embeddable":true,"href":"https:\/\/rms-enlinea.com.ar\/tienda\/wp-json\/wp\/v2\/product_brand?post=58329"},{"taxonomy":"product_cat","embeddable":true,"href":"https:\/\/rms-enlinea.com.ar\/tienda\/wp-json\/wp\/v2\/product_cat?post=58329"},{"taxonomy":"product_tag","embeddable":true,"href":"https:\/\/rms-enlinea.com.ar\/tienda\/wp-json\/wp\/v2\/product_tag?post=58329"}],"curies":[{"name":"wp","href":"https:\/\/api.w.org\/{rel}","templated":true}]}}