{"id":58344,"date":"2025-11-13T17:20:15","date_gmt":"2025-11-13T20:20:15","guid":{"rendered":"https:\/\/rms-enlinea.com.ar\/tienda\/producto\/switch-5-puertos-gigabit-mercusys-ms105g-desktop\/"},"modified":"2026-05-04T12:29:46","modified_gmt":"2026-05-04T15:29:46","slug":"switch-5-puertos-gigabit-mercusys-ms105g-desktop","status":"publish","type":"product","link":"https:\/\/rms-enlinea.com.ar\/tienda\/producto\/switch-5-puertos-gigabit-mercusys-ms105g-desktop\/","title":{"rendered":"Switch 5 Puertos Gigabit Mercusys Ms105g Desktop"},"content":{"rendered":"<p>Hardware<br \/>\nDimensiones (An x Pr x Al) 3,92 \u00d7 3,86 \u00d7 0,99 pulg.<br \/>\nInterfaces 5 \u00d7 10\/100\/1000 Mbps Puertos, Auto-Negociaci\u00f3n, Auto MDI\/MDIX<br \/>\nFuente de alimentaci\u00f3n externa 5V \/ 0.6A<br \/>\nEst\u00e1ndares y protocolos IEEE 802.3, IEEE 802.3u, IEEE 802.3x, CSMA\/CD<br \/>\nTasas de transferencia de datos 10\/100\/1000 Mbps a semid\u00faplex<br \/>\n20\/200\/2000 Mbps a d\u00faplex completo<br \/>\nCapacidad de Buffer 1 Mbit<br \/>\nJumbo Frame 15 K<\/p>\n","protected":false},"excerpt":{"rendered":"<p>Hardware Dimensiones (An x Pr x Al) 3,92 \u00d7 3,86 \u00d7 0,99 pulg. Interfaces 5 \u00d7 10\/100\/1000 Mbps Puertos, Auto-Negociaci\u00f3n, Auto MDI\/MDIX Fuente de alimentaci\u00f3n externa 5V \/ 0.6A Est\u00e1ndares y protocolos IEEE 802.3, IEEE 802.3u, IEEE 802.3x, CSMA\/CD Tasas de transferencia de datos 10\/100\/1000 Mbps a semid\u00faplex 20\/200\/2000 Mbps a d\u00faplex completo Capacidad de [&hellip;]<\/p>\n","protected":false},"featured_media":58345,"comment_status":"open","ping_status":"closed","template":"","meta":{"_uag_custom_page_level_css":""},"product_brand":[605],"product_cat":[122],"product_tag":[],"class_list":{"0":"post-58344","1":"product","2":"type-product","3":"status-publish","4":"has-post-thumbnail","6":"product_brand-mercusys","7":"product_cat-redes-y-conectividad","9":"first","10":"outofstock","11":"sale","12":"taxable","13":"shipping-taxable","14":"purchasable","15":"product-type-simple"},"uagb_featured_image_src":{"full":["https:\/\/rms-enlinea.com.ar\/wp-content\/uploads\/2025\/11\/D_970571-MLA97790682194_112025-F.jpg",1199,452,false],"thumbnail":["https:\/\/rms-enlinea.com.ar\/wp-content\/uploads\/2025\/11\/D_970571-MLA97790682194_112025-F-150x150.jpg",150,150,true],"medium":["https:\/\/rms-enlinea.com.ar\/wp-content\/uploads\/2025\/11\/D_970571-MLA97790682194_112025-F-300x113.jpg",300,113,true],"medium_large":["https:\/\/rms-enlinea.com.ar\/wp-content\/uploads\/2025\/11\/D_970571-MLA97790682194_112025-F-768x290.jpg",768,290,true],"large":["https:\/\/rms-enlinea.com.ar\/wp-content\/uploads\/2025\/11\/D_970571-MLA97790682194_112025-F-1024x386.jpg",1024,386,true],"1536x1536":["https:\/\/rms-enlinea.com.ar\/wp-content\/uploads\/2025\/11\/D_970571-MLA97790682194_112025-F.jpg",1199,452,false],"2048x2048":["https:\/\/rms-enlinea.com.ar\/wp-content\/uploads\/2025\/11\/D_970571-MLA97790682194_112025-F.jpg",1199,452,false],"woocommerce_thumbnail":["https:\/\/rms-enlinea.com.ar\/wp-content\/uploads\/2025\/11\/D_970571-MLA97790682194_112025-F-450x450.jpg",450,450,true],"woocommerce_single":["https:\/\/rms-enlinea.com.ar\/wp-content\/uploads\/2025\/11\/D_970571-MLA97790682194_112025-F-600x226.jpg",600,226,true],"woocommerce_gallery_thumbnail":["https:\/\/rms-enlinea.com.ar\/wp-content\/uploads\/2025\/11\/D_970571-MLA97790682194_112025-F-100x100.jpg",100,100,true]},"uagb_author_info":{"display_name":"nelson","author_link":"https:\/\/rms-enlinea.com.ar\/tienda\/author\/"},"uagb_comment_info":0,"uagb_excerpt":"Hardware Dimensiones (An x Pr x Al) 3,92 \u00d7 3,86 \u00d7 0,99 pulg. Interfaces 5 \u00d7 10\/100\/1000 Mbps Puertos, Auto-Negociaci\u00f3n, Auto MDI\/MDIX Fuente de alimentaci\u00f3n externa 5V \/ 0.6A Est\u00e1ndares y protocolos IEEE 802.3, IEEE 802.3u, IEEE 802.3x, CSMA\/CD Tasas de transferencia de datos 10\/100\/1000 Mbps a semid\u00faplex 20\/200\/2000 Mbps a d\u00faplex completo Capacidad de&hellip;","_links":{"self":[{"href":"https:\/\/rms-enlinea.com.ar\/tienda\/wp-json\/wp\/v2\/product\/58344","targetHints":{"allow":["GET"]}}],"collection":[{"href":"https:\/\/rms-enlinea.com.ar\/tienda\/wp-json\/wp\/v2\/product"}],"about":[{"href":"https:\/\/rms-enlinea.com.ar\/tienda\/wp-json\/wp\/v2\/types\/product"}],"replies":[{"embeddable":true,"href":"https:\/\/rms-enlinea.com.ar\/tienda\/wp-json\/wp\/v2\/comments?post=58344"}],"wp:featuredmedia":[{"embeddable":true,"href":"https:\/\/rms-enlinea.com.ar\/tienda\/wp-json\/wp\/v2\/media\/58345"}],"wp:attachment":[{"href":"https:\/\/rms-enlinea.com.ar\/tienda\/wp-json\/wp\/v2\/media?parent=58344"}],"wp:term":[{"taxonomy":"product_brand","embeddable":true,"href":"https:\/\/rms-enlinea.com.ar\/tienda\/wp-json\/wp\/v2\/product_brand?post=58344"},{"taxonomy":"product_cat","embeddable":true,"href":"https:\/\/rms-enlinea.com.ar\/tienda\/wp-json\/wp\/v2\/product_cat?post=58344"},{"taxonomy":"product_tag","embeddable":true,"href":"https:\/\/rms-enlinea.com.ar\/tienda\/wp-json\/wp\/v2\/product_tag?post=58344"}],"curies":[{"name":"wp","href":"https:\/\/api.w.org\/{rel}","templated":true}]}}